{"id":1302,"date":"2019-01-23T06:28:49","date_gmt":"2019-01-23T06:28:49","guid":{"rendered":"https:\/\/si-cannaby.com\/cart\/"},"modified":"2023-10-23T08:10:55","modified_gmt":"2023-10-23T06:10:55","slug":"kosarica-2","status":"publish","type":"page","link":"https:\/\/si-cannaby.com\/hr\/kosarica-2\/","title":{"rendered":"Ko\u0161arica"},"content":{"rendered":"<div data-elementor-type=\"wp-page\" data-elementor-id=\"1302\" class=\"elementor elementor-1302\" data-elementor-post-type=\"page\">\n\t\t\t\t\t\t<section class=\"elementor-section elementor-top-section elementor-element elementor-element-6db4754 elementor-section-boxed elementor-section-height-default elementor-section-height-default\" data-id=\"6db4754\" data-element_type=\"section\" data-e-type=\"section\">\n\t\t\t\t\t\t<div class=\"elementor-container elementor-column-gap-default\">\n\t\t\t\t\t<div class=\"elementor-column elementor-col-100 elementor-top-column elementor-element elementor-element-8fc5619\" data-id=\"8fc5619\" data-element_type=\"column\" data-e-type=\"column\">\n\t\t\t<div class=\"elementor-widget-wrap elementor-element-populated\">\n\t\t\t\t\t\t\t<\/div>\n\t\t<\/div>\n\t\t\t\t\t<\/div>\n\t\t<\/section>\n\t\t\t\t<\/div>","protected":false},"excerpt":{"rendered":"<p>Remove item Thumbnail image Izdelek Cena Koli\u010dina Delni znesek CBD konopljine kapljice 25% &#8211; 10ml &euro;119,90 &#8211; CBD konopljine kapljice 25% &#8211; 10ml koli\u010dina + &euro;119,90 CBD konopljine kapljice 5% &#8211; 10ml &euro;19,90 &#8211; CBD konopljine kapljice 5% &#8211; 10ml koli\u010dina + &euro;19,90 Posodobi ko\u0161arico Unov\u010di kupon Skupaj Delni znesek &euro;139,80 Dostava Brezpla\u010dna dostava Osnovna [&hellip;]<\/p>\n","protected":false},"author":1,"featured_media":0,"parent":0,"menu_order":0,"comment_status":"closed","ping_status":"closed","template":"","meta":{"site-sidebar-layout":"default","site-content-layout":"default","ast-site-content-layout":"default","site-content-style":"default","site-sidebar-style":"default","ast-global-header-display":"","ast-banner-title-visibility":"","ast-main-header-display":"","ast-hfb-above-header-display":"","ast-hfb-below-header-display":"","ast-hfb-mobile-header-display":"","site-post-title":"","ast-breadcrumbs-content":"","ast-featured-img":"","footer-sml-layout":"","ast-disable-related-posts":"","theme-transparent-header-meta":"default","adv-header-id-meta":"","stick-header-meta":"","header-above-stick-meta":"","header-main-stick-meta":"","header-below-stick-meta":"","astra-migrate-meta-layouts":"set","ast-page-background-enabled":"default","ast-page-background-meta":{"desktop":{"background-color":"","background-image":"","background-repeat":"repeat","background-position":"center center","background-size":"auto","background-attachment":"scroll","background-type":"","background-media":"","overlay-type":"","overlay-color":"","overlay-opacity":"","overlay-gradient":""},"tablet":{"background-color":"","background-image":"","background-repeat":"repeat","background-position":"center center","background-size":"auto","background-attachment":"scroll","background-type":"","background-media":"","overlay-type":"","overlay-color":"","overlay-opacity":"","overlay-gradient":""},"mobile":{"background-color":"","background-image":"","background-repeat":"repeat","background-position":"center center","background-size":"auto","background-attachment":"scroll","background-type":"","background-media":"","overlay-type":"","overlay-color":"","overlay-opacity":"","overlay-gradient":""}},"ast-content-background-meta":{"desktop":{"background-color":"var(--ast-global-color-5)","background-image":"","background-repeat":"repeat","background-position":"center center","background-size":"auto","background-attachment":"scroll","background-type":"","background-media":"","overlay-type":"","overlay-color":"","overlay-opacity":"","overlay-gradient":""},"tablet":{"background-color":"var(--ast-global-color-5)","background-image":"","background-repeat":"repeat","background-position":"center center","background-size":"auto","background-attachment":"scroll","background-type":"","background-media":"","overlay-type":"","overlay-color":"","overlay-opacity":"","overlay-gradient":""},"mobile":{"background-color":"var(--ast-global-color-5)","background-image":"","background-repeat":"repeat","background-position":"center center","background-size":"auto","background-attachment":"scroll","background-type":"","background-media":"","overlay-type":"","overlay-color":"","overlay-opacity":"","overlay-gradient":""}},"footnotes":""},"class_list":["post-1302","page","type-page","status-publish","hentry"],"yoast_head":"<!-- This site is optimized with the Yoast SEO plugin v27.4 - https:\/\/yoast.com\/product\/yoast-seo-wordpress\/ -->\n<title>Ko\u0161arica - Spletna trgovina s CBD izdelki - SI CANNABY<\/title>\n<meta name=\"robots\" content=\"index, follow, max-snippet:-1, max-image-preview:large, max-video-preview:-1\" \/>\n<link rel=\"canonical\" href=\"https:\/\/si-cannaby.com\/hr\/kosarica-2\/\" \/>\n<meta property=\"og:locale\" content=\"hr_HR\" \/>\n<meta property=\"og:type\" content=\"article\" \/>\n<meta property=\"og:title\" content=\"Ko\u0161arica - Spletna trgovina s CBD izdelki - SI CANNABY\" \/>\n<meta property=\"og:description\" content=\"Remove item Thumbnail image Izdelek Cena Koli\u010dina Delni znesek CBD konopljine kapljice 25% &#8211; 10ml &euro;119,90 &#8211; CBD konopljine kapljice 25% &#8211; 10ml koli\u010dina + &euro;119,90 CBD konopljine kapljice 5% &#8211; 10ml &euro;19,90 &#8211; CBD konopljine kapljice 5% &#8211; 10ml koli\u010dina + &euro;19,90 Posodobi ko\u0161arico Unov\u010di kupon Skupaj Delni znesek &euro;139,80 Dostava Brezpla\u010dna dostava Osnovna [&hellip;]\" \/>\n<meta property=\"og:url\" content=\"https:\/\/si-cannaby.com\/hr\/kosarica-2\/\" \/>\n<meta property=\"og:site_name\" content=\"Spletna trgovina s CBD izdelki - SI CANNABY\" \/>\n<meta property=\"article:publisher\" content=\"https:\/\/www.facebook.com\/people\/SI-cannaby\/100064213053948\/\" \/>\n<meta property=\"article:modified_time\" content=\"2023-10-23T06:10:55+00:00\" \/>\n<meta property=\"og:image\" content=\"https:\/\/si-cannaby.com\/wp-content\/uploads\/2021\/06\/CBD-25__1-1-300x300.webp\" \/>\n<meta name=\"twitter:card\" content=\"summary_large_image\" \/>\n<script type=\"application\/ld+json\" class=\"yoast-schema-graph\">{\"@context\":\"https:\\\/\\\/schema.org\",\"@graph\":[{\"@type\":\"WebPage\",\"@id\":\"https:\\\/\\\/si-cannaby.com\\\/kosarica-2\\\/\",\"url\":\"https:\\\/\\\/si-cannaby.com\\\/kosarica-2\\\/\",\"name\":\"Ko\u0161arica - Spletna trgovina s CBD izdelki - SI CANNABY\",\"isPartOf\":{\"@id\":\"https:\\\/\\\/si-cannaby.com\\\/#website\"},\"primaryImageOfPage\":{\"@id\":\"https:\\\/\\\/si-cannaby.com\\\/kosarica-2\\\/#primaryimage\"},\"image\":{\"@id\":\"https:\\\/\\\/si-cannaby.com\\\/kosarica-2\\\/#primaryimage\"},\"thumbnailUrl\":\"https:\\\/\\\/si-cannaby.com\\\/wp-content\\\/uploads\\\/2021\\\/06\\\/CBD-25__1-1-300x300.webp\",\"datePublished\":\"2019-01-23T06:28:49+00:00\",\"dateModified\":\"2023-10-23T06:10:55+00:00\",\"breadcrumb\":{\"@id\":\"https:\\\/\\\/si-cannaby.com\\\/kosarica-2\\\/#breadcrumb\"},\"inLanguage\":\"hr\",\"potentialAction\":[{\"@type\":\"ReadAction\",\"target\":[\"https:\\\/\\\/si-cannaby.com\\\/kosarica-2\\\/\"]}]},{\"@type\":\"ImageObject\",\"inLanguage\":\"hr\",\"@id\":\"https:\\\/\\\/si-cannaby.com\\\/kosarica-2\\\/#primaryimage\",\"url\":\"https:\\\/\\\/si-cannaby.com\\\/wp-content\\\/uploads\\\/2021\\\/06\\\/CBD-25__1-1-300x300.webp\",\"contentUrl\":\"https:\\\/\\\/si-cannaby.com\\\/wp-content\\\/uploads\\\/2021\\\/06\\\/CBD-25__1-1-300x300.webp\"},{\"@type\":\"BreadcrumbList\",\"@id\":\"https:\\\/\\\/si-cannaby.com\\\/kosarica-2\\\/#breadcrumb\",\"itemListElement\":[{\"@type\":\"ListItem\",\"position\":1,\"name\":\"Domov\",\"item\":\"https:\\\/\\\/si-cannaby.com\\\/\"},{\"@type\":\"ListItem\",\"position\":2,\"name\":\"Ko\u0161arica\"}]},{\"@type\":\"WebSite\",\"@id\":\"https:\\\/\\\/si-cannaby.com\\\/#website\",\"url\":\"https:\\\/\\\/si-cannaby.com\\\/\",\"name\":\"CBD kapljice in smola - Spletna trgovina\",\"description\":\"\",\"publisher\":{\"@id\":\"https:\\\/\\\/si-cannaby.com\\\/#organization\"},\"alternateName\":\"SI CANNABY\",\"potentialAction\":[{\"@type\":\"SearchAction\",\"target\":{\"@type\":\"EntryPoint\",\"urlTemplate\":\"https:\\\/\\\/si-cannaby.com\\\/?s={search_term_string}\"},\"query-input\":{\"@type\":\"PropertyValueSpecification\",\"valueRequired\":true,\"valueName\":\"search_term_string\"}}],\"inLanguage\":\"hr\"},{\"@type\":\"Organization\",\"@id\":\"https:\\\/\\\/si-cannaby.com\\\/#organization\",\"name\":\"SI CANNABY\",\"alternateName\":\"Spletna prodaja konopljinih CBD izdelkov\",\"url\":\"https:\\\/\\\/si-cannaby.com\\\/\",\"logo\":{\"@type\":\"ImageObject\",\"inLanguage\":\"hr\",\"@id\":\"https:\\\/\\\/si-cannaby.com\\\/#\\\/schema\\\/logo\\\/image\\\/\",\"url\":\"https:\\\/\\\/si-cannaby.com\\\/wp-content\\\/uploads\\\/2022\\\/10\\\/LOGO11-1.webp\",\"contentUrl\":\"https:\\\/\\\/si-cannaby.com\\\/wp-content\\\/uploads\\\/2022\\\/10\\\/LOGO11-1.webp\",\"width\":992,\"height\":198,\"caption\":\"SI CANNABY\"},\"image\":{\"@id\":\"https:\\\/\\\/si-cannaby.com\\\/#\\\/schema\\\/logo\\\/image\\\/\"},\"sameAs\":[\"https:\\\/\\\/www.facebook.com\\\/people\\\/SI-cannaby\\\/100064213053948\\\/\"]}]}<\/script>\n<!-- \/ Yoast SEO plugin. -->","yoast_head_json":{"title":"Ko\u0161arica - Spletna trgovina s CBD izdelki - SI CANNABY","robots":{"index":"index","follow":"follow","max-snippet":"max-snippet:-1","max-image-preview":"max-image-preview:large","max-video-preview":"max-video-preview:-1"},"canonical":"https:\/\/si-cannaby.com\/hr\/kosarica-2\/","og_locale":"hr_HR","og_type":"article","og_title":"Ko\u0161arica - Spletna trgovina s CBD izdelki - SI CANNABY","og_description":"Remove item Thumbnail image Izdelek Cena Koli\u010dina Delni znesek CBD konopljine kapljice 25% &#8211; 10ml &euro;119,90 &#8211; CBD konopljine kapljice 25% &#8211; 10ml koli\u010dina + &euro;119,90 CBD konopljine kapljice 5% &#8211; 10ml &euro;19,90 &#8211; CBD konopljine kapljice 5% &#8211; 10ml koli\u010dina + &euro;19,90 Posodobi ko\u0161arico Unov\u010di kupon Skupaj Delni znesek &euro;139,80 Dostava Brezpla\u010dna dostava Osnovna [&hellip;]","og_url":"https:\/\/si-cannaby.com\/hr\/kosarica-2\/","og_site_name":"Spletna trgovina s CBD izdelki - SI CANNABY","article_publisher":"https:\/\/www.facebook.com\/people\/SI-cannaby\/100064213053948\/","article_modified_time":"2023-10-23T06:10:55+00:00","og_image":[{"url":"https:\/\/si-cannaby.com\/wp-content\/uploads\/2021\/06\/CBD-25__1-1-300x300.webp","type":"","width":"","height":""}],"twitter_card":"summary_large_image","schema":{"@context":"https:\/\/schema.org","@graph":[{"@type":"WebPage","@id":"https:\/\/si-cannaby.com\/kosarica-2\/","url":"https:\/\/si-cannaby.com\/kosarica-2\/","name":"Ko\u0161arica - Spletna trgovina s CBD izdelki - SI CANNABY","isPartOf":{"@id":"https:\/\/si-cannaby.com\/#website"},"primaryImageOfPage":{"@id":"https:\/\/si-cannaby.com\/kosarica-2\/#primaryimage"},"image":{"@id":"https:\/\/si-cannaby.com\/kosarica-2\/#primaryimage"},"thumbnailUrl":"https:\/\/si-cannaby.com\/wp-content\/uploads\/2021\/06\/CBD-25__1-1-300x300.webp","datePublished":"2019-01-23T06:28:49+00:00","dateModified":"2023-10-23T06:10:55+00:00","breadcrumb":{"@id":"https:\/\/si-cannaby.com\/kosarica-2\/#breadcrumb"},"inLanguage":"hr","potentialAction":[{"@type":"ReadAction","target":["https:\/\/si-cannaby.com\/kosarica-2\/"]}]},{"@type":"ImageObject","inLanguage":"hr","@id":"https:\/\/si-cannaby.com\/kosarica-2\/#primaryimage","url":"https:\/\/si-cannaby.com\/wp-content\/uploads\/2021\/06\/CBD-25__1-1-300x300.webp","contentUrl":"https:\/\/si-cannaby.com\/wp-content\/uploads\/2021\/06\/CBD-25__1-1-300x300.webp"},{"@type":"BreadcrumbList","@id":"https:\/\/si-cannaby.com\/kosarica-2\/#breadcrumb","itemListElement":[{"@type":"ListItem","position":1,"name":"Domov","item":"https:\/\/si-cannaby.com\/"},{"@type":"ListItem","position":2,"name":"Ko\u0161arica"}]},{"@type":"WebSite","@id":"https:\/\/si-cannaby.com\/#website","url":"https:\/\/si-cannaby.com\/","name":"CBD kapljice in smola - Spletna trgovina","description":"","publisher":{"@id":"https:\/\/si-cannaby.com\/#organization"},"alternateName":"SI CANNABY","potentialAction":[{"@type":"SearchAction","target":{"@type":"EntryPoint","urlTemplate":"https:\/\/si-cannaby.com\/?s={search_term_string}"},"query-input":{"@type":"PropertyValueSpecification","valueRequired":true,"valueName":"search_term_string"}}],"inLanguage":"hr"},{"@type":"Organization","@id":"https:\/\/si-cannaby.com\/#organization","name":"SI CANNABY","alternateName":"Spletna prodaja konopljinih CBD izdelkov","url":"https:\/\/si-cannaby.com\/","logo":{"@type":"ImageObject","inLanguage":"hr","@id":"https:\/\/si-cannaby.com\/#\/schema\/logo\/image\/","url":"https:\/\/si-cannaby.com\/wp-content\/uploads\/2022\/10\/LOGO11-1.webp","contentUrl":"https:\/\/si-cannaby.com\/wp-content\/uploads\/2022\/10\/LOGO11-1.webp","width":992,"height":198,"caption":"SI CANNABY"},"image":{"@id":"https:\/\/si-cannaby.com\/#\/schema\/logo\/image\/"},"sameAs":["https:\/\/www.facebook.com\/people\/SI-cannaby\/100064213053948\/"]}]}},"rttpg_featured_image_url":null,"rttpg_author":{"display_name":"admin","author_link":"https:\/\/si-cannaby.com\/hr\/author\/admin\/"},"rttpg_comment":0,"rttpg_category":null,"rttpg_excerpt":"Remove item Thumbnail image Izdelek Cena Koli\u010dina Delni znesek CBD konopljine kapljice 25% &#8211; 10ml &euro;119,90 &#8211; CBD konopljine kapljice 25% &#8211; 10ml koli\u010dina + &euro;119,90 CBD konopljine kapljice 5% &#8211; 10ml &euro;19,90 &#8211; CBD konopljine kapljice 5% &#8211; 10ml koli\u010dina + &euro;19,90 Posodobi ko\u0161arico Unov\u010di kupon Skupaj Delni znesek &euro;139,80 Dostava Brezpla\u010dna dostava Osnovna&hellip;","_links":{"self":[{"href":"https:\/\/si-cannaby.com\/hr\/wp-json\/wp\/v2\/pages\/1302","targetHints":{"allow":["GET"]}}],"collection":[{"href":"https:\/\/si-cannaby.com\/hr\/wp-json\/wp\/v2\/pages"}],"about":[{"href":"https:\/\/si-cannaby.com\/hr\/wp-json\/wp\/v2\/types\/page"}],"author":[{"embeddable":true,"href":"https:\/\/si-cannaby.com\/hr\/wp-json\/wp\/v2\/users\/1"}],"replies":[{"embeddable":true,"href":"https:\/\/si-cannaby.com\/hr\/wp-json\/wp\/v2\/comments?post=1302"}],"version-history":[{"count":0,"href":"https:\/\/si-cannaby.com\/hr\/wp-json\/wp\/v2\/pages\/1302\/revisions"}],"wp:attachment":[{"href":"https:\/\/si-cannaby.com\/hr\/wp-json\/wp\/v2\/media?parent=1302"}],"curies":[{"name":"wp","href":"https:\/\/api.w.org\/{rel}","templated":true}]}}