{"id":7543,"date":"2022-10-19T15:06:40","date_gmt":"2022-10-19T13:06:40","guid":{"rendered":"https:\/\/si-cannaby.com\/?page_id=7543"},"modified":"2023-10-18T09:56:56","modified_gmt":"2023-10-18T07:56:56","slug":"kaj-je-polni-spekter-full-spectrum-cbd","status":"publish","type":"page","link":"https:\/\/si-cannaby.com\/hr\/kaj-je-polni-spekter-full-spectrum-cbd\/","title":{"rendered":"KAJ JE POLNI SPEKTER (FULL SPECTRUM) CBD?"},"content":{"rendered":"<div data-elementor-type=\"wp-page\" data-elementor-id=\"7543\" class=\"elementor elementor-7543\" data-elementor-post-type=\"page\">\n\t\t\t\t\t\t<section class=\"elementor-section elementor-top-section elementor-element elementor-element-38fbde5 elementor-section-boxed elementor-section-height-default elementor-section-height-default\" data-id=\"38fbde5\" data-element_type=\"section\" data-e-type=\"section\" data-settings=\"{&quot;background_background&quot;:&quot;classic&quot;}\">\n\t\t\t\t\t\t\t<div class=\"elementor-background-overlay\"><\/div>\n\t\t\t\t\t\t\t<div class=\"elementor-container elementor-column-gap-default\">\n\t\t\t\t\t<div class=\"elementor-column elementor-col-100 elementor-top-column elementor-element elementor-element-395fc43\" data-id=\"395fc43\" data-element_type=\"column\" data-e-type=\"column\">\n\t\t\t<div class=\"elementor-widget-wrap elementor-element-populated\">\n\t\t\t\t\t\t<div class=\"elementor-element elementor-element-8fdb97d elementor-widget elementor-widget-heading\" data-id=\"8fdb97d\" data-element_type=\"widget\" data-e-type=\"widget\" data-widget_type=\"heading.default\">\n\t\t\t\t<div class=\"elementor-widget-container\">\n\t\t\t\t\t<h2 class=\"elementor-heading-title elementor-size-default\">KAJ JE POLNI SPEKTER  (FULL SPECTRUM)?<\/h2>\t\t\t\t<\/div>\n\t\t\t\t<\/div>\n\t\t\t\t\t<\/div>\n\t\t<\/div>\n\t\t\t\t\t<\/div>\n\t\t<\/section>\n\t\t\t\t<section class=\"elementor-section elementor-top-section elementor-element elementor-element-af8d692 elementor-section-boxed elementor-section-height-default elementor-section-height-default\" data-id=\"af8d692\" data-element_type=\"section\" data-e-type=\"section\" data-settings=\"{&quot;background_background&quot;:&quot;classic&quot;}\">\n\t\t\t\t\t\t<div class=\"elementor-container elementor-column-gap-default\">\n\t\t\t\t\t<div class=\"elementor-column elementor-col-100 elementor-top-column elementor-element elementor-element-c368d88\" data-id=\"c368d88\" data-element_type=\"column\" data-e-type=\"column\">\n\t\t\t<div class=\"elementor-widget-wrap elementor-element-populated\">\n\t\t\t\t\t\t<div class=\"elementor-element elementor-element-6a37075 elementor-widget elementor-widget-text-editor\" data-id=\"6a37075\" data-element_type=\"widget\" data-e-type=\"widget\" data-widget_type=\"text-editor.default\">\n\t\t\t\t<div class=\"elementor-widget-container\">\n\t\t\t\t\t\t\t\t\t<h4><strong>Kaj je CBD polnega spektra (FULL SPECTRUM)?<\/strong><\/h4>\n<p>CBD polnega spektra je vrsta ekstrakta, ki vsebuje vse koristne spojine, ki jih naravno najdemo v rastlini konoplje.<\/p>\n<p><strong>Te vklju\u010dujejo:<\/strong><\/p>\n<p><strong><span style=\"color: #ff0000;\">Kanabinoidi:<\/span><\/strong> Obstaja ve\u010d kot 100 kanabinoidov, vklju\u010dno s CBD in tetrahidrokanabinolom (THC). CBD in THC sta odgovorna za terapevtske in psihoaktivne u\u010dinke izdelkov iz konoplje. Medtem ko CBD ne povzro\u010da ob\u010dutka zadetosti, ima THC opojni u\u010dinek.<\/p>\n<p><span style=\"color: #ff0000;\"><strong>Terpeni:<\/strong><\/span> Konoplja ima ve\u010d kot 150 terpenov, ki vplivajo na vonj rastline (pomislite: zakaj pomaran\u010da di\u0161i po citrusih). Terpeni imajo lahko tudi terapevtske koristi (pomislite: kako ima sivka pomirjujo\u010d u\u010dinek).<\/p>\n<p><strong><span style=\"color: #ff0000;\">Flavonoidi:<\/span><\/strong> Konoplja vsebuje pribli\u017eno 20 razli\u010dnih flavonoidov. Flavonoide najdemo v vseh vrstah rastlin, vklju\u010dno s sadjem, zelenjavo, \u017eiti itd. Tako kot terpeni imajo tudi flasvonoidi terapevtske u\u010dinke. Raziskava iz leta 2016 &nbsp;ka\u017ee, da imajo flavonoidi, ki jih najdemo v konoplji, protivnetne, protirakave in nevroprotektivne lastnosti.<\/p>\n<h5><strong>&nbsp;<\/strong><\/h5>\n<h4><strong>Prednosti in slabosti na prvi pogled<\/strong><\/h4>\n<p><span style=\"color: #000080;\"><strong style=\"font-style: inherit;\">Prednosti:<\/strong><\/span><\/p>\n<ul>\n<li>formula polnega spektra nudi prednosti u\u010dinka sinergije<\/li>\n<li>je lahko bolj\u0161e za laj\u0161anje vnetja in bole\u010din<\/li>\n<li>razli\u010dni izdelki so priljubljeni in \u0161iroko dostopni<\/li>\n<\/ul>\n<p><span style=\"color: #000080;\"><strong>Slabosti:<\/strong><\/span><\/p>\n<ul>\n<li>ni za ljudi, ki se \u017eelijo izogniti THC-ju<\/li>\n<li>ve\u010dje tveganje, da bo test na droge pozitiven na THC<\/li>\n<\/ul>\n<h5>&nbsp;<\/h5>\n<h4><strong>Za koga je CBD polnega spektra dober?<\/strong><\/h4>\n<p>CBD je lahko u\u010dinkovit za \u0161tevilna du\u0161evna in fizi\u010dna stanja. Pomembno si je zapomniti, da so izdelki CBD na voljo v \u0161tevilnih razli\u010dnih vrstah. Tako lahko izberete spekter, metodo in odmerek, ki ustreza va\u0161im specifi\u010dnim potrebam.<\/p>\n<p>\u010ce \u017eelite vse prednosti u\u010dinka spremstva \u2013 zlasti kemi\u010dne spojine THC \u2013, potem je CBD &nbsp;s polnim spektrom morda najbolj\u0161a izbira za vas.<\/p>\n<p>Andrew Kerklaan, DC, izvr\u0161ni direktor Dr. Kerklaan Therapeutics, pojasnjuje, da je u\u010dinek okolice, da &#8220;ve\u010d kanabinoidov, flavonoidov in terpenov deluje skupaj, ter &nbsp;da potencialno ponudi ve\u010d koristi in terapevtskega potenciala kot izolirani, posamezni kanabinoidi sami.&#8221;<\/p>\n<p>\u010ce \u017eelite \u0161ir\u0161e u\u010dinke celotne rastline konoplje, je CBD polnega spektra morda najbolj primeren za vas.<\/p>\n<h5>&nbsp;<\/h5>\n<h4><strong>Kak\u0161en je CBD polnega spektra v primerjavi s \u0161irokim spektrom in izolatom?<\/strong><\/h4>\n<p>Najve\u010dja razlika je v tem, da CBD izdelki s polnim spektrom vsebujejo majhne koli\u010dine THC-ja, izdelki \u0161irokega spektra in izolati pa ne.<\/p>\n<p>V CBD-ju &nbsp;\u0161irokega spektra se odstrani THC, zadr\u017ei pa druge kanabinoide, terpene in flavonoide. V CBD izolatu se odstrani vse razen CBD.<\/p>\n<table style=\"height: 278px;\" width=\"320\">\n<tbody>\n<tr>\n<td width=\"24%\">&nbsp;<\/td>\n<td width=\"25%\">\n<p><strong><span style=\"color: #000080;\">CELOTNI SPEKTER<\/span><\/strong><\/p>\n<\/td>\n<td width=\"25%\">\n<p><span style=\"color: #000080;\"><strong>\u0160IROKI SPEKTER<\/strong><\/span><\/p>\n<\/td>\n<td width=\"25%\">\n<p><strong><span style=\"color: #000080;\">IZOLAT<\/span><\/strong><\/p>\n<\/td>\n<\/tr>\n<tr>\n<td width=\"24%\">\n<p><span style=\"color: #000080;\"><strong>CBD<\/strong><\/span><\/p>\n<\/td>\n<td width=\"25%\">\n<p>&nbsp; &nbsp; &nbsp; DA<\/p>\n<\/td>\n<td width=\"25%\">\n<p>&nbsp; &nbsp;DA<\/p>\n<\/td>\n<td width=\"25%\">\n<p>&nbsp; &nbsp;DA<\/p>\n<\/td>\n<\/tr>\n<tr>\n<td width=\"24%\">\n<p><span style=\"color: #000080;\"><strong>THC<\/strong><\/span><\/p>\n<\/td>\n<td width=\"25%\">\n<p>&nbsp; &nbsp; &nbsp; DA<\/p>\n<\/td>\n<td width=\"25%\">\n<p>&nbsp; &nbsp;NE<\/p>\n<\/td>\n<td width=\"25%\">\n<p>&nbsp; &nbsp;NE<\/p>\n<\/td>\n<\/tr>\n<tr>\n<td width=\"24%\">\n<p><span style=\"color: #000080;\"><strong>FLAVONOIDI&nbsp;<\/strong><\/span><\/p>\n<\/td>\n<td width=\"25%\">\n<p>&nbsp; &nbsp; &nbsp; DA<\/p>\n<\/td>\n<td width=\"25%\">\n<p>&nbsp; &nbsp;DA<\/p>\n<\/td>\n<td width=\"25%\">\n<p>&nbsp; &nbsp;NE<\/p>\n<\/td>\n<\/tr>\n<tr>\n<td width=\"24%\">\n<p><span style=\"color: #000080;\"><strong>TERPENI<\/strong><\/span><\/p>\n<\/td>\n<td width=\"25%\">\n<p>&nbsp; &nbsp; &nbsp; DA<\/p>\n<\/td>\n<td width=\"25%\">\n<p>&nbsp; &nbsp;DA<\/p>\n<\/td>\n<td width=\"25%\">\n<p>&nbsp; &nbsp;NE<\/p>\n<\/td>\n<\/tr>\n<\/tbody>\n<\/table>\n<h5>&nbsp;<\/h5>\n<h4><strong>Prednosti CBD-ja polnega spektra<\/strong><\/h4>\n<p>CBD polnega spektra ima nekaj prednosti pred CBD \u0161irokega spektra in izolatom CBD.<\/p>\n<h6>&nbsp;<\/h6>\n<h6><strong>U\u010dinek sinergije<\/strong><\/h6>\n<p>Medtem, ko \u0161tudija iz leta 2015 ka\u017ee, da je lahko CBD sam po sebi koristen, druge raziskave iz leta 2017 ka\u017eejo, da so terapevtski u\u010dinki CBD-ja mo\u010dnej\u0161i v kombinaciji z drugimi spojinami konoplje, vklju\u010dno s terpeni, flavonoidi in manj znanimi kanabinoidi. Ta teorija se imenuje u\u010dinek sinergije.<\/p>\n<p>CBD \u0161irokega spektra sicer vklju\u010duje druge spojine, vendar lahko THC, ki ga najdemo le v izdelkih polnega spektra, pove\u010da protivnetne in protibole\u010dinske koristi CBD-ja.<\/p>\n<p>Upo\u0161tevajte, da z zelo nizko vsebnostjo THC (manj kot 0,2 odstotka) CBD s celotnim spektrom \u0161e vedno ne bi smel povzro\u010diti, da se po\u010dutite &#8220;zadeti&#8221;. Vendar je to odvisno od mo\u010di izdelka in koli\u010dine, ki jo vzamete naenkrat. \u010ce vzamete velik odmerek visoko u\u010dinkovitega izdelka, morda zau\u017eijete dovolj THC, da ta povzro\u010di evfori\u010dni u\u010dinek.<\/p>\n<h6>&nbsp;<\/h6>\n<h6><strong>\u0160iroko dostopen<\/strong><\/h6>\n<p>CBD s polnim spektrom je priljubljena mo\u017enost. Preprosto je najti CBD jedilne izdelke (gumije), lokalne izdelke (kreme ali losjone), podjezi\u010dne izdelke (paste ali kapljice) in tablete ali kapsule.<\/p>\n<h6>&nbsp;<\/h6>\n<h4><strong>Slabosti CBD-ja polnega spektra<\/strong><\/h4>\n<p>Kljub prednostim CBD-ja polnega spektra ima tudi nekaj pomanjkljivosti.<\/p>\n<h6><strong>Vsebuje THC<\/strong><\/h6>\n<p>Ne \u017eelijo vsi THC v svojih CBD izdelkih. Morda se mu raje izognete ali pa vas skrbi, da bo viden &nbsp;na testu za droge. Odvisno od testa je to mo\u017enost, zlasti \u010de kupujete izdelke CBD, ki so napa\u010dno ozna\u010deni in vsebujejo ve\u010d THC-ja, kot trdijo.<\/p>\n<h5>&nbsp;<\/h5>\n<h4><strong style=\"font-style: inherit; color: var(--ast-global-color-1);\">Je CBD s polnim spektrom pravi za vas?<\/strong><\/h4>\n<p>\u010ce vas zanimajo mo\u017ene terapevtske koristi u\u010dinka sinergije, je CBD polnega spektra morda najbolj\u0161a izbira za vas.<\/p>\n<p>\u010ce pa ste ob\u010dutljivi na THC ali se mu samo \u017eelite izogniti, boste morda \u017eeleli poskusiti CBD \u0161irokega spektra. Na ta na\u010din boste \u0161e vedno imeli nekaj prednosti u\u010dinka sinergije, vendar brez THC-ja.<\/p>\n<p>\u010ce ne \u017eelite ni\u010desar drugega kot CBD, bo izolat va\u0161a najbolj\u0161a izbira.<\/p>\n<p><strong>&nbsp;<\/strong><\/p>\n<p><strong>Vir: <a href=\"https:\/\/www.healthline.com\/health\/full-spectrum-cbd#quick-look\">https:\/\/www.healthline.com\/health\/full-spectrum-cbd#quick-look<\/a><\/strong><\/p>\t\t\t\t\t\t\t\t<\/div>\n\t\t\t\t<\/div>\n\t\t\t\t\t<\/div>\n\t\t<\/div>\n\t\t\t\t\t<\/div>\n\t\t<\/section>\n\t\t\t\t<\/div>","protected":false},"excerpt":{"rendered":"<p>KAJ JE POLNI SPEKTER (FULL SPECTRUM)? Kaj je CBD polnega spektra (FULL SPECTRUM)? CBD polnega spektra je vrsta ekstrakta, ki vsebuje vse koristne spojine, ki jih naravno najdemo v rastlini konoplje. Te vklju\u010dujejo: Kanabinoidi: Obstaja ve\u010d kot 100 kanabinoidov, vklju\u010dno s CBD in tetrahidrokanabinolom (THC). CBD in THC sta odgovorna za terapevtske in psihoaktivne u\u010dinke [&hellip;]<\/p>\n","protected":false},"author":1,"featured_media":9129,"parent":0,"menu_order":0,"comment_status":"closed","ping_status":"closed","template":"","meta":{"site-sidebar-layout":"no-sidebar","site-content-layout":"page-builder","ast-site-content-layout":"full-width-container","site-content-style":"unboxed","site-sidebar-style":"unboxed","ast-global-header-display":"","ast-banner-title-visibility":"","ast-main-header-display":"","ast-hfb-above-header-display":"","ast-hfb-below-header-display":"","ast-hfb-mobile-header-display":"","site-post-title":"disabled","ast-breadcrumbs-content":"","ast-featured-img":"disabled","footer-sml-layout":"","ast-disable-related-posts":"","theme-transparent-header-meta":"","adv-header-id-meta":"","stick-header-meta":"","header-above-stick-meta":"","header-main-stick-meta":"","header-below-stick-meta":"","astra-migrate-meta-layouts":"set","ast-page-background-enabled":"default","ast-page-background-meta":{"desktop":{"background-color":"","background-image":"","background-repeat":"repeat","background-position":"center center","background-size":"auto","background-attachment":"scroll","background-type":"","background-media":"","overlay-type":"","overlay-color":"","overlay-opacity":"","overlay-gradient":""},"tablet":{"background-color":"","background-image":"","background-repeat":"repeat","background-position":"center center","background-size":"auto","background-attachment":"scroll","background-type":"","background-media":"","overlay-type":"","overlay-color":"","overlay-opacity":"","overlay-gradient":""},"mobile":{"background-color":"","background-image":"","background-repeat":"repeat","background-position":"center center","background-size":"auto","background-attachment":"scroll","background-type":"","background-media":"","overlay-type":"","overlay-color":"","overlay-opacity":"","overlay-gradient":""}},"ast-content-background-meta":{"desktop":{"background-color":"var(--ast-global-color-5)","background-image":"","background-repeat":"repeat","background-position":"center center","background-size":"auto","background-attachment":"scroll","background-type":"","background-media":"","overlay-type":"","overlay-color":"","overlay-opacity":"","overlay-gradient":""},"tablet":{"background-color":"var(--ast-global-color-5)","background-image":"","background-repeat":"repeat","background-position":"center center","background-size":"auto","background-attachment":"scroll","background-type":"","background-media":"","overlay-type":"","overlay-color":"","overlay-opacity":"","overlay-gradient":""},"mobile":{"background-color":"var(--ast-global-color-5)","background-image":"","background-repeat":"repeat","background-position":"center center","background-size":"auto","background-attachment":"scroll","background-type":"","background-media":"","overlay-type":"","overlay-color":"","overlay-opacity":"","overlay-gradient":""}},"footnotes":""},"class_list":["post-7543","page","type-page","status-publish","has-post-thumbnail","hentry"],"yoast_head":"<!-- This site is optimized with the Yoast SEO plugin v27.4 - https:\/\/yoast.com\/product\/yoast-seo-wordpress\/ -->\n<title>KAJ JE POLNI SPEKTER (FULL SPECTRUM) CBD? - Spletna trgovina s CBD izdelki - SI CANNABY<\/title>\n<meta name=\"robots\" content=\"index, follow, max-snippet:-1, max-image-preview:large, max-video-preview:-1\" \/>\n<link rel=\"canonical\" href=\"https:\/\/si-cannaby.com\/hr\/kaj-je-polni-spekter-full-spectrum-cbd\/\" \/>\n<meta property=\"og:locale\" content=\"hr_HR\" \/>\n<meta property=\"og:type\" content=\"article\" \/>\n<meta property=\"og:title\" content=\"KAJ JE POLNI SPEKTER (FULL SPECTRUM) CBD? - Spletna trgovina s CBD izdelki - SI CANNABY\" \/>\n<meta property=\"og:description\" content=\"KAJ JE POLNI SPEKTER (FULL SPECTRUM)? Kaj je CBD polnega spektra (FULL SPECTRUM)? CBD polnega spektra je vrsta ekstrakta, ki vsebuje vse koristne spojine, ki jih naravno najdemo v rastlini konoplje. Te vklju\u010dujejo: Kanabinoidi: Obstaja ve\u010d kot 100 kanabinoidov, vklju\u010dno s CBD in tetrahidrokanabinolom (THC). CBD in THC sta odgovorna za terapevtske in psihoaktivne u\u010dinke [&hellip;]\" \/>\n<meta property=\"og:url\" content=\"https:\/\/si-cannaby.com\/hr\/kaj-je-polni-spekter-full-spectrum-cbd\/\" \/>\n<meta property=\"og:site_name\" content=\"Spletna trgovina s CBD izdelki - SI CANNABY\" \/>\n<meta property=\"article:publisher\" content=\"https:\/\/www.facebook.com\/people\/SI-cannaby\/100064213053948\/\" \/>\n<meta property=\"article:modified_time\" content=\"2023-10-18T07:56:56+00:00\" \/>\n<meta property=\"og:image\" content=\"https:\/\/si-cannaby.com\/wp-content\/uploads\/2022\/11\/cbd-hanf-hemp-4349287.jpg\" \/>\n\t<meta property=\"og:image:width\" content=\"1280\" \/>\n\t<meta property=\"og:image:height\" content=\"852\" \/>\n\t<meta property=\"og:image:type\" content=\"image\/jpeg\" \/>\n<meta name=\"twitter:card\" content=\"summary_large_image\" \/>\n<meta name=\"twitter:label1\" content=\"Procijenjeno vrijeme \u010ditanja\" \/>\n\t<meta name=\"twitter:data1\" content=\"4 minute\" \/>\n<script type=\"application\/ld+json\" class=\"yoast-schema-graph\">{\"@context\":\"https:\\\/\\\/schema.org\",\"@graph\":[{\"@type\":\"WebPage\",\"@id\":\"https:\\\/\\\/si-cannaby.com\\\/kaj-je-polni-spekter-full-spectrum-cbd\\\/\",\"url\":\"https:\\\/\\\/si-cannaby.com\\\/kaj-je-polni-spekter-full-spectrum-cbd\\\/\",\"name\":\"KAJ JE POLNI SPEKTER (FULL SPECTRUM) CBD? - Spletna trgovina s CBD izdelki - SI CANNABY\",\"isPartOf\":{\"@id\":\"https:\\\/\\\/si-cannaby.com\\\/#website\"},\"primaryImageOfPage\":{\"@id\":\"https:\\\/\\\/si-cannaby.com\\\/kaj-je-polni-spekter-full-spectrum-cbd\\\/#primaryimage\"},\"image\":{\"@id\":\"https:\\\/\\\/si-cannaby.com\\\/kaj-je-polni-spekter-full-spectrum-cbd\\\/#primaryimage\"},\"thumbnailUrl\":\"https:\\\/\\\/si-cannaby.com\\\/wp-content\\\/uploads\\\/2022\\\/11\\\/cbd-hanf-hemp-4349287.jpg\",\"datePublished\":\"2022-10-19T13:06:40+00:00\",\"dateModified\":\"2023-10-18T07:56:56+00:00\",\"breadcrumb\":{\"@id\":\"https:\\\/\\\/si-cannaby.com\\\/kaj-je-polni-spekter-full-spectrum-cbd\\\/#breadcrumb\"},\"inLanguage\":\"hr\",\"potentialAction\":[{\"@type\":\"ReadAction\",\"target\":[\"https:\\\/\\\/si-cannaby.com\\\/kaj-je-polni-spekter-full-spectrum-cbd\\\/\"]}]},{\"@type\":\"ImageObject\",\"inLanguage\":\"hr\",\"@id\":\"https:\\\/\\\/si-cannaby.com\\\/kaj-je-polni-spekter-full-spectrum-cbd\\\/#primaryimage\",\"url\":\"https:\\\/\\\/si-cannaby.com\\\/wp-content\\\/uploads\\\/2022\\\/11\\\/cbd-hanf-hemp-4349287.jpg\",\"contentUrl\":\"https:\\\/\\\/si-cannaby.com\\\/wp-content\\\/uploads\\\/2022\\\/11\\\/cbd-hanf-hemp-4349287.jpg\",\"width\":1280,\"height\":852,\"caption\":\"cbd, hanf, hemp-4349287.jpg\"},{\"@type\":\"BreadcrumbList\",\"@id\":\"https:\\\/\\\/si-cannaby.com\\\/kaj-je-polni-spekter-full-spectrum-cbd\\\/#breadcrumb\",\"itemListElement\":[{\"@type\":\"ListItem\",\"position\":1,\"name\":\"Domov\",\"item\":\"https:\\\/\\\/si-cannaby.com\\\/\"},{\"@type\":\"ListItem\",\"position\":2,\"name\":\"KAJ JE POLNI SPEKTER (FULL SPECTRUM) CBD?\"}]},{\"@type\":\"WebSite\",\"@id\":\"https:\\\/\\\/si-cannaby.com\\\/#website\",\"url\":\"https:\\\/\\\/si-cannaby.com\\\/\",\"name\":\"CBD kapljice in smola - Spletna trgovina\",\"description\":\"\",\"publisher\":{\"@id\":\"https:\\\/\\\/si-cannaby.com\\\/#organization\"},\"alternateName\":\"SI CANNABY\",\"potentialAction\":[{\"@type\":\"SearchAction\",\"target\":{\"@type\":\"EntryPoint\",\"urlTemplate\":\"https:\\\/\\\/si-cannaby.com\\\/?s={search_term_string}\"},\"query-input\":{\"@type\":\"PropertyValueSpecification\",\"valueRequired\":true,\"valueName\":\"search_term_string\"}}],\"inLanguage\":\"hr\"},{\"@type\":\"Organization\",\"@id\":\"https:\\\/\\\/si-cannaby.com\\\/#organization\",\"name\":\"SI CANNABY\",\"alternateName\":\"Spletna prodaja konopljinih CBD izdelkov\",\"url\":\"https:\\\/\\\/si-cannaby.com\\\/\",\"logo\":{\"@type\":\"ImageObject\",\"inLanguage\":\"hr\",\"@id\":\"https:\\\/\\\/si-cannaby.com\\\/#\\\/schema\\\/logo\\\/image\\\/\",\"url\":\"https:\\\/\\\/si-cannaby.com\\\/wp-content\\\/uploads\\\/2022\\\/10\\\/LOGO11-1.webp\",\"contentUrl\":\"https:\\\/\\\/si-cannaby.com\\\/wp-content\\\/uploads\\\/2022\\\/10\\\/LOGO11-1.webp\",\"width\":992,\"height\":198,\"caption\":\"SI CANNABY\"},\"image\":{\"@id\":\"https:\\\/\\\/si-cannaby.com\\\/#\\\/schema\\\/logo\\\/image\\\/\"},\"sameAs\":[\"https:\\\/\\\/www.facebook.com\\\/people\\\/SI-cannaby\\\/100064213053948\\\/\"]}]}<\/script>\n<!-- \/ Yoast SEO plugin. -->","yoast_head_json":{"title":"KAJ JE POLNI SPEKTER (FULL SPECTRUM) CBD? - Spletna trgovina s CBD izdelki - SI CANNABY","robots":{"index":"index","follow":"follow","max-snippet":"max-snippet:-1","max-image-preview":"max-image-preview:large","max-video-preview":"max-video-preview:-1"},"canonical":"https:\/\/si-cannaby.com\/hr\/kaj-je-polni-spekter-full-spectrum-cbd\/","og_locale":"hr_HR","og_type":"article","og_title":"KAJ JE POLNI SPEKTER (FULL SPECTRUM) CBD? - Spletna trgovina s CBD izdelki - SI CANNABY","og_description":"KAJ JE POLNI SPEKTER (FULL SPECTRUM)? Kaj je CBD polnega spektra (FULL SPECTRUM)? CBD polnega spektra je vrsta ekstrakta, ki vsebuje vse koristne spojine, ki jih naravno najdemo v rastlini konoplje. Te vklju\u010dujejo: Kanabinoidi: Obstaja ve\u010d kot 100 kanabinoidov, vklju\u010dno s CBD in tetrahidrokanabinolom (THC). CBD in THC sta odgovorna za terapevtske in psihoaktivne u\u010dinke [&hellip;]","og_url":"https:\/\/si-cannaby.com\/hr\/kaj-je-polni-spekter-full-spectrum-cbd\/","og_site_name":"Spletna trgovina s CBD izdelki - SI CANNABY","article_publisher":"https:\/\/www.facebook.com\/people\/SI-cannaby\/100064213053948\/","article_modified_time":"2023-10-18T07:56:56+00:00","og_image":[{"width":1280,"height":852,"url":"https:\/\/si-cannaby.com\/wp-content\/uploads\/2022\/11\/cbd-hanf-hemp-4349287.jpg","type":"image\/jpeg"}],"twitter_card":"summary_large_image","twitter_misc":{"Procijenjeno vrijeme \u010ditanja":"4 minute"},"schema":{"@context":"https:\/\/schema.org","@graph":[{"@type":"WebPage","@id":"https:\/\/si-cannaby.com\/kaj-je-polni-spekter-full-spectrum-cbd\/","url":"https:\/\/si-cannaby.com\/kaj-je-polni-spekter-full-spectrum-cbd\/","name":"KAJ JE POLNI SPEKTER (FULL SPECTRUM) CBD? - Spletna trgovina s CBD izdelki - SI CANNABY","isPartOf":{"@id":"https:\/\/si-cannaby.com\/#website"},"primaryImageOfPage":{"@id":"https:\/\/si-cannaby.com\/kaj-je-polni-spekter-full-spectrum-cbd\/#primaryimage"},"image":{"@id":"https:\/\/si-cannaby.com\/kaj-je-polni-spekter-full-spectrum-cbd\/#primaryimage"},"thumbnailUrl":"https:\/\/si-cannaby.com\/wp-content\/uploads\/2022\/11\/cbd-hanf-hemp-4349287.jpg","datePublished":"2022-10-19T13:06:40+00:00","dateModified":"2023-10-18T07:56:56+00:00","breadcrumb":{"@id":"https:\/\/si-cannaby.com\/kaj-je-polni-spekter-full-spectrum-cbd\/#breadcrumb"},"inLanguage":"hr","potentialAction":[{"@type":"ReadAction","target":["https:\/\/si-cannaby.com\/kaj-je-polni-spekter-full-spectrum-cbd\/"]}]},{"@type":"ImageObject","inLanguage":"hr","@id":"https:\/\/si-cannaby.com\/kaj-je-polni-spekter-full-spectrum-cbd\/#primaryimage","url":"https:\/\/si-cannaby.com\/wp-content\/uploads\/2022\/11\/cbd-hanf-hemp-4349287.jpg","contentUrl":"https:\/\/si-cannaby.com\/wp-content\/uploads\/2022\/11\/cbd-hanf-hemp-4349287.jpg","width":1280,"height":852,"caption":"cbd, hanf, hemp-4349287.jpg"},{"@type":"BreadcrumbList","@id":"https:\/\/si-cannaby.com\/kaj-je-polni-spekter-full-spectrum-cbd\/#breadcrumb","itemListElement":[{"@type":"ListItem","position":1,"name":"Domov","item":"https:\/\/si-cannaby.com\/"},{"@type":"ListItem","position":2,"name":"KAJ JE POLNI SPEKTER (FULL SPECTRUM) CBD?"}]},{"@type":"WebSite","@id":"https:\/\/si-cannaby.com\/#website","url":"https:\/\/si-cannaby.com\/","name":"CBD kapljice in smola - Spletna trgovina","description":"","publisher":{"@id":"https:\/\/si-cannaby.com\/#organization"},"alternateName":"SI CANNABY","potentialAction":[{"@type":"SearchAction","target":{"@type":"EntryPoint","urlTemplate":"https:\/\/si-cannaby.com\/?s={search_term_string}"},"query-input":{"@type":"PropertyValueSpecification","valueRequired":true,"valueName":"search_term_string"}}],"inLanguage":"hr"},{"@type":"Organization","@id":"https:\/\/si-cannaby.com\/#organization","name":"SI CANNABY","alternateName":"Spletna prodaja konopljinih CBD izdelkov","url":"https:\/\/si-cannaby.com\/","logo":{"@type":"ImageObject","inLanguage":"hr","@id":"https:\/\/si-cannaby.com\/#\/schema\/logo\/image\/","url":"https:\/\/si-cannaby.com\/wp-content\/uploads\/2022\/10\/LOGO11-1.webp","contentUrl":"https:\/\/si-cannaby.com\/wp-content\/uploads\/2022\/10\/LOGO11-1.webp","width":992,"height":198,"caption":"SI CANNABY"},"image":{"@id":"https:\/\/si-cannaby.com\/#\/schema\/logo\/image\/"},"sameAs":["https:\/\/www.facebook.com\/people\/SI-cannaby\/100064213053948\/"]}]}},"rttpg_featured_image_url":{"full":["https:\/\/si-cannaby.com\/wp-content\/uploads\/2022\/11\/cbd-hanf-hemp-4349287.jpg",1280,852,false],"landscape":["https:\/\/si-cannaby.com\/wp-content\/uploads\/2022\/11\/cbd-hanf-hemp-4349287.jpg",1280,852,false],"portraits":["https:\/\/si-cannaby.com\/wp-content\/uploads\/2022\/11\/cbd-hanf-hemp-4349287.jpg",1280,852,false],"thumbnail":["https:\/\/si-cannaby.com\/wp-content\/uploads\/2022\/11\/cbd-hanf-hemp-4349287-150x150.jpg",150,150,true],"medium":["https:\/\/si-cannaby.com\/wp-content\/uploads\/2022\/11\/cbd-hanf-hemp-4349287-300x200.jpg",300,200,true],"large":["https:\/\/si-cannaby.com\/wp-content\/uploads\/2022\/11\/cbd-hanf-hemp-4349287-1024x682.jpg",1024,682,true],"1536x1536":["https:\/\/si-cannaby.com\/wp-content\/uploads\/2022\/11\/cbd-hanf-hemp-4349287.jpg",1280,852,false],"2048x2048":["https:\/\/si-cannaby.com\/wp-content\/uploads\/2022\/11\/cbd-hanf-hemp-4349287.jpg",1280,852,false],"trp-custom-language-flag":["https:\/\/si-cannaby.com\/wp-content\/uploads\/2022\/11\/cbd-hanf-hemp-4349287-18x12.jpg",18,12,true],"woocommerce_thumbnail":["https:\/\/si-cannaby.com\/wp-content\/uploads\/2022\/11\/cbd-hanf-hemp-4349287-300x300.jpg",300,300,true],"woocommerce_single":["https:\/\/si-cannaby.com\/wp-content\/uploads\/2022\/11\/cbd-hanf-hemp-4349287-600x399.jpg",600,399,true],"woocommerce_gallery_thumbnail":["https:\/\/si-cannaby.com\/wp-content\/uploads\/2022\/11\/cbd-hanf-hemp-4349287-100x100.jpg",100,100,true]},"rttpg_author":{"display_name":"admin","author_link":"https:\/\/si-cannaby.com\/hr\/author\/admin\/"},"rttpg_comment":0,"rttpg_category":null,"rttpg_excerpt":"KAJ JE POLNI SPEKTER (FULL SPECTRUM)? Kaj je CBD polnega spektra (FULL SPECTRUM)? CBD polnega spektra je vrsta ekstrakta, ki vsebuje vse koristne spojine, ki jih naravno najdemo v rastlini konoplje. Te vklju\u010dujejo: Kanabinoidi: Obstaja ve\u010d kot 100 kanabinoidov, vklju\u010dno s CBD in tetrahidrokanabinolom (THC). CBD in THC sta odgovorna za terapevtske in psihoaktivne u\u010dinke&hellip;","_links":{"self":[{"href":"https:\/\/si-cannaby.com\/hr\/wp-json\/wp\/v2\/pages\/7543","targetHints":{"allow":["GET"]}}],"collection":[{"href":"https:\/\/si-cannaby.com\/hr\/wp-json\/wp\/v2\/pages"}],"about":[{"href":"https:\/\/si-cannaby.com\/hr\/wp-json\/wp\/v2\/types\/page"}],"author":[{"embeddable":true,"href":"https:\/\/si-cannaby.com\/hr\/wp-json\/wp\/v2\/users\/1"}],"replies":[{"embeddable":true,"href":"https:\/\/si-cannaby.com\/hr\/wp-json\/wp\/v2\/comments?post=7543"}],"version-history":[{"count":0,"href":"https:\/\/si-cannaby.com\/hr\/wp-json\/wp\/v2\/pages\/7543\/revisions"}],"wp:featuredmedia":[{"embeddable":true,"href":"https:\/\/si-cannaby.com\/hr\/wp-json\/wp\/v2\/media\/9129"}],"wp:attachment":[{"href":"https:\/\/si-cannaby.com\/hr\/wp-json\/wp\/v2\/media?parent=7543"}],"curies":[{"name":"wp","href":"https:\/\/api.w.org\/{rel}","templated":true}]}}