{"id":1439,"date":"2021-06-23T11:15:53","date_gmt":"2021-06-23T09:15:53","guid":{"rendered":"https:\/\/si-cannaby.com\/?post_type=product&#038;p=1439"},"modified":"2025-12-10T12:22:13","modified_gmt":"2025-12-10T10:22:13","slug":"cbd-kapljice-5","status":"publish","type":"product","link":"https:\/\/si-cannaby.com\/hr\/izdelek\/cbd-kapljice-5\/","title":{"rendered":"CBD konopljino ulje 5% \u2013 10 ml"},"content":{"rendered":"<p><strong>Dostupan u bo\u010dicama s pipetom od 10 ml. Proizvod sadr\u017ei 5% (500 mg) kanabidiola (CBD) i druge kanabinoide. Proizvodi se od smole industrijske konoplje (Cannabis sativa L.), razrije\u0111ene u maslinovom ulju. Proces ekstrakcije kanabidiola tako\u0111er \u010duva sve ostale kanabinoide, terpene, flavonoide i hranjive tvari.<\/strong><\/p>\n<p>Na\u0161e\u00a0<strong>CBD konopljino ulje 5% \u2013 10 ml<\/strong>\u00a0su pa\u017eljivo osmi\u0161ljen proizvod za svakoga tko \u017eeli iskoristiti snagu\u00a0<strong>prirodnog CBD-ja<\/strong> i njegove blagotvorne u\u010dinke.<\/p>\n<p>&nbsp;<\/p>\n<h3><img decoding=\"async\" class=\"an1\" draggable=\"false\" src=\"https:\/\/fonts.gstatic.com\/s\/e\/notoemoji\/16.0\/1f33f\/32.png\" alt=\"\ud83c\udf3f\" data-emoji=\"\ud83c\udf3f\" aria-label=\"\ud83c\udf3f\" \/>\u00a0<strong>Prirodna podr\u0161ka za ravnote\u017eu i dobrobit<\/strong><\/h3>\n<p>CBD je poznat po svojim\u00a0<strong>opu\u0161taju\u0107im, umiruju\u0107im i regenerativnim svojstvima<\/strong>, pa su kapi odli\u010dan izbor za sve koji \u017eele:<br \/>\n<img decoding=\"async\" class=\"an1\" draggable=\"false\" src=\"https:\/\/fonts.gstatic.com\/s\/e\/notoemoji\/16.0\/2714_fe0f\/32.png\" alt=\"\u2714\ufe0f\" data-emoji=\"\u2714\ufe0f\" aria-label=\"\u2714\ufe0f\" \/>\u00a0<strong>Podr\u017eati svoju unutarnju ravnote\u017eu<\/strong>\u00a0i pobolj\u0161ati op\u0107u dobrobit.<br \/>\n<img decoding=\"async\" class=\"an1\" draggable=\"false\" src=\"https:\/\/fonts.gstatic.com\/s\/e\/notoemoji\/16.0\/2714_fe0f\/32.png\" alt=\"\u2714\ufe0f\" data-emoji=\"\u2714\ufe0f\" aria-label=\"\u2714\ufe0f\" \/>\u00a0<strong>Poticanje regeneracije tijela<\/strong>\u00a0nakon svakodnevnog stresa.<br \/>\n<img decoding=\"async\" class=\"an1\" draggable=\"false\" src=\"https:\/\/fonts.gstatic.com\/s\/e\/notoemoji\/16.0\/2714_fe0f\/32.png\" alt=\"\u2714\ufe0f\" data-emoji=\"\u2714\ufe0f\" aria-label=\"\u2714\ufe0f\" \/>\u00a0<strong>Prona\u0111ite prirodan put do boljeg opu\u0161tanja i boljeg sna<\/strong>.<br \/>\n<img decoding=\"async\" class=\"an1\" draggable=\"false\" src=\"https:\/\/fonts.gstatic.com\/s\/e\/notoemoji\/16.0\/2714_fe0f\/32.png\" alt=\"\u2714\ufe0f\" data-emoji=\"\u2714\ufe0f\" aria-label=\"\u2714\ufe0f\" \/>\u00a0<strong>Odr\u017eavajte optimalnu vitalnost<\/strong>, bez obzira na dnevne izazove.<\/p>\n<p>&nbsp;<\/p>\n<h3><img decoding=\"async\" class=\"an1\" draggable=\"false\" src=\"https:\/\/fonts.gstatic.com\/s\/e\/notoemoji\/16.0\/1f52c\/32.png\" alt=\"\ud83d\udd2c\" data-emoji=\"\ud83d\udd2c\" aria-label=\"\ud83d\udd2c\" \/>\u00a0<strong>Visokokvalitetna formulacija<\/strong><\/h3>\n<ul>\n<li><strong>5% prirodni CBD<\/strong>\u00a0- dobivenih iz pa\u017eljivo odabrane\u00a0<strong>industrijske konoplje<\/strong>.<\/li>\n<li><b>Puni spektar<\/b> sinergijsko djelovanje<\/li>\n<li><strong>Bez umjetnih dodataka, punila ili konzervansa<\/strong>\u00a0\u2013 samo \u010dista priroda.<\/li>\n<li><strong>Bo\u010dica od 10 ml s kapaljkom<\/strong>\u00a0za precizno i \u200b\u200bjednostavno doziranje.<\/li>\n<\/ul>\n<p>&nbsp;<\/p>\n<h3><img decoding=\"async\" class=\"an1\" draggable=\"false\" src=\"https:\/\/fonts.gstatic.com\/s\/e\/notoemoji\/16.0\/2705\/32.png\" alt=\"\u2705\" data-emoji=\"\u2705\" aria-label=\"\u2705\" \/>\u00a0<strong>Za\u0161to odabrati na\u0161e kapi?<\/strong><\/h3>\n<p><img decoding=\"async\" class=\"an1\" draggable=\"false\" src=\"https:\/\/fonts.gstatic.com\/s\/e\/notoemoji\/16.0\/2714_fe0f\/32.png\" alt=\"\u2714\ufe0f\" data-emoji=\"\u2714\ufe0f\" aria-label=\"\u2714\ufe0f\" \/>\u00a0Laboratorijski ispitana \u010disto\u0107a i sigurnost.<br \/>\n<img decoding=\"async\" class=\"an1\" draggable=\"false\" src=\"https:\/\/fonts.gstatic.com\/s\/e\/notoemoji\/16.0\/2714_fe0f\/32.png\" alt=\"\u2714\ufe0f\" data-emoji=\"\u2714\ufe0f\" aria-label=\"\u2714\ufe0f\" \/>\u00a0Potpuno prirodano, pogodno za svakodnevnu upotrebu.<br \/>\n<img decoding=\"async\" class=\"an1\" draggable=\"false\" src=\"https:\/\/fonts.gstatic.com\/s\/e\/notoemoji\/16.0\/2714_fe0f\/32.png\" alt=\"\u2714\ufe0f\" data-emoji=\"\u2714\ufe0f\" aria-label=\"\u2714\ufe0f\" \/>\u00a0Jjednostavan za kori\u0161tenje \u2013 nekoliko kapi pod jezik ili u omiljeno pi\u0107e.<br \/>\n<img decoding=\"async\" class=\"an1\" draggable=\"false\" src=\"https:\/\/fonts.gstatic.com\/s\/e\/notoemoji\/16.0\/2714_fe0f\/32.png\" alt=\"\u2714\ufe0f\" data-emoji=\"\u2714\ufe0f\" aria-label=\"\u2714\ufe0f\" \/>\u00a0Vrhunska kvaliteta za najbolje rezultate.<\/p>\n<p>&nbsp;<\/p>\n<p>Do\u017eivite harmoniju prirode u svakoj dozi!\u00a0<strong>CBD konopljino ulje 5% \u2013 10 ml<\/strong>\u00a0, savr\u0161en je izbor za svakoga tko \u017eeli podr\u017eati svoje tijelo i um na prirodan i u\u010dinkovit na\u010din.<\/p>\n<p><strong>Upozorenje: Preporu\u010dena dnevna doza ne smije se prekora\u010diti. \u010cuvati izvan dohvata djece. Dodatak prehrani nije zamjena za uravnote\u017eenu i raznoliku prehranu. Dodatak prehrani nije prikladan za djecu mla\u0111u od 15 godina, trudnice i dojilje.<\/strong><\/p>","protected":false},"excerpt":{"rendered":"<ul>\n<li>CBD: 500mg<\/li>\n<li>Koli\u010dina: 10 ml {250 kapljic}<\/li>\n<li>Laboratorijska analiza<\/li>\n<li>Manje od 0,2% THC-a<\/li>\n<li>Cijeli spektar kanabinoida.<\/li>\n<li>BEZ kemikalija, BEZ pesticida, BEZ te\u0161kih metala, BEZ GMO-a<\/li>\n<li>Prikladno za vegane<\/li>\n<li>Kontrolirani proces proizvodnje<\/li>\n<li>\u010cuvati na tamnom i hladnom mjestu<\/li>\n<\/ul>\n<p>Najni\u017ea cijena u zadnjih 30 dana je 20,95 \u20ac<\/p>","protected":false},"featured_media":6359,"comment_status":"open","ping_status":"closed","template":"","meta":{"site-sidebar-layout":"default","site-content-layout":"default","ast-site-content-layout":"default","site-content-style":"default","site-sidebar-style":"default","ast-global-header-display":"","ast-banner-title-visibility":"","ast-main-header-display":"","ast-hfb-above-header-display":"","ast-hfb-below-header-display":"","ast-hfb-mobile-header-display":"","site-post-title":"","ast-breadcrumbs-content":"","ast-featured-img":"","footer-sml-layout":"","ast-disable-related-posts":"","theme-transparent-header-meta":"default","adv-header-id-meta":"","stick-header-meta":"","header-above-stick-meta":"","header-main-stick-meta":"","header-below-stick-meta":"","astra-migrate-meta-layouts":"set","ast-page-background-enabled":"default","ast-page-background-meta":{"desktop":{"background-color":"","background-image":"","background-repeat":"repeat","background-position":"center center","background-size":"auto","background-attachment":"scroll","background-type":"","background-media":"","overlay-type":"","overlay-color":"","overlay-opacity":"","overlay-gradient":""},"tablet":{"background-color":"","background-image":"","background-repeat":"repeat","background-position":"center center","background-size":"auto","background-attachment":"scroll","background-type":"","background-media":"","overlay-type":"","overlay-color":"","overlay-opacity":"","overlay-gradient":""},"mobile":{"background-color":"","background-image":"","background-repeat":"repeat","background-position":"center center","background-size":"auto","background-attachment":"scroll","background-type":"","background-media":"","overlay-type":"","overlay-color":"","overlay-opacity":"","overlay-gradient":""}},"ast-content-background-meta":{"desktop":{"background-color":"var(--ast-global-color-5)","background-image":"","background-repeat":"repeat","background-position":"center center","background-size":"auto","background-attachment":"scroll","background-type":"","background-media":"","overlay-type":"","overlay-color":"","overlay-opacity":"","overlay-gradient":""},"tablet":{"background-color":"var(--ast-global-color-5)","background-image":"","background-repeat":"repeat","background-position":"center center","background-size":"auto","background-attachment":"scroll","background-type":"","background-media":"","overlay-type":"","overlay-color":"","overlay-opacity":"","overlay-gradient":""},"mobile":{"background-color":"var(--ast-global-color-5)","background-image":"","background-repeat":"repeat","background-position":"center center","background-size":"auto","background-attachment":"scroll","background-type":"","background-media":"","overlay-type":"","overlay-color":"","overlay-opacity":"","overlay-gradient":""}}},"product_brand":[],"product_cat":[15],"product_tag":[385,387,386],"class_list":{"0":"post-1439","1":"product","2":"type-product","3":"status-publish","4":"has-post-thumbnail","6":"product_cat-izdelki-iz-konoplje","7":"product_tag-cbd-kapljice","8":"product_tag-cbd-kapljice-5","9":"product_tag-konopljine-kapljice-5","10":"desktop-align-left","11":"tablet-align-left","12":"mobile-align-left","14":"first","15":"instock","16":"sale","17":"taxable","18":"shipping-taxable","19":"purchasable","20":"product-type-simple"},"yoast_head":"<!-- This site is optimized with the Yoast SEO plugin v27.4 - https:\/\/yoast.com\/product\/yoast-seo-wordpress\/ -->\n<title>CBD konopljine kapljice 5% - 10ml<\/title>\n<meta name=\"description\" content=\"CBD konopljine kapljice 5%, 10ml za naravno podporo pri ravnovesju, sprostitvi in regeneraciji. Blagodejni u\u010dinki za vsakodnevno dobro po\u010dutje in izbolj\u0161anje osredoto\u010denosti.\" \/>\n<meta name=\"robots\" content=\"index, follow, max-snippet:-1, max-image-preview:large, max-video-preview:-1\" \/>\n<link rel=\"canonical\" href=\"https:\/\/si-cannaby.com\/hr\/proizvod\/cbd-kapljice-5\/\" \/>\n<meta property=\"og:locale\" content=\"hr_HR\" \/>\n<meta property=\"og:type\" content=\"article\" \/>\n<meta property=\"og:title\" content=\"CBD konopljine kapljice 5% - 10ml\" \/>\n<meta property=\"og:description\" content=\"CBD konopljine kapljice 5%, 10ml za naravno podporo pri ravnovesju, sprostitvi in regeneraciji. Blagodejni u\u010dinki za vsakodnevno dobro po\u010dutje in izbolj\u0161anje osredoto\u010denosti.\" \/>\n<meta property=\"og:url\" content=\"https:\/\/si-cannaby.com\/hr\/proizvod\/cbd-kapljice-5\/\" \/>\n<meta property=\"og:site_name\" content=\"Spletna trgovina s CBD izdelki - SI CANNABY\" \/>\n<meta property=\"article:publisher\" content=\"https:\/\/www.facebook.com\/people\/SI-cannaby\/100064213053948\/\" \/>\n<meta property=\"article:modified_time\" content=\"2025-12-10T10:22:13+00:00\" \/>\n<meta property=\"og:image\" content=\"https:\/\/si-cannaby.com\/wp-content\/uploads\/2021\/06\/CBD-5_-2.webp\" \/>\n\t<meta property=\"og:image:width\" content=\"524\" \/>\n\t<meta property=\"og:image:height\" content=\"598\" \/>\n\t<meta property=\"og:image:type\" content=\"image\/webp\" \/>\n<meta name=\"twitter:card\" content=\"summary_large_image\" \/>\n<meta name=\"twitter:label1\" content=\"Procijenjeno vrijeme \u010ditanja\" \/>\n\t<meta name=\"twitter:data1\" content=\"1 minuta\" \/>\n<script type=\"application\/ld+json\" class=\"yoast-schema-graph\">{\"@context\":\"https:\\\/\\\/schema.org\",\"@graph\":[{\"@type\":\"WebPage\",\"@id\":\"https:\\\/\\\/si-cannaby.com\\\/izdelek\\\/cbd-kapljice-5\\\/\",\"url\":\"https:\\\/\\\/si-cannaby.com\\\/izdelek\\\/cbd-kapljice-5\\\/\",\"name\":\"CBD konopljine kapljice 5% - 10ml\",\"isPartOf\":{\"@id\":\"https:\\\/\\\/si-cannaby.com\\\/#website\"},\"primaryImageOfPage\":{\"@id\":\"https:\\\/\\\/si-cannaby.com\\\/izdelek\\\/cbd-kapljice-5\\\/#primaryimage\"},\"image\":{\"@id\":\"https:\\\/\\\/si-cannaby.com\\\/izdelek\\\/cbd-kapljice-5\\\/#primaryimage\"},\"thumbnailUrl\":\"https:\\\/\\\/si-cannaby.com\\\/wp-content\\\/uploads\\\/2021\\\/06\\\/CBD-5_-2.webp\",\"datePublished\":\"2021-06-23T09:15:53+00:00\",\"dateModified\":\"2025-12-10T10:22:13+00:00\",\"description\":\"CBD konopljine kapljice 5%, 10ml za naravno podporo pri ravnovesju, sprostitvi in regeneraciji. Blagodejni u\u010dinki za vsakodnevno dobro po\u010dutje in izbolj\u0161anje osredoto\u010denosti.\",\"breadcrumb\":{\"@id\":\"https:\\\/\\\/si-cannaby.com\\\/izdelek\\\/cbd-kapljice-5\\\/#breadcrumb\"},\"inLanguage\":\"hr\",\"potentialAction\":[{\"@type\":\"ReadAction\",\"target\":[\"https:\\\/\\\/si-cannaby.com\\\/izdelek\\\/cbd-kapljice-5\\\/\"]}]},{\"@type\":\"ImageObject\",\"inLanguage\":\"hr\",\"@id\":\"https:\\\/\\\/si-cannaby.com\\\/izdelek\\\/cbd-kapljice-5\\\/#primaryimage\",\"url\":\"https:\\\/\\\/si-cannaby.com\\\/wp-content\\\/uploads\\\/2021\\\/06\\\/CBD-5_-2.webp\",\"contentUrl\":\"https:\\\/\\\/si-cannaby.com\\\/wp-content\\\/uploads\\\/2021\\\/06\\\/CBD-5_-2.webp\",\"width\":524,\"height\":598},{\"@type\":\"BreadcrumbList\",\"@id\":\"https:\\\/\\\/si-cannaby.com\\\/izdelek\\\/cbd-kapljice-5\\\/#breadcrumb\",\"itemListElement\":[{\"@type\":\"ListItem\",\"position\":1,\"name\":\"Domov\",\"item\":\"https:\\\/\\\/si-cannaby.com\\\/\"},{\"@type\":\"ListItem\",\"position\":2,\"name\":\"Izdelki\",\"item\":\"https:\\\/\\\/si-cannaby.com\\\/shop\\\/\"},{\"@type\":\"ListItem\",\"position\":3,\"name\":\"CBD konopljine kapljice 5% &#8211; 10ml\"}]},{\"@type\":\"WebSite\",\"@id\":\"https:\\\/\\\/si-cannaby.com\\\/#website\",\"url\":\"https:\\\/\\\/si-cannaby.com\\\/\",\"name\":\"CBD kapljice in smola - Spletna trgovina\",\"description\":\"\",\"publisher\":{\"@id\":\"https:\\\/\\\/si-cannaby.com\\\/#organization\"},\"alternateName\":\"SI CANNABY\",\"potentialAction\":[{\"@type\":\"SearchAction\",\"target\":{\"@type\":\"EntryPoint\",\"urlTemplate\":\"https:\\\/\\\/si-cannaby.com\\\/?s={search_term_string}\"},\"query-input\":{\"@type\":\"PropertyValueSpecification\",\"valueRequired\":true,\"valueName\":\"search_term_string\"}}],\"inLanguage\":\"hr\"},{\"@type\":\"Organization\",\"@id\":\"https:\\\/\\\/si-cannaby.com\\\/#organization\",\"name\":\"SI CANNABY\",\"alternateName\":\"Spletna prodaja konopljinih CBD izdelkov\",\"url\":\"https:\\\/\\\/si-cannaby.com\\\/\",\"logo\":{\"@type\":\"ImageObject\",\"inLanguage\":\"hr\",\"@id\":\"https:\\\/\\\/si-cannaby.com\\\/#\\\/schema\\\/logo\\\/image\\\/\",\"url\":\"https:\\\/\\\/si-cannaby.com\\\/wp-content\\\/uploads\\\/2022\\\/10\\\/LOGO11-1.webp\",\"contentUrl\":\"https:\\\/\\\/si-cannaby.com\\\/wp-content\\\/uploads\\\/2022\\\/10\\\/LOGO11-1.webp\",\"width\":992,\"height\":198,\"caption\":\"SI CANNABY\"},\"image\":{\"@id\":\"https:\\\/\\\/si-cannaby.com\\\/#\\\/schema\\\/logo\\\/image\\\/\"},\"sameAs\":[\"https:\\\/\\\/www.facebook.com\\\/people\\\/SI-cannaby\\\/100064213053948\\\/\"]}]}<\/script>\n<!-- \/ Yoast SEO plugin. -->","yoast_head_json":{"title":"CBD konopljine kapljice 5% - 10ml","description":"CBD konopljine kapljice 5%, 10ml za naravno podporo pri ravnovesju, sprostitvi in regeneraciji. Blagodejni u\u010dinki za vsakodnevno dobro po\u010dutje in izbolj\u0161anje osredoto\u010denosti.","robots":{"index":"index","follow":"follow","max-snippet":"max-snippet:-1","max-image-preview":"max-image-preview:large","max-video-preview":"max-video-preview:-1"},"canonical":"https:\/\/si-cannaby.com\/hr\/proizvod\/cbd-kapljice-5\/","og_locale":"hr_HR","og_type":"article","og_title":"CBD konopljine kapljice 5% - 10ml","og_description":"CBD konopljine kapljice 5%, 10ml za naravno podporo pri ravnovesju, sprostitvi in regeneraciji. Blagodejni u\u010dinki za vsakodnevno dobro po\u010dutje in izbolj\u0161anje osredoto\u010denosti.","og_url":"https:\/\/si-cannaby.com\/hr\/proizvod\/cbd-kapljice-5\/","og_site_name":"Spletna trgovina s CBD izdelki - SI CANNABY","article_publisher":"https:\/\/www.facebook.com\/people\/SI-cannaby\/100064213053948\/","article_modified_time":"2025-12-10T10:22:13+00:00","og_image":[{"width":524,"height":598,"url":"https:\/\/si-cannaby.com\/wp-content\/uploads\/2021\/06\/CBD-5_-2.webp","type":"image\/webp"}],"twitter_card":"summary_large_image","twitter_misc":{"Procijenjeno vrijeme \u010ditanja":"1 minuta"},"schema":{"@context":"https:\/\/schema.org","@graph":[{"@type":"WebPage","@id":"https:\/\/si-cannaby.com\/izdelek\/cbd-kapljice-5\/","url":"https:\/\/si-cannaby.com\/izdelek\/cbd-kapljice-5\/","name":"CBD konopljine kapljice 5% - 10ml","isPartOf":{"@id":"https:\/\/si-cannaby.com\/#website"},"primaryImageOfPage":{"@id":"https:\/\/si-cannaby.com\/izdelek\/cbd-kapljice-5\/#primaryimage"},"image":{"@id":"https:\/\/si-cannaby.com\/izdelek\/cbd-kapljice-5\/#primaryimage"},"thumbnailUrl":"https:\/\/si-cannaby.com\/wp-content\/uploads\/2021\/06\/CBD-5_-2.webp","datePublished":"2021-06-23T09:15:53+00:00","dateModified":"2025-12-10T10:22:13+00:00","description":"CBD konopljine kapljice 5%, 10ml za naravno podporo pri ravnovesju, sprostitvi in regeneraciji. Blagodejni u\u010dinki za vsakodnevno dobro po\u010dutje in izbolj\u0161anje osredoto\u010denosti.","breadcrumb":{"@id":"https:\/\/si-cannaby.com\/izdelek\/cbd-kapljice-5\/#breadcrumb"},"inLanguage":"hr","potentialAction":[{"@type":"ReadAction","target":["https:\/\/si-cannaby.com\/izdelek\/cbd-kapljice-5\/"]}]},{"@type":"ImageObject","inLanguage":"hr","@id":"https:\/\/si-cannaby.com\/izdelek\/cbd-kapljice-5\/#primaryimage","url":"https:\/\/si-cannaby.com\/wp-content\/uploads\/2021\/06\/CBD-5_-2.webp","contentUrl":"https:\/\/si-cannaby.com\/wp-content\/uploads\/2021\/06\/CBD-5_-2.webp","width":524,"height":598},{"@type":"BreadcrumbList","@id":"https:\/\/si-cannaby.com\/izdelek\/cbd-kapljice-5\/#breadcrumb","itemListElement":[{"@type":"ListItem","position":1,"name":"Domov","item":"https:\/\/si-cannaby.com\/"},{"@type":"ListItem","position":2,"name":"Izdelki","item":"https:\/\/si-cannaby.com\/shop\/"},{"@type":"ListItem","position":3,"name":"CBD konopljine kapljice 5% &#8211; 10ml"}]},{"@type":"WebSite","@id":"https:\/\/si-cannaby.com\/#website","url":"https:\/\/si-cannaby.com\/","name":"CBD kapljice in smola - Spletna trgovina","description":"","publisher":{"@id":"https:\/\/si-cannaby.com\/#organization"},"alternateName":"SI CANNABY","potentialAction":[{"@type":"SearchAction","target":{"@type":"EntryPoint","urlTemplate":"https:\/\/si-cannaby.com\/?s={search_term_string}"},"query-input":{"@type":"PropertyValueSpecification","valueRequired":true,"valueName":"search_term_string"}}],"inLanguage":"hr"},{"@type":"Organization","@id":"https:\/\/si-cannaby.com\/#organization","name":"SI CANNABY","alternateName":"Spletna prodaja konopljinih CBD izdelkov","url":"https:\/\/si-cannaby.com\/","logo":{"@type":"ImageObject","inLanguage":"hr","@id":"https:\/\/si-cannaby.com\/#\/schema\/logo\/image\/","url":"https:\/\/si-cannaby.com\/wp-content\/uploads\/2022\/10\/LOGO11-1.webp","contentUrl":"https:\/\/si-cannaby.com\/wp-content\/uploads\/2022\/10\/LOGO11-1.webp","width":992,"height":198,"caption":"SI CANNABY"},"image":{"@id":"https:\/\/si-cannaby.com\/#\/schema\/logo\/image\/"},"sameAs":["https:\/\/www.facebook.com\/people\/SI-cannaby\/100064213053948\/"]}]}},"_links":{"self":[{"href":"https:\/\/si-cannaby.com\/hr\/wp-json\/wp\/v2\/product\/1439","targetHints":{"allow":["GET"]}}],"collection":[{"href":"https:\/\/si-cannaby.com\/hr\/wp-json\/wp\/v2\/product"}],"about":[{"href":"https:\/\/si-cannaby.com\/hr\/wp-json\/wp\/v2\/types\/product"}],"replies":[{"embeddable":true,"href":"https:\/\/si-cannaby.com\/hr\/wp-json\/wp\/v2\/comments?post=1439"}],"wp:featuredmedia":[{"embeddable":true,"href":"https:\/\/si-cannaby.com\/hr\/wp-json\/wp\/v2\/media\/6359"}],"wp:attachment":[{"href":"https:\/\/si-cannaby.com\/hr\/wp-json\/wp\/v2\/media?parent=1439"}],"wp:term":[{"taxonomy":"product_brand","embeddable":true,"href":"https:\/\/si-cannaby.com\/hr\/wp-json\/wp\/v2\/product_brand?post=1439"},{"taxonomy":"product_cat","embeddable":true,"href":"https:\/\/si-cannaby.com\/hr\/wp-json\/wp\/v2\/product_cat?post=1439"},{"taxonomy":"product_tag","embeddable":true,"href":"https:\/\/si-cannaby.com\/hr\/wp-json\/wp\/v2\/product_tag?post=1439"}],"curies":[{"name":"wp","href":"https:\/\/api.w.org\/{rel}","templated":true}]}}