{"id":1480,"date":"2021-06-23T14:00:41","date_gmt":"2021-06-23T12:00:41","guid":{"rendered":"https:\/\/si-cannaby.com\/?post_type=product&#038;p=1480"},"modified":"2026-01-16T14:22:25","modified_gmt":"2026-01-16T12:22:25","slug":"cbd-kapljice-10","status":"publish","type":"product","link":"https:\/\/si-cannaby.com\/hr\/izdelek\/cbd-kapljice-10\/","title":{"rendered":"CBD konopljino ulje 10% \u2013 10 ml"},"content":{"rendered":"<p><strong>Na voljo v stekleni\u010dkah s pipeto po 10ml. Izdelek vsebuje 10%(1000mg) kanabidiola( CBD) in ostale kanabinoide. Narejen je iz smole industrijske konoplje( Cannabis sativa L.), razred\u010dene v olj\u010dnem olju. V postopku ekstrakcije kanabidiola se ohranijo tudi vsi drugi kanabinoidi, terpeni, flavonoidi in hranila.<\/strong><\/p>\n<p><br data-start=\"270\" data-end=\"273\" \/>Na\u0161e <strong data-start=\"278\" data-end=\"309\">CBD konopljino ulje 10% \u2013 10 ml<\/strong> idealan je izbor za one koji tra\u017ee u\u010dinkovito prirodno rje\u0161enje za podr\u0161ku fizi\u010dkom i mentalnom zdravlju. S 10% koncentracije kanabidiola (CBD) po bo\u010dici od 10 ml, ja\u010de je od ulja od 5%, ali manje intenzivni od ulja 15%. Odli\u010dan je izbor za svakodnevnu upotrebu, jer nudi uravnote\u017eene u\u010dinke koji podr\u017eava va\u0161e blagostanje.<\/p>\n<p data-start=\"663\" data-end=\"1108\"><strong data-start=\"666\" data-end=\"710\">Puni spektar \u2013 dobrobiti cijele biljke<\/strong> <br data-start=\"713\" data-end=\"716\" \/>Na\u0161e ulje je izra\u0111eno od konoplje punog spektra, \u0161to zna\u010di da sadr\u017ei sve prirodne spojeve koji se nalaze u biljci - uz CBD, druge kanabinoide, terpenoide i flavonoide. Ova kombinacija poma\u017ee u postizanju \"efekta okru\u017eenja\", gdje razli\u010diti sastojci djeluju sinergijski za jo\u0161 bolje rezultate. Na taj na\u010din \u0107ete iskoristiti sve dobrobiti kanabisa bez osje\u0107aja nadutosti.<\/p>\n<p data-start=\"1110\" data-end=\"1169\"><strong data-start=\"1113\" data-end=\"1164\">Za\u0161to odabrati CBD kapi 10% punog spektra?<\/strong><\/p>\n<ul data-start=\"1170\" data-end=\"2017\">\n<li data-start=\"1170\" data-end=\"1387\"><strong data-start=\"1172\" data-end=\"1212\">Optimalna snaga za svakodnevnu podr\u0161ku<\/strong>: S koncentracijom od 10% CBD-a, kapi su dovoljno jake da podr\u017ee va\u0161e zdravlje i dobrobit, ali nisu previ\u0161e jake, \u0161to ih \u010dini lakim za uklju\u010divanje u va\u0161u dnevnu rutinu.<\/li>\n<li data-start=\"1388\" data-end=\"1531\"><strong data-start=\"1390\" data-end=\"1419\">Podr\u0161ka mentalnom zdravlju<\/strong>: CBD poma\u017ee u smanjenju stresa, tjeskobe i napetosti, omogu\u0107uju\u0107i ve\u0107u relaksaciju i unutarnju ravnote\u017eu.<\/li>\n<li data-start=\"1532\" data-end=\"1676\"><strong data-start=\"1534\" data-end=\"1551\">Bolji san<\/strong>: Pobolj\u0161anjem ravnote\u017ee u tijelu, CBD poma\u017ee kvalitetnom snu koji je klju\u010dan za regeneraciju tijela i uma.<\/li>\n<li data-start=\"1677\" data-end=\"1840\"><strong data-start=\"1679\" data-end=\"1696\">Puni spektar<\/strong>: Na\u0161e ulje sadr\u017ee sve kanabinoide, terpenoide i flavonoide iz kanabisa, \u0161to pove\u0107ava u\u010dinkovitost CBD-a i omogu\u0107uje cjelovito djelovanje.<\/li>\n<li data-start=\"1841\" data-end=\"2017\"><strong data-start=\"1843\" data-end=\"1864\">Legalno i sigurno<\/strong>: Na\u0161e ulje sadr\u017ee manje od 0,2% THC-a, \u0161to je u skladu sa zakonom, tako da ne izazivaju osje\u0107aj \"napu\u0161enosti\" i potpuno su sigurne za upotrebu.<\/li>\n<\/ul>\n<p>&nbsp;<\/p>\n<p data-start=\"2398\" data-end=\"2698\"><strong data-start=\"2401\" data-end=\"2443\">Visoka kvaliteta i sljedivost proizvoda<\/strong> <br data-start=\"2446\" data-end=\"2449\" \/>Na\u0161e ulje je testirano u laboratoriju, kako bi se osigurala njihova \u010disto\u0107a, sadr\u017eaj CBD-a i uskla\u0111enost sa zakonskim ograni\u010denjima THC-a (manje od 0,2%). To osigurava da imate proizvod koji je siguran, u\u010dinkovit i potpuno legalan.<\/p>\n<p data-start=\"2882\" data-end=\"3288\"><strong data-start=\"2885\" data-end=\"2915\">Za\u0161to odabrati na\u0161 proizvod?<\/strong> <br data-start=\"2918\" data-end=\"2921\" \/>Na\u0161e CBD ulje napravljeno s ljubavlju i pa\u017enjom kako bismo vam ponudili proizvod najvi\u0161e kvalitete. Prirodnim uzgojem i punim spektrom kanabinoida omogu\u0107ujemo vam da u\u017eivate u prirodnoj mo\u0107i  koji na prirodan na\u010din podr\u017eava va\u0161e zdravlje i dobrobit. Na\u0161a predanost kvaliteti i sigurnosti zna\u010di da mo\u017eete vjerovati u\u010dinkovitosti i \u010disto\u0107i na\u0161ih proizvoda.<\/p>\n<p>&nbsp;<\/p>\n<p><strong>Upozorenje: Preporu\u010dena dnevna doza ne smije se prekora\u010diti. \u010cuvati izvan dohvata djece. Dodatak prehrani nije zamjena za uravnote\u017eenu i raznoliku prehranu. Dodatak prehrani nije prikladan za djecu mla\u0111u od 15 godina, trudnice i dojilje.<\/strong><\/p>\n<p><span style=\"font-size: 11.5pt; font-family: 'Arial',sans-serif; color: #3a3a3a;\"><a href=\"https:\/\/si-cannaby.com\/wp-content\/uploads\/2022\/10\/tick-mark-ok-305245.png\"><img decoding=\"async\" class=\"wp-image-6367 alignright\" src=\"https:\/\/si-cannaby.com\/wp-content\/uploads\/2022\/10\/tick-mark-ok-305245-300x278.png\" alt=\"tick, mark, ok-305245.jpg\" width=\"16\" height=\"15\" srcset=\"https:\/\/si-cannaby.com\/wp-content\/uploads\/2022\/10\/tick-mark-ok-305245-300x300.png 300w, https:\/\/si-cannaby.com\/wp-content\/uploads\/2022\/10\/tick-mark-ok-305245-1024x949.png 1024w, https:\/\/si-cannaby.com\/wp-content\/uploads\/2022\/10\/tick-mark-ok-305245-150x150.png 150w, https:\/\/si-cannaby.com\/wp-content\/uploads\/2022\/10\/tick-mark-ok-305245-768x712.png 768w, https:\/\/si-cannaby.com\/wp-content\/uploads\/2022\/10\/tick-mark-ok-305245-600x556.png 600w, https:\/\/si-cannaby.com\/wp-content\/uploads\/2022\/10\/tick-mark-ok-305245-100x100.png 100w, https:\/\/si-cannaby.com\/wp-content\/uploads\/2022\/10\/tick-mark-ok-305245.png 1280w\" sizes=\"(max-width: 16px) 100vw, 16px\" \/><\/a><\/span><\/p>","protected":false},"excerpt":{"rendered":"<ul>\n<li>CBD: 1000mg<\/li>\n<li>Koli\u010dina: 10 ml {250 kapljic}<\/li>\n<li>Laboratorijska analiza<\/li>\n<li>Manje od 0,2% THC-a<\/li>\n<li>Cijeli spektar kanabinoida.<\/li>\n<li>BEZ kemikalija, BEZ pesticida, BEZ te\u0161kih metala, BEZ GMO-a<\/li>\n<li>Prikladno za vegane<\/li>\n<li>Kontrolirani proces proizvodnje<\/li>\n<li>\u010cuvati na tamnom i hladnom mjestu<\/li>\n<\/ul>","protected":false},"featured_media":6360,"comment_status":"open","ping_status":"closed","template":"","meta":{"site-sidebar-layout":"default","site-content-layout":"default","ast-site-content-layout":"default","site-content-style":"default","site-sidebar-style":"default","ast-global-header-display":"","ast-banner-title-visibility":"","ast-main-header-display":"","ast-hfb-above-header-display":"","ast-hfb-below-header-display":"","ast-hfb-mobile-header-display":"","site-post-title":"","ast-breadcrumbs-content":"","ast-featured-img":"","footer-sml-layout":"","ast-disable-related-posts":"","theme-transparent-header-meta":"default","adv-header-id-meta":"","stick-header-meta":"","header-above-stick-meta":"","header-main-stick-meta":"","header-below-stick-meta":"","astra-migrate-meta-layouts":"set","ast-page-background-enabled":"default","ast-page-background-meta":{"desktop":{"background-color":"","background-image":"","background-repeat":"repeat","background-position":"center center","background-size":"auto","background-attachment":"scroll","background-type":"","background-media":"","overlay-type":"","overlay-color":"","overlay-opacity":"","overlay-gradient":""},"tablet":{"background-color":"","background-image":"","background-repeat":"repeat","background-position":"center center","background-size":"auto","background-attachment":"scroll","background-type":"","background-media":"","overlay-type":"","overlay-color":"","overlay-opacity":"","overlay-gradient":""},"mobile":{"background-color":"","background-image":"","background-repeat":"repeat","background-position":"center center","background-size":"auto","background-attachment":"scroll","background-type":"","background-media":"","overlay-type":"","overlay-color":"","overlay-opacity":"","overlay-gradient":""}},"ast-content-background-meta":{"desktop":{"background-color":"var(--ast-global-color-5)","background-image":"","background-repeat":"repeat","background-position":"center center","background-size":"auto","background-attachment":"scroll","background-type":"","background-media":"","overlay-type":"","overlay-color":"","overlay-opacity":"","overlay-gradient":""},"tablet":{"background-color":"var(--ast-global-color-5)","background-image":"","background-repeat":"repeat","background-position":"center center","background-size":"auto","background-attachment":"scroll","background-type":"","background-media":"","overlay-type":"","overlay-color":"","overlay-opacity":"","overlay-gradient":""},"mobile":{"background-color":"var(--ast-global-color-5)","background-image":"","background-repeat":"repeat","background-position":"center center","background-size":"auto","background-attachment":"scroll","background-type":"","background-media":"","overlay-type":"","overlay-color":"","overlay-opacity":"","overlay-gradient":""}}},"product_brand":[],"product_cat":[15],"product_tag":[],"class_list":{"0":"post-1480","1":"product","2":"type-product","3":"status-publish","4":"has-post-thumbnail","6":"product_cat-izdelki-iz-konoplje","7":"desktop-align-left","8":"tablet-align-left","9":"mobile-align-left","11":"first","12":"instock","13":"taxable","14":"shipping-taxable","15":"purchasable","16":"product-type-simple"},"yoast_head":"<!-- This site is optimized with the Yoast SEO plugin v27.4 - https:\/\/yoast.com\/product\/yoast-seo-wordpress\/ -->\n<title>CBD konopljine kapljice 10% - 10ml<\/title>\n<meta name=\"description\" content=\"Na voljo v stekleni\u010dkah s pipeto po 10ml. Izdelek vsebuje 10% (1000mg) kanabidiola( CBD) in ostale kanabinoide. Narejene so iz smole industrijske konoplje.\" \/>\n<meta name=\"robots\" content=\"index, follow, max-snippet:-1, max-image-preview:large, max-video-preview:-1\" \/>\n<link rel=\"canonical\" href=\"https:\/\/si-cannaby.com\/hr\/proizvod\/cbd-kapljice-10\/\" \/>\n<meta property=\"og:locale\" content=\"hr_HR\" \/>\n<meta property=\"og:type\" content=\"article\" \/>\n<meta property=\"og:title\" content=\"CBD konopljine kapljice 10% - 10ml\" \/>\n<meta property=\"og:description\" content=\"Na voljo v stekleni\u010dkah s pipeto po 10ml. Izdelek vsebuje 10% (1000mg) kanabidiola( CBD) in ostale kanabinoide. Narejene so iz smole industrijske konoplje.\" \/>\n<meta property=\"og:url\" content=\"https:\/\/si-cannaby.com\/hr\/proizvod\/cbd-kapljice-10\/\" \/>\n<meta property=\"og:site_name\" content=\"Spletna trgovina s CBD izdelki - SI CANNABY\" \/>\n<meta property=\"article:publisher\" content=\"https:\/\/www.facebook.com\/people\/SI-cannaby\/100064213053948\/\" \/>\n<meta property=\"article:modified_time\" content=\"2026-01-16T12:22:25+00:00\" \/>\n<meta property=\"og:image\" content=\"https:\/\/si-cannaby.com\/wp-content\/uploads\/2021\/06\/CBD-10-1-1.webp\" \/>\n\t<meta property=\"og:image:width\" content=\"524\" \/>\n\t<meta property=\"og:image:height\" content=\"598\" \/>\n\t<meta property=\"og:image:type\" content=\"image\/webp\" \/>\n<meta name=\"twitter:card\" content=\"summary_large_image\" \/>\n<meta name=\"twitter:label1\" content=\"Procijenjeno vrijeme \u010ditanja\" \/>\n\t<meta name=\"twitter:data1\" content=\"2 minute\" \/>\n<script type=\"application\/ld+json\" class=\"yoast-schema-graph\">{\"@context\":\"https:\\\/\\\/schema.org\",\"@graph\":[{\"@type\":\"WebPage\",\"@id\":\"https:\\\/\\\/si-cannaby.com\\\/izdelek\\\/cbd-kapljice-10\\\/\",\"url\":\"https:\\\/\\\/si-cannaby.com\\\/izdelek\\\/cbd-kapljice-10\\\/\",\"name\":\"CBD konopljine kapljice 10% - 10ml\",\"isPartOf\":{\"@id\":\"https:\\\/\\\/si-cannaby.com\\\/#website\"},\"primaryImageOfPage\":{\"@id\":\"https:\\\/\\\/si-cannaby.com\\\/izdelek\\\/cbd-kapljice-10\\\/#primaryimage\"},\"image\":{\"@id\":\"https:\\\/\\\/si-cannaby.com\\\/izdelek\\\/cbd-kapljice-10\\\/#primaryimage\"},\"thumbnailUrl\":\"https:\\\/\\\/si-cannaby.com\\\/wp-content\\\/uploads\\\/2021\\\/06\\\/CBD-10-1-1.webp\",\"datePublished\":\"2021-06-23T12:00:41+00:00\",\"dateModified\":\"2026-01-16T12:22:25+00:00\",\"description\":\"Na voljo v stekleni\u010dkah s pipeto po 10ml. Izdelek vsebuje 10% (1000mg) kanabidiola( CBD) in ostale kanabinoide. Narejene so iz smole industrijske konoplje.\",\"breadcrumb\":{\"@id\":\"https:\\\/\\\/si-cannaby.com\\\/izdelek\\\/cbd-kapljice-10\\\/#breadcrumb\"},\"inLanguage\":\"hr\",\"potentialAction\":[{\"@type\":\"ReadAction\",\"target\":[\"https:\\\/\\\/si-cannaby.com\\\/izdelek\\\/cbd-kapljice-10\\\/\"]}]},{\"@type\":\"ImageObject\",\"inLanguage\":\"hr\",\"@id\":\"https:\\\/\\\/si-cannaby.com\\\/izdelek\\\/cbd-kapljice-10\\\/#primaryimage\",\"url\":\"https:\\\/\\\/si-cannaby.com\\\/wp-content\\\/uploads\\\/2021\\\/06\\\/CBD-10-1-1.webp\",\"contentUrl\":\"https:\\\/\\\/si-cannaby.com\\\/wp-content\\\/uploads\\\/2021\\\/06\\\/CBD-10-1-1.webp\",\"width\":524,\"height\":598},{\"@type\":\"BreadcrumbList\",\"@id\":\"https:\\\/\\\/si-cannaby.com\\\/izdelek\\\/cbd-kapljice-10\\\/#breadcrumb\",\"itemListElement\":[{\"@type\":\"ListItem\",\"position\":1,\"name\":\"Domov\",\"item\":\"https:\\\/\\\/si-cannaby.com\\\/\"},{\"@type\":\"ListItem\",\"position\":2,\"name\":\"Izdelki\",\"item\":\"https:\\\/\\\/si-cannaby.com\\\/shop\\\/\"},{\"@type\":\"ListItem\",\"position\":3,\"name\":\"CBD konopljine kapljice 10% &#8211; 10ml\"}]},{\"@type\":\"WebSite\",\"@id\":\"https:\\\/\\\/si-cannaby.com\\\/#website\",\"url\":\"https:\\\/\\\/si-cannaby.com\\\/\",\"name\":\"CBD kapljice in smola - Spletna trgovina\",\"description\":\"\",\"publisher\":{\"@id\":\"https:\\\/\\\/si-cannaby.com\\\/#organization\"},\"alternateName\":\"SI CANNABY\",\"potentialAction\":[{\"@type\":\"SearchAction\",\"target\":{\"@type\":\"EntryPoint\",\"urlTemplate\":\"https:\\\/\\\/si-cannaby.com\\\/?s={search_term_string}\"},\"query-input\":{\"@type\":\"PropertyValueSpecification\",\"valueRequired\":true,\"valueName\":\"search_term_string\"}}],\"inLanguage\":\"hr\"},{\"@type\":\"Organization\",\"@id\":\"https:\\\/\\\/si-cannaby.com\\\/#organization\",\"name\":\"SI CANNABY\",\"alternateName\":\"Spletna prodaja konopljinih CBD izdelkov\",\"url\":\"https:\\\/\\\/si-cannaby.com\\\/\",\"logo\":{\"@type\":\"ImageObject\",\"inLanguage\":\"hr\",\"@id\":\"https:\\\/\\\/si-cannaby.com\\\/#\\\/schema\\\/logo\\\/image\\\/\",\"url\":\"https:\\\/\\\/si-cannaby.com\\\/wp-content\\\/uploads\\\/2022\\\/10\\\/LOGO11-1.webp\",\"contentUrl\":\"https:\\\/\\\/si-cannaby.com\\\/wp-content\\\/uploads\\\/2022\\\/10\\\/LOGO11-1.webp\",\"width\":992,\"height\":198,\"caption\":\"SI CANNABY\"},\"image\":{\"@id\":\"https:\\\/\\\/si-cannaby.com\\\/#\\\/schema\\\/logo\\\/image\\\/\"},\"sameAs\":[\"https:\\\/\\\/www.facebook.com\\\/people\\\/SI-cannaby\\\/100064213053948\\\/\"]}]}<\/script>\n<!-- \/ Yoast SEO plugin. -->","yoast_head_json":{"title":"CBD konopljine kapljice 10% - 10ml","description":"Na voljo v stekleni\u010dkah s pipeto po 10ml. Izdelek vsebuje 10% (1000mg) kanabidiola( CBD) in ostale kanabinoide. Narejene so iz smole industrijske konoplje.","robots":{"index":"index","follow":"follow","max-snippet":"max-snippet:-1","max-image-preview":"max-image-preview:large","max-video-preview":"max-video-preview:-1"},"canonical":"https:\/\/si-cannaby.com\/hr\/proizvod\/cbd-kapljice-10\/","og_locale":"hr_HR","og_type":"article","og_title":"CBD konopljine kapljice 10% - 10ml","og_description":"Na voljo v stekleni\u010dkah s pipeto po 10ml. Izdelek vsebuje 10% (1000mg) kanabidiola( CBD) in ostale kanabinoide. Narejene so iz smole industrijske konoplje.","og_url":"https:\/\/si-cannaby.com\/hr\/proizvod\/cbd-kapljice-10\/","og_site_name":"Spletna trgovina s CBD izdelki - SI CANNABY","article_publisher":"https:\/\/www.facebook.com\/people\/SI-cannaby\/100064213053948\/","article_modified_time":"2026-01-16T12:22:25+00:00","og_image":[{"width":524,"height":598,"url":"https:\/\/si-cannaby.com\/wp-content\/uploads\/2021\/06\/CBD-10-1-1.webp","type":"image\/webp"}],"twitter_card":"summary_large_image","twitter_misc":{"Procijenjeno vrijeme \u010ditanja":"2 minute"},"schema":{"@context":"https:\/\/schema.org","@graph":[{"@type":"WebPage","@id":"https:\/\/si-cannaby.com\/izdelek\/cbd-kapljice-10\/","url":"https:\/\/si-cannaby.com\/izdelek\/cbd-kapljice-10\/","name":"CBD konopljine kapljice 10% - 10ml","isPartOf":{"@id":"https:\/\/si-cannaby.com\/#website"},"primaryImageOfPage":{"@id":"https:\/\/si-cannaby.com\/izdelek\/cbd-kapljice-10\/#primaryimage"},"image":{"@id":"https:\/\/si-cannaby.com\/izdelek\/cbd-kapljice-10\/#primaryimage"},"thumbnailUrl":"https:\/\/si-cannaby.com\/wp-content\/uploads\/2021\/06\/CBD-10-1-1.webp","datePublished":"2021-06-23T12:00:41+00:00","dateModified":"2026-01-16T12:22:25+00:00","description":"Na voljo v stekleni\u010dkah s pipeto po 10ml. Izdelek vsebuje 10% (1000mg) kanabidiola( CBD) in ostale kanabinoide. Narejene so iz smole industrijske konoplje.","breadcrumb":{"@id":"https:\/\/si-cannaby.com\/izdelek\/cbd-kapljice-10\/#breadcrumb"},"inLanguage":"hr","potentialAction":[{"@type":"ReadAction","target":["https:\/\/si-cannaby.com\/izdelek\/cbd-kapljice-10\/"]}]},{"@type":"ImageObject","inLanguage":"hr","@id":"https:\/\/si-cannaby.com\/izdelek\/cbd-kapljice-10\/#primaryimage","url":"https:\/\/si-cannaby.com\/wp-content\/uploads\/2021\/06\/CBD-10-1-1.webp","contentUrl":"https:\/\/si-cannaby.com\/wp-content\/uploads\/2021\/06\/CBD-10-1-1.webp","width":524,"height":598},{"@type":"BreadcrumbList","@id":"https:\/\/si-cannaby.com\/izdelek\/cbd-kapljice-10\/#breadcrumb","itemListElement":[{"@type":"ListItem","position":1,"name":"Domov","item":"https:\/\/si-cannaby.com\/"},{"@type":"ListItem","position":2,"name":"Izdelki","item":"https:\/\/si-cannaby.com\/shop\/"},{"@type":"ListItem","position":3,"name":"CBD konopljine kapljice 10% &#8211; 10ml"}]},{"@type":"WebSite","@id":"https:\/\/si-cannaby.com\/#website","url":"https:\/\/si-cannaby.com\/","name":"CBD kapljice in smola - Spletna trgovina","description":"","publisher":{"@id":"https:\/\/si-cannaby.com\/#organization"},"alternateName":"SI CANNABY","potentialAction":[{"@type":"SearchAction","target":{"@type":"EntryPoint","urlTemplate":"https:\/\/si-cannaby.com\/?s={search_term_string}"},"query-input":{"@type":"PropertyValueSpecification","valueRequired":true,"valueName":"search_term_string"}}],"inLanguage":"hr"},{"@type":"Organization","@id":"https:\/\/si-cannaby.com\/#organization","name":"SI CANNABY","alternateName":"Spletna prodaja konopljinih CBD izdelkov","url":"https:\/\/si-cannaby.com\/","logo":{"@type":"ImageObject","inLanguage":"hr","@id":"https:\/\/si-cannaby.com\/#\/schema\/logo\/image\/","url":"https:\/\/si-cannaby.com\/wp-content\/uploads\/2022\/10\/LOGO11-1.webp","contentUrl":"https:\/\/si-cannaby.com\/wp-content\/uploads\/2022\/10\/LOGO11-1.webp","width":992,"height":198,"caption":"SI CANNABY"},"image":{"@id":"https:\/\/si-cannaby.com\/#\/schema\/logo\/image\/"},"sameAs":["https:\/\/www.facebook.com\/people\/SI-cannaby\/100064213053948\/"]}]}},"_links":{"self":[{"href":"https:\/\/si-cannaby.com\/hr\/wp-json\/wp\/v2\/product\/1480","targetHints":{"allow":["GET"]}}],"collection":[{"href":"https:\/\/si-cannaby.com\/hr\/wp-json\/wp\/v2\/product"}],"about":[{"href":"https:\/\/si-cannaby.com\/hr\/wp-json\/wp\/v2\/types\/product"}],"replies":[{"embeddable":true,"href":"https:\/\/si-cannaby.com\/hr\/wp-json\/wp\/v2\/comments?post=1480"}],"wp:featuredmedia":[{"embeddable":true,"href":"https:\/\/si-cannaby.com\/hr\/wp-json\/wp\/v2\/media\/6360"}],"wp:attachment":[{"href":"https:\/\/si-cannaby.com\/hr\/wp-json\/wp\/v2\/media?parent=1480"}],"wp:term":[{"taxonomy":"product_brand","embeddable":true,"href":"https:\/\/si-cannaby.com\/hr\/wp-json\/wp\/v2\/product_brand?post=1480"},{"taxonomy":"product_cat","embeddable":true,"href":"https:\/\/si-cannaby.com\/hr\/wp-json\/wp\/v2\/product_cat?post=1480"},{"taxonomy":"product_tag","embeddable":true,"href":"https:\/\/si-cannaby.com\/hr\/wp-json\/wp\/v2\/product_tag?post=1480"}],"curies":[{"name":"wp","href":"https:\/\/api.w.org\/{rel}","templated":true}]}}