{"id":1483,"date":"2021-06-23T14:04:05","date_gmt":"2021-06-23T12:04:05","guid":{"rendered":"https:\/\/si-cannaby.com\/?post_type=product&#038;p=1483"},"modified":"2026-02-05T10:13:26","modified_gmt":"2026-02-05T08:13:26","slug":"cbd-kapljice-15","status":"publish","type":"product","link":"https:\/\/si-cannaby.com\/hr\/izdelek\/cbd-kapljice-15\/","title":{"rendered":"CBD konopljino ulje 15% \u2013 10 ml"},"content":{"rendered":"<p><strong>Dostupan u bo\u010dicama s pipetom od 10 ml. Proizvod sadr\u017ei 15% (1500 mg) kanabidiola (CBD) i druge kanabinoide. Proizvodi se od smole industrijske konoplje (Cannabis sativa L.), razrije\u0111ene u maslinovom ulju. Proces ekstrakcije kanabidiola tako\u0111er \u010duva sve ostale kanabinoide, terpene, flavonoide i hranjive tvari.<\/strong><\/p>\n<p>Na\u0161e\u00a0<strong>CBD konopljino ulje 15%, 10ml<\/strong>\u00a0je posebno osmi\u0161ljeno za one koji tra\u017ee\u00a0<strong>ja\u010du i intenzivniju podr\u0161ku<\/strong>. Sa svojim ve\u0107im postotkom CBD-a pogodno je za svakoga tko \u017eeli posti\u0107i\u00a0<strong>preciznije i br\u017ee rezultate<\/strong>\u00a0u upravljanju fizi\u010dkih i mentalnih izazova.<\/p>\n<p>&nbsp;<\/p>\n<h4>&#8211;\u00a0 <strong>Izjemna mo\u010d za zahtevnej\u0161e potrebe. S<\/strong>o <strong>odli\u010dna izbira, \u010de potrebujete:<\/strong><\/h4>\n<ul>\n<li>\u00a0<strong>Potpora tijekom te\u0161kih fizi\u010dkih napora<\/strong>\u00a0i regeneraciji.<\/li>\n<li><strong>Prirodna pomo\u0107 kod stresa, tjeskobe ili pove\u0107ane napetosti<\/strong>.<\/li>\n<li><strong>U\u010dinkovit poticaj za pove\u0107ani fokus i mentalnu jasno\u0107u<\/strong>.<\/li>\n<li><strong>Olak\u0161anje problema sa spavanjem<\/strong>\u00a0i problemima koje donosi svakodnevni tempo.<\/li>\n<\/ul>\n<p>&nbsp;<\/p>\n<h4><strong>&#8211;\u00a0 Visoka koncentracija za bolj\u0161e rezultate<\/strong><\/h4>\n<ul>\n<li><strong>15% prirodni CBD<\/strong>, dobivenih iz pa\u017eljivo odabrane\u00a0<strong>industrijske konoplje<\/strong>.<\/li>\n<li><strong>Visoka koncentracija CBD-a<\/strong>\u00a0za br\u017eu i sna\u017eniju podr\u0161ku va\u0161em tijelu i umu.<\/li>\n<li><strong>POLNI SPEKTAR<\/strong>\u00a0sinergijsko djelovanje<\/li>\n<li><strong>Bez umjetnih dodataka<\/strong>\u00a0\u2013 prirodno i \u010disto za najbolje rezultate.<\/li>\n<\/ul>\n<p>&nbsp;<\/p>\n<h4>&#8211;\u00a0 <strong>Za\u0161to odabrati na\u0161e ja\u010de kapi?<\/strong><\/h4>\n<ul>\n<li>\u00a0<strong>Laboratorijski ispitano<\/strong>\u00a0za \u010disto\u0107u i sigurnost, bez nuspojava.<\/li>\n<li>\u00a0<strong>Idealan za zahtjevnije korisnike<\/strong>koji \u017eele intenzivniji u\u010dinak.<\/li>\n<li>\u00a0<strong>Precizno doziranje<\/strong>\u00a0s prakti\u010dnom kapaljkom za svakodnevnu upotrebu.<\/li>\n<li>\u00a0<strong>Visoka kvaliteta<\/strong>\u00a0za najbolje rezultate.<\/li>\n<\/ul>\n<p>&nbsp;<\/p>\n<p>Ako tra\u017eite ja\u010du podr\u0161ku, je\u00a0<strong>CBD konopljino ulje 15%, 10ml<\/strong>\u00a0pravi izbor za vas. Iskoristite prednosti prirode i postignite rezultate potrebne za bolje raspolo\u017eenje i vitalnost.<\/p>\n<p><strong>Upozorenje: Preporu\u010dena dnevna doza ne smije se prekora\u010diti. \u010cuvati izvan dohvata djece. Dodatak prehrani nije zamjena za uravnote\u017eenu i raznoliku prehranu. Dodatak prehrani nije prikladan za djecu mla\u0111u od 15 godina, trudnice i dojilje.<\/strong><\/p>\n<p><span style=\"font-size: 11.5pt; font-family: 'Arial',sans-serif; color: #3a3a3a;\"><a href=\"https:\/\/si-cannaby.com\/wp-content\/uploads\/2022\/10\/tick-mark-ok-305245.png\"><img decoding=\"async\" class=\"alignright wp-image-6367\" src=\"https:\/\/si-cannaby.com\/wp-content\/uploads\/2022\/10\/tick-mark-ok-305245-300x278.png\" alt=\"tick, mark, ok-305245.jpg\" width=\"16\" height=\"15\" srcset=\"https:\/\/si-cannaby.com\/wp-content\/uploads\/2022\/10\/tick-mark-ok-305245-300x300.png 300w, https:\/\/si-cannaby.com\/wp-content\/uploads\/2022\/10\/tick-mark-ok-305245-1024x949.png 1024w, https:\/\/si-cannaby.com\/wp-content\/uploads\/2022\/10\/tick-mark-ok-305245-150x150.png 150w, https:\/\/si-cannaby.com\/wp-content\/uploads\/2022\/10\/tick-mark-ok-305245-768x712.png 768w, https:\/\/si-cannaby.com\/wp-content\/uploads\/2022\/10\/tick-mark-ok-305245-600x556.png 600w, https:\/\/si-cannaby.com\/wp-content\/uploads\/2022\/10\/tick-mark-ok-305245-100x100.png 100w, https:\/\/si-cannaby.com\/wp-content\/uploads\/2022\/10\/tick-mark-ok-305245.png 1280w\" sizes=\"(max-width: 16px) 100vw, 16px\" \/><\/a><\/span><\/p>","protected":false},"excerpt":{"rendered":"<ul>\n<li>CBD: 1500mg<\/li>\n<li>Koli\u010dina: 10 ml {250 kapljic}<\/li>\n<li>Laboratorijska analiza<\/li>\n<li>Manje od 0,2% THC-a<\/li>\n<li>Cijeli spektar kanabinoida.<\/li>\n<li>BEZ kemikalija, BEZ pesticida, BEZ te\u0161kih metala, BEZ GMO-a<\/li>\n<li>Prikladno za vegane<\/li>\n<li>Kontrolirani proces proizvodnje<\/li>\n<li>\u010cuvati na tamnom i hladnom mjestu<\/li>\n<\/ul>\n<p>Najni\u017ea cijena u zadnjih 30 dana je 32,45 \u20ac<\/p>","protected":false},"featured_media":6361,"comment_status":"open","ping_status":"closed","template":"","meta":{"site-sidebar-layout":"default","site-content-layout":"default","ast-site-content-layout":"default","site-content-style":"default","site-sidebar-style":"default","ast-global-header-display":"","ast-banner-title-visibility":"","ast-main-header-display":"","ast-hfb-above-header-display":"","ast-hfb-below-header-display":"","ast-hfb-mobile-header-display":"","site-post-title":"","ast-breadcrumbs-content":"","ast-featured-img":"","footer-sml-layout":"","ast-disable-related-posts":"","theme-transparent-header-meta":"default","adv-header-id-meta":"","stick-header-meta":"","header-above-stick-meta":"","header-main-stick-meta":"","header-below-stick-meta":"","astra-migrate-meta-layouts":"set","ast-page-background-enabled":"default","ast-page-background-meta":{"desktop":{"background-color":"","background-image":"","background-repeat":"repeat","background-position":"center center","background-size":"auto","background-attachment":"scroll","background-type":"","background-media":"","overlay-type":"","overlay-color":"","overlay-opacity":"","overlay-gradient":""},"tablet":{"background-color":"","background-image":"","background-repeat":"repeat","background-position":"center center","background-size":"auto","background-attachment":"scroll","background-type":"","background-media":"","overlay-type":"","overlay-color":"","overlay-opacity":"","overlay-gradient":""},"mobile":{"background-color":"","background-image":"","background-repeat":"repeat","background-position":"center center","background-size":"auto","background-attachment":"scroll","background-type":"","background-media":"","overlay-type":"","overlay-color":"","overlay-opacity":"","overlay-gradient":""}},"ast-content-background-meta":{"desktop":{"background-color":"var(--ast-global-color-5)","background-image":"","background-repeat":"repeat","background-position":"center center","background-size":"auto","background-attachment":"scroll","background-type":"","background-media":"","overlay-type":"","overlay-color":"","overlay-opacity":"","overlay-gradient":""},"tablet":{"background-color":"var(--ast-global-color-5)","background-image":"","background-repeat":"repeat","background-position":"center center","background-size":"auto","background-attachment":"scroll","background-type":"","background-media":"","overlay-type":"","overlay-color":"","overlay-opacity":"","overlay-gradient":""},"mobile":{"background-color":"var(--ast-global-color-5)","background-image":"","background-repeat":"repeat","background-position":"center center","background-size":"auto","background-attachment":"scroll","background-type":"","background-media":"","overlay-type":"","overlay-color":"","overlay-opacity":"","overlay-gradient":""}}},"product_brand":[],"product_cat":[15],"product_tag":[],"class_list":{"0":"post-1483","1":"product","2":"type-product","3":"status-publish","4":"has-post-thumbnail","6":"product_cat-izdelki-iz-konoplje","7":"desktop-align-left","8":"tablet-align-left","9":"mobile-align-left","11":"first","12":"instock","13":"taxable","14":"shipping-taxable","15":"purchasable","16":"product-type-simple"},"yoast_head":"<!-- This site is optimized with the Yoast SEO plugin v27.4 - https:\/\/yoast.com\/product\/yoast-seo-wordpress\/ -->\n<title>CBD konopljine kapljice 15% - 10ml<\/title>\n<meta name=\"description\" content=\"CBD konopljine kapljice 15%, 10ml za intenzivno podporo pri stresu, regeneraciji in mentalni jasnosti. Mo\u010dna koncentracija za hitre in u\u010dinkovite rezultate.\" \/>\n<meta name=\"robots\" content=\"index, follow, max-snippet:-1, max-image-preview:large, max-video-preview:-1\" \/>\n<link rel=\"canonical\" href=\"https:\/\/si-cannaby.com\/hr\/proizvod\/cbd-kapljice-15\/\" \/>\n<meta property=\"og:locale\" content=\"hr_HR\" \/>\n<meta property=\"og:type\" content=\"article\" \/>\n<meta property=\"og:title\" content=\"CBD konopljine kapljice 15% - 10ml\" \/>\n<meta property=\"og:description\" content=\"CBD konopljine kapljice 15%, 10ml za intenzivno podporo pri stresu, regeneraciji in mentalni jasnosti. Mo\u010dna koncentracija za hitre in u\u010dinkovite rezultate.\" \/>\n<meta property=\"og:url\" content=\"https:\/\/si-cannaby.com\/hr\/proizvod\/cbd-kapljice-15\/\" \/>\n<meta property=\"og:site_name\" content=\"Spletna trgovina s CBD izdelki - SI CANNABY\" \/>\n<meta property=\"article:publisher\" content=\"https:\/\/www.facebook.com\/people\/SI-cannaby\/100064213053948\/\" \/>\n<meta property=\"article:modified_time\" content=\"2026-02-05T08:13:26+00:00\" \/>\n<meta property=\"og:image\" content=\"https:\/\/si-cannaby.com\/wp-content\/uploads\/2021\/06\/CBD-15-1-1.webp\" \/>\n\t<meta property=\"og:image:width\" content=\"524\" \/>\n\t<meta property=\"og:image:height\" content=\"598\" \/>\n\t<meta property=\"og:image:type\" content=\"image\/webp\" \/>\n<meta name=\"twitter:card\" content=\"summary_large_image\" \/>\n<meta name=\"twitter:label1\" content=\"Procijenjeno vrijeme \u010ditanja\" \/>\n\t<meta name=\"twitter:data1\" content=\"2 minute\" \/>\n<script type=\"application\/ld+json\" class=\"yoast-schema-graph\">{\"@context\":\"https:\\\/\\\/schema.org\",\"@graph\":[{\"@type\":\"WebPage\",\"@id\":\"https:\\\/\\\/si-cannaby.com\\\/izdelek\\\/cbd-kapljice-15\\\/\",\"url\":\"https:\\\/\\\/si-cannaby.com\\\/izdelek\\\/cbd-kapljice-15\\\/\",\"name\":\"CBD konopljine kapljice 15% - 10ml\",\"isPartOf\":{\"@id\":\"https:\\\/\\\/si-cannaby.com\\\/#website\"},\"primaryImageOfPage\":{\"@id\":\"https:\\\/\\\/si-cannaby.com\\\/izdelek\\\/cbd-kapljice-15\\\/#primaryimage\"},\"image\":{\"@id\":\"https:\\\/\\\/si-cannaby.com\\\/izdelek\\\/cbd-kapljice-15\\\/#primaryimage\"},\"thumbnailUrl\":\"https:\\\/\\\/si-cannaby.com\\\/wp-content\\\/uploads\\\/2021\\\/06\\\/CBD-15-1-1.webp\",\"datePublished\":\"2021-06-23T12:04:05+00:00\",\"dateModified\":\"2026-02-05T08:13:26+00:00\",\"description\":\"CBD konopljine kapljice 15%, 10ml za intenzivno podporo pri stresu, regeneraciji in mentalni jasnosti. Mo\u010dna koncentracija za hitre in u\u010dinkovite rezultate.\",\"breadcrumb\":{\"@id\":\"https:\\\/\\\/si-cannaby.com\\\/izdelek\\\/cbd-kapljice-15\\\/#breadcrumb\"},\"inLanguage\":\"hr\",\"potentialAction\":[{\"@type\":\"ReadAction\",\"target\":[\"https:\\\/\\\/si-cannaby.com\\\/izdelek\\\/cbd-kapljice-15\\\/\"]}]},{\"@type\":\"ImageObject\",\"inLanguage\":\"hr\",\"@id\":\"https:\\\/\\\/si-cannaby.com\\\/izdelek\\\/cbd-kapljice-15\\\/#primaryimage\",\"url\":\"https:\\\/\\\/si-cannaby.com\\\/wp-content\\\/uploads\\\/2021\\\/06\\\/CBD-15-1-1.webp\",\"contentUrl\":\"https:\\\/\\\/si-cannaby.com\\\/wp-content\\\/uploads\\\/2021\\\/06\\\/CBD-15-1-1.webp\",\"width\":524,\"height\":598},{\"@type\":\"BreadcrumbList\",\"@id\":\"https:\\\/\\\/si-cannaby.com\\\/izdelek\\\/cbd-kapljice-15\\\/#breadcrumb\",\"itemListElement\":[{\"@type\":\"ListItem\",\"position\":1,\"name\":\"Domov\",\"item\":\"https:\\\/\\\/si-cannaby.com\\\/\"},{\"@type\":\"ListItem\",\"position\":2,\"name\":\"Izdelki\",\"item\":\"https:\\\/\\\/si-cannaby.com\\\/shop\\\/\"},{\"@type\":\"ListItem\",\"position\":3,\"name\":\"CBD konopljine kapljice 15% &#8211; 10ml\"}]},{\"@type\":\"WebSite\",\"@id\":\"https:\\\/\\\/si-cannaby.com\\\/#website\",\"url\":\"https:\\\/\\\/si-cannaby.com\\\/\",\"name\":\"CBD kapljice in smola - Spletna trgovina\",\"description\":\"\",\"publisher\":{\"@id\":\"https:\\\/\\\/si-cannaby.com\\\/#organization\"},\"alternateName\":\"SI CANNABY\",\"potentialAction\":[{\"@type\":\"SearchAction\",\"target\":{\"@type\":\"EntryPoint\",\"urlTemplate\":\"https:\\\/\\\/si-cannaby.com\\\/?s={search_term_string}\"},\"query-input\":{\"@type\":\"PropertyValueSpecification\",\"valueRequired\":true,\"valueName\":\"search_term_string\"}}],\"inLanguage\":\"hr\"},{\"@type\":\"Organization\",\"@id\":\"https:\\\/\\\/si-cannaby.com\\\/#organization\",\"name\":\"SI CANNABY\",\"alternateName\":\"Spletna prodaja konopljinih CBD izdelkov\",\"url\":\"https:\\\/\\\/si-cannaby.com\\\/\",\"logo\":{\"@type\":\"ImageObject\",\"inLanguage\":\"hr\",\"@id\":\"https:\\\/\\\/si-cannaby.com\\\/#\\\/schema\\\/logo\\\/image\\\/\",\"url\":\"https:\\\/\\\/si-cannaby.com\\\/wp-content\\\/uploads\\\/2022\\\/10\\\/LOGO11-1.webp\",\"contentUrl\":\"https:\\\/\\\/si-cannaby.com\\\/wp-content\\\/uploads\\\/2022\\\/10\\\/LOGO11-1.webp\",\"width\":992,\"height\":198,\"caption\":\"SI CANNABY\"},\"image\":{\"@id\":\"https:\\\/\\\/si-cannaby.com\\\/#\\\/schema\\\/logo\\\/image\\\/\"},\"sameAs\":[\"https:\\\/\\\/www.facebook.com\\\/people\\\/SI-cannaby\\\/100064213053948\\\/\"]}]}<\/script>\n<!-- \/ Yoast SEO plugin. -->","yoast_head_json":{"title":"CBD konopljine kapljice 15% - 10ml","description":"CBD konopljine kapljice 15%, 10ml za intenzivno podporo pri stresu, regeneraciji in mentalni jasnosti. Mo\u010dna koncentracija za hitre in u\u010dinkovite rezultate.","robots":{"index":"index","follow":"follow","max-snippet":"max-snippet:-1","max-image-preview":"max-image-preview:large","max-video-preview":"max-video-preview:-1"},"canonical":"https:\/\/si-cannaby.com\/hr\/proizvod\/cbd-kapljice-15\/","og_locale":"hr_HR","og_type":"article","og_title":"CBD konopljine kapljice 15% - 10ml","og_description":"CBD konopljine kapljice 15%, 10ml za intenzivno podporo pri stresu, regeneraciji in mentalni jasnosti. Mo\u010dna koncentracija za hitre in u\u010dinkovite rezultate.","og_url":"https:\/\/si-cannaby.com\/hr\/proizvod\/cbd-kapljice-15\/","og_site_name":"Spletna trgovina s CBD izdelki - SI CANNABY","article_publisher":"https:\/\/www.facebook.com\/people\/SI-cannaby\/100064213053948\/","article_modified_time":"2026-02-05T08:13:26+00:00","og_image":[{"width":524,"height":598,"url":"https:\/\/si-cannaby.com\/wp-content\/uploads\/2021\/06\/CBD-15-1-1.webp","type":"image\/webp"}],"twitter_card":"summary_large_image","twitter_misc":{"Procijenjeno vrijeme \u010ditanja":"2 minute"},"schema":{"@context":"https:\/\/schema.org","@graph":[{"@type":"WebPage","@id":"https:\/\/si-cannaby.com\/izdelek\/cbd-kapljice-15\/","url":"https:\/\/si-cannaby.com\/izdelek\/cbd-kapljice-15\/","name":"CBD konopljine kapljice 15% - 10ml","isPartOf":{"@id":"https:\/\/si-cannaby.com\/#website"},"primaryImageOfPage":{"@id":"https:\/\/si-cannaby.com\/izdelek\/cbd-kapljice-15\/#primaryimage"},"image":{"@id":"https:\/\/si-cannaby.com\/izdelek\/cbd-kapljice-15\/#primaryimage"},"thumbnailUrl":"https:\/\/si-cannaby.com\/wp-content\/uploads\/2021\/06\/CBD-15-1-1.webp","datePublished":"2021-06-23T12:04:05+00:00","dateModified":"2026-02-05T08:13:26+00:00","description":"CBD konopljine kapljice 15%, 10ml za intenzivno podporo pri stresu, regeneraciji in mentalni jasnosti. Mo\u010dna koncentracija za hitre in u\u010dinkovite rezultate.","breadcrumb":{"@id":"https:\/\/si-cannaby.com\/izdelek\/cbd-kapljice-15\/#breadcrumb"},"inLanguage":"hr","potentialAction":[{"@type":"ReadAction","target":["https:\/\/si-cannaby.com\/izdelek\/cbd-kapljice-15\/"]}]},{"@type":"ImageObject","inLanguage":"hr","@id":"https:\/\/si-cannaby.com\/izdelek\/cbd-kapljice-15\/#primaryimage","url":"https:\/\/si-cannaby.com\/wp-content\/uploads\/2021\/06\/CBD-15-1-1.webp","contentUrl":"https:\/\/si-cannaby.com\/wp-content\/uploads\/2021\/06\/CBD-15-1-1.webp","width":524,"height":598},{"@type":"BreadcrumbList","@id":"https:\/\/si-cannaby.com\/izdelek\/cbd-kapljice-15\/#breadcrumb","itemListElement":[{"@type":"ListItem","position":1,"name":"Domov","item":"https:\/\/si-cannaby.com\/"},{"@type":"ListItem","position":2,"name":"Izdelki","item":"https:\/\/si-cannaby.com\/shop\/"},{"@type":"ListItem","position":3,"name":"CBD konopljine kapljice 15% &#8211; 10ml"}]},{"@type":"WebSite","@id":"https:\/\/si-cannaby.com\/#website","url":"https:\/\/si-cannaby.com\/","name":"CBD kapljice in smola - Spletna trgovina","description":"","publisher":{"@id":"https:\/\/si-cannaby.com\/#organization"},"alternateName":"SI CANNABY","potentialAction":[{"@type":"SearchAction","target":{"@type":"EntryPoint","urlTemplate":"https:\/\/si-cannaby.com\/?s={search_term_string}"},"query-input":{"@type":"PropertyValueSpecification","valueRequired":true,"valueName":"search_term_string"}}],"inLanguage":"hr"},{"@type":"Organization","@id":"https:\/\/si-cannaby.com\/#organization","name":"SI CANNABY","alternateName":"Spletna prodaja konopljinih CBD izdelkov","url":"https:\/\/si-cannaby.com\/","logo":{"@type":"ImageObject","inLanguage":"hr","@id":"https:\/\/si-cannaby.com\/#\/schema\/logo\/image\/","url":"https:\/\/si-cannaby.com\/wp-content\/uploads\/2022\/10\/LOGO11-1.webp","contentUrl":"https:\/\/si-cannaby.com\/wp-content\/uploads\/2022\/10\/LOGO11-1.webp","width":992,"height":198,"caption":"SI CANNABY"},"image":{"@id":"https:\/\/si-cannaby.com\/#\/schema\/logo\/image\/"},"sameAs":["https:\/\/www.facebook.com\/people\/SI-cannaby\/100064213053948\/"]}]}},"_links":{"self":[{"href":"https:\/\/si-cannaby.com\/hr\/wp-json\/wp\/v2\/product\/1483","targetHints":{"allow":["GET"]}}],"collection":[{"href":"https:\/\/si-cannaby.com\/hr\/wp-json\/wp\/v2\/product"}],"about":[{"href":"https:\/\/si-cannaby.com\/hr\/wp-json\/wp\/v2\/types\/product"}],"replies":[{"embeddable":true,"href":"https:\/\/si-cannaby.com\/hr\/wp-json\/wp\/v2\/comments?post=1483"}],"wp:featuredmedia":[{"embeddable":true,"href":"https:\/\/si-cannaby.com\/hr\/wp-json\/wp\/v2\/media\/6361"}],"wp:attachment":[{"href":"https:\/\/si-cannaby.com\/hr\/wp-json\/wp\/v2\/media?parent=1483"}],"wp:term":[{"taxonomy":"product_brand","embeddable":true,"href":"https:\/\/si-cannaby.com\/hr\/wp-json\/wp\/v2\/product_brand?post=1483"},{"taxonomy":"product_cat","embeddable":true,"href":"https:\/\/si-cannaby.com\/hr\/wp-json\/wp\/v2\/product_cat?post=1483"},{"taxonomy":"product_tag","embeddable":true,"href":"https:\/\/si-cannaby.com\/hr\/wp-json\/wp\/v2\/product_tag?post=1483"}],"curies":[{"name":"wp","href":"https:\/\/api.w.org\/{rel}","templated":true}]}}