{"id":1486,"date":"2021-06-23T14:09:42","date_gmt":"2021-06-23T12:09:42","guid":{"rendered":"https:\/\/si-cannaby.com\/?post_type=product&#038;p=1486"},"modified":"2025-11-25T15:05:50","modified_gmt":"2025-11-25T13:05:50","slug":"cbd-kapljice-25","status":"publish","type":"product","link":"https:\/\/si-cannaby.com\/hr\/izdelek\/cbd-kapljice-25\/","title":{"rendered":"CBD konopljino ulje 25% \u2013 10 ml"},"content":{"rendered":"<p><strong>Dostupan u bo\u010dicama s pipetom od 10 ml. Proizvod sadr\u017ei 25% (2500 mg) kanabidiola (CBD) i druge kanabinoide. Proizvodi se od smole industrijske konoplje (Cannabis sativa L.), razrije\u0111ene u maslinovom ulju. Proces ekstrakcije kanabidiola tako\u0111er \u010duva sve ostale kanabinoide, terpene, flavonoide i hranjive tvari.<\/strong><\/p>\n<p>Na\u0161e\u00a0<strong>CBD konopljino ulje 25% \u2013 10 ml<\/strong>\u00a0je najja\u010de ulje koje nudi istu visoku kvalitetu i osobnost\u00a0<strong>CBD-ja<\/strong>, poput na\u0161e\u00a0<strong>CBD smole\/paste 50%  -  5ml<\/strong>, ali je lak\u0161e za kori\u0161tenje. Sa svojom visokom koncentracijom CBD-a, posebno je formuliran za one koji tra\u017ee\u00a0<strong>intenzivnu i u\u010dinkovitu podr\u0161ku<\/strong>, ali u isto vrijeme \u017eele jednostavno i precizno doziranje.<\/p>\n<h3><\/h3>\n<h3>&#8211; <strong>Za\u0161to odabrati CBD konopljino ulje 25%?<\/strong><\/h3>\n<ul>\n<li><strong>Visoka koncentracija CBD-a<\/strong> \u2013 posti\u0107i brze i u\u010dinkovite rezultate s 25% CBD-a.<\/li>\n<li><strong>Lak\u0161e doziranje<\/strong>\u00a0- s prakti\u010dnom\u00a0<strong>kapalkom<\/strong> lahko natan\u010dno prilagodite odmerek, kar omogo\u010da preprosto in natan\u010dno uporabo.<\/li>\n<li><strong>Dobiva se od industrijske konoplje<\/strong>, \u0161to osigurava kvalitetu i u\u010dinkovitost, bez umjetnih dodataka i punila.<\/li>\n<\/ul>\n<p>&nbsp;<\/p>\n<h3>&#8211; <strong>Prednosti i upotreba<\/strong><\/h3>\n<p>CBD ulje konoplje 25% idealne su za one koji \u017eele:<\/p>\n<ul>\n<li>\u00a0<strong>Podr\u017eati svoje tijelo kod te\u017eih fizi\u010dkih napora<\/strong> i obnovi<\/li>\n<li>\u00a0<strong>Upravljajti stresom, tjeskobom i pove\u0107anom napetosti<\/strong>\u00a0s visokom koncentracijom CBD-a, koji brzo djeluje.<\/li>\n<li>Izbolj\u0161ati<strong> du\u0161evno jasnost, osredoto\u010denost in energijo<\/strong>.<\/li>\n<li>\u00a0Dose\u010di <strong>hitro<\/strong> in <strong>natan\u010dno doziranje<\/strong> za vsakodnevno uporabo.<\/li>\n<\/ul>\n<p>&nbsp;<\/p>\n<h3>&#8211; <strong>Za\u0161to su ove kapi posebne?<\/strong><\/h3>\n<ul>\n<li><strong>Ista kvaliteta i osobnost CBD-a<\/strong>\u00a0poput na\u0161e 50% smole, ali u teku\u0107em obliku za lak\u0161u upotrebu.<\/li>\n<li>Pro\u010di\u0161\u0107eni i bez umjetnih tvari jer se dobiva od\u00a0<strong>industrijske konoplje<\/strong>.<\/li>\n<li><strong>Terpeni in fitokanabinoidi<\/strong>\u00a0oni rade zajedno kako bi djelovali sinergijski i podr\u017eavali cijelo tijelo i um.<\/li>\n<\/ul>\n<p>&nbsp;<\/p>\n<h3>&#8211; <strong>Iznimna kvaliteta i efikasnost<\/strong><\/h3>\n<ul>\n<li><strong>Laboratorijski ispitano<\/strong>\u00a0kako bi se osigurala \u010disto\u0107a i sigurnost.<\/li>\n<li>Visoka koncentracija za brze rezultate i dugotrajne u\u010dinke.<\/li>\n<li>Idealno za svakodnevnu upotrebu, pogodno za one koji tra\u017ee\u00a0<strong>mo\u010dno in natan\u010dno podporo<\/strong>.<\/li>\n<\/ul>\n<p>&nbsp;<\/p>\n<p>S na\u0161im\u00a0<strong>CBD uljem konoplje 25%<\/strong> u\u017eivat \u0107ete u visokoj koncentraciji CBD-a, uz ve\u0107u pogodnost za doziranje i kori\u0161tenje. Otkrijte kako vam prirodna mo\u0107 CBD-a mo\u017ee pobolj\u0161ati \u017eivot!<\/p>\n<p><strong>Upozorenje: Preporu\u010dena dnevna doza ne smije se prekora\u010diti. \u010cuvati izvan dohvata djece. Dodatak prehrani nije zamjena za uravnote\u017eenu i raznoliku prehranu. Dodatak prehrani nije prikladan za djecu mla\u0111u od 15 godina, trudnice i dojilje.<\/strong><\/p>\n<p>&nbsp;<\/p>\n<p><span style=\"font-size: 11.5pt; font-family: 'Arial',sans-serif; color: #3a3a3a;\"><a href=\"https:\/\/si-cannaby.com\/wp-content\/uploads\/2022\/10\/tick-mark-ok-305245.png\"><img decoding=\"async\" class=\"alignright wp-image-6367\" src=\"https:\/\/si-cannaby.com\/wp-content\/uploads\/2022\/10\/tick-mark-ok-305245-300x278.png\" alt=\"tick, mark, ok-305245.jpg\" width=\"16\" height=\"15\" srcset=\"https:\/\/si-cannaby.com\/wp-content\/uploads\/2022\/10\/tick-mark-ok-305245-300x300.png 300w, https:\/\/si-cannaby.com\/wp-content\/uploads\/2022\/10\/tick-mark-ok-305245-1024x949.png 1024w, https:\/\/si-cannaby.com\/wp-content\/uploads\/2022\/10\/tick-mark-ok-305245-150x150.png 150w, https:\/\/si-cannaby.com\/wp-content\/uploads\/2022\/10\/tick-mark-ok-305245-768x712.png 768w, https:\/\/si-cannaby.com\/wp-content\/uploads\/2022\/10\/tick-mark-ok-305245-600x556.png 600w, https:\/\/si-cannaby.com\/wp-content\/uploads\/2022\/10\/tick-mark-ok-305245-100x100.png 100w, https:\/\/si-cannaby.com\/wp-content\/uploads\/2022\/10\/tick-mark-ok-305245.png 1280w\" sizes=\"(max-width: 16px) 100vw, 16px\" \/><\/a><\/span><\/p>","protected":false},"excerpt":{"rendered":"<ul>\n<li>CBD: 2500mg<\/li>\n<li>Koli\u010dina: 10 ml {250 kapljic}<\/li>\n<li>Laboratorijska analiza<\/li>\n<li>Manje od 0,2% THC-a<\/li>\n<li>Cijeli spektar kanabinoida.<\/li>\n<li>BEZ kemikalija, BEZ pesticida, BEZ te\u0161kih metala, BEZ GMO-a<\/li>\n<li>Prikladno za vegane<\/li>\n<li>Kontrolirani proces proizvodnje<\/li>\n<li>\u010cuvati na tamnom i hladnom mjestu<\/li>\n<\/ul>\n<p>Najni\u017eja cena v zadnjih 30 dneh je 119,90\u20ac<\/p>","protected":false},"featured_media":6333,"comment_status":"open","ping_status":"closed","template":"","meta":{"site-sidebar-layout":"default","site-content-layout":"default","ast-site-content-layout":"default","site-content-style":"default","site-sidebar-style":"default","ast-global-header-display":"","ast-banner-title-visibility":"","ast-main-header-display":"","ast-hfb-above-header-display":"","ast-hfb-below-header-display":"","ast-hfb-mobile-header-display":"","site-post-title":"","ast-breadcrumbs-content":"","ast-featured-img":"","footer-sml-layout":"","ast-disable-related-posts":"","theme-transparent-header-meta":"default","adv-header-id-meta":"","stick-header-meta":"","header-above-stick-meta":"","header-main-stick-meta":"","header-below-stick-meta":"","astra-migrate-meta-layouts":"set","ast-page-background-enabled":"default","ast-page-background-meta":{"desktop":{"background-color":"","background-image":"","background-repeat":"repeat","background-position":"center center","background-size":"auto","background-attachment":"scroll","background-type":"","background-media":"","overlay-type":"","overlay-color":"","overlay-opacity":"","overlay-gradient":""},"tablet":{"background-color":"","background-image":"","background-repeat":"repeat","background-position":"center center","background-size":"auto","background-attachment":"scroll","background-type":"","background-media":"","overlay-type":"","overlay-color":"","overlay-opacity":"","overlay-gradient":""},"mobile":{"background-color":"","background-image":"","background-repeat":"repeat","background-position":"center center","background-size":"auto","background-attachment":"scroll","background-type":"","background-media":"","overlay-type":"","overlay-color":"","overlay-opacity":"","overlay-gradient":""}},"ast-content-background-meta":{"desktop":{"background-color":"var(--ast-global-color-5)","background-image":"","background-repeat":"repeat","background-position":"center center","background-size":"auto","background-attachment":"scroll","background-type":"","background-media":"","overlay-type":"","overlay-color":"","overlay-opacity":"","overlay-gradient":""},"tablet":{"background-color":"var(--ast-global-color-5)","background-image":"","background-repeat":"repeat","background-position":"center center","background-size":"auto","background-attachment":"scroll","background-type":"","background-media":"","overlay-type":"","overlay-color":"","overlay-opacity":"","overlay-gradient":""},"mobile":{"background-color":"var(--ast-global-color-5)","background-image":"","background-repeat":"repeat","background-position":"center center","background-size":"auto","background-attachment":"scroll","background-type":"","background-media":"","overlay-type":"","overlay-color":"","overlay-opacity":"","overlay-gradient":""}}},"product_brand":[],"product_cat":[15],"product_tag":[385,388,389],"class_list":{"0":"post-1486","1":"product","2":"type-product","3":"status-publish","4":"has-post-thumbnail","6":"product_cat-izdelki-iz-konoplje","7":"product_tag-cbd-kapljice","8":"product_tag-cbd-kapljice-25","9":"product_tag-konopljine-kapljice-25","10":"desktop-align-left","11":"tablet-align-left","12":"mobile-align-left","14":"first","15":"instock","16":"taxable","17":"shipping-taxable","18":"purchasable","19":"product-type-simple"},"yoast_head":"<!-- This site is optimized with the Yoast SEO plugin v27.4 - https:\/\/yoast.com\/product\/yoast-seo-wordpress\/ -->\n<title>CBD konopljine kapljice 25% - 10ml<\/title>\n<meta name=\"description\" content=\"CBD konopljine kapljice 25% za hitro in u\u010dinkoviti podporo. Visoka koncentracija CBD-ja, enostavno doziranje s kapalko za izbolj\u0161anje du\u0161evnega in telesnega ravnovesja.\" \/>\n<meta name=\"robots\" content=\"index, follow, max-snippet:-1, max-image-preview:large, max-video-preview:-1\" \/>\n<link rel=\"canonical\" href=\"https:\/\/si-cannaby.com\/hr\/proizvod\/cbd-kapljice-25\/\" \/>\n<meta property=\"og:locale\" content=\"hr_HR\" \/>\n<meta property=\"og:type\" content=\"article\" \/>\n<meta property=\"og:title\" content=\"CBD konopljine kapljice 25% - 10ml\" \/>\n<meta property=\"og:description\" content=\"CBD konopljine kapljice 25% za hitro in u\u010dinkoviti podporo. Visoka koncentracija CBD-ja, enostavno doziranje s kapalko za izbolj\u0161anje du\u0161evnega in telesnega ravnovesja.\" \/>\n<meta property=\"og:url\" content=\"https:\/\/si-cannaby.com\/hr\/proizvod\/cbd-kapljice-25\/\" \/>\n<meta property=\"og:site_name\" content=\"Spletna trgovina s CBD izdelki - SI CANNABY\" \/>\n<meta property=\"article:publisher\" content=\"https:\/\/www.facebook.com\/people\/SI-cannaby\/100064213053948\/\" \/>\n<meta property=\"article:modified_time\" content=\"2025-11-25T13:05:50+00:00\" \/>\n<meta property=\"og:image\" content=\"https:\/\/si-cannaby.com\/wp-content\/uploads\/2021\/06\/CBD-25__1-1.webp\" \/>\n\t<meta property=\"og:image:width\" content=\"524\" \/>\n\t<meta property=\"og:image:height\" content=\"598\" \/>\n\t<meta property=\"og:image:type\" content=\"image\/webp\" \/>\n<meta name=\"twitter:card\" content=\"summary_large_image\" \/>\n<meta name=\"twitter:label1\" content=\"Procijenjeno vrijeme \u010ditanja\" \/>\n\t<meta name=\"twitter:data1\" content=\"2 minute\" \/>\n<script type=\"application\/ld+json\" class=\"yoast-schema-graph\">{\"@context\":\"https:\\\/\\\/schema.org\",\"@graph\":[{\"@type\":\"WebPage\",\"@id\":\"https:\\\/\\\/si-cannaby.com\\\/hr\\\/proizvod\\\/cbd-kapljice-25\\\/\",\"url\":\"https:\\\/\\\/si-cannaby.com\\\/hr\\\/proizvod\\\/cbd-kapljice-25\\\/\",\"name\":\"CBD konopljine kapljice 25% - 10ml\",\"isPartOf\":{\"@id\":\"https:\\\/\\\/si-cannaby.com\\\/#website\"},\"primaryImageOfPage\":{\"@id\":\"https:\\\/\\\/si-cannaby.com\\\/hr\\\/proizvod\\\/cbd-kapljice-25\\\/#primaryimage\"},\"image\":{\"@id\":\"https:\\\/\\\/si-cannaby.com\\\/hr\\\/proizvod\\\/cbd-kapljice-25\\\/#primaryimage\"},\"thumbnailUrl\":\"https:\\\/\\\/si-cannaby.com\\\/wp-content\\\/uploads\\\/2021\\\/06\\\/CBD-25__1-1.webp\",\"datePublished\":\"2021-06-23T12:09:42+00:00\",\"dateModified\":\"2025-11-25T13:05:50+00:00\",\"description\":\"CBD konopljine kapljice 25% za hitro in u\u010dinkoviti podporo. Visoka koncentracija CBD-ja, enostavno doziranje s kapalko za izbolj\u0161anje du\u0161evnega in telesnega ravnovesja.\",\"breadcrumb\":{\"@id\":\"https:\\\/\\\/si-cannaby.com\\\/hr\\\/proizvod\\\/cbd-kapljice-25\\\/#breadcrumb\"},\"inLanguage\":\"hr\",\"potentialAction\":[{\"@type\":\"ReadAction\",\"target\":[\"https:\\\/\\\/si-cannaby.com\\\/hr\\\/proizvod\\\/cbd-kapljice-25\\\/\"]}]},{\"@type\":\"ImageObject\",\"inLanguage\":\"hr\",\"@id\":\"https:\\\/\\\/si-cannaby.com\\\/hr\\\/proizvod\\\/cbd-kapljice-25\\\/#primaryimage\",\"url\":\"https:\\\/\\\/si-cannaby.com\\\/wp-content\\\/uploads\\\/2021\\\/06\\\/CBD-25__1-1.webp\",\"contentUrl\":\"https:\\\/\\\/si-cannaby.com\\\/wp-content\\\/uploads\\\/2021\\\/06\\\/CBD-25__1-1.webp\",\"width\":524,\"height\":598},{\"@type\":\"BreadcrumbList\",\"@id\":\"https:\\\/\\\/si-cannaby.com\\\/hr\\\/proizvod\\\/cbd-kapljice-25\\\/#breadcrumb\",\"itemListElement\":[{\"@type\":\"ListItem\",\"position\":1,\"name\":\"Domov\",\"item\":\"https:\\\/\\\/si-cannaby.com\\\/\"},{\"@type\":\"ListItem\",\"position\":2,\"name\":\"Izdelki\",\"item\":\"https:\\\/\\\/si-cannaby.com\\\/shop\\\/\"},{\"@type\":\"ListItem\",\"position\":3,\"name\":\"CBD konopljine kapljice 25% &#8211; 10ml\"}]},{\"@type\":\"WebSite\",\"@id\":\"https:\\\/\\\/si-cannaby.com\\\/#website\",\"url\":\"https:\\\/\\\/si-cannaby.com\\\/\",\"name\":\"CBD kapljice in smola - Spletna trgovina\",\"description\":\"\",\"publisher\":{\"@id\":\"https:\\\/\\\/si-cannaby.com\\\/#organization\"},\"alternateName\":\"SI CANNABY\",\"potentialAction\":[{\"@type\":\"SearchAction\",\"target\":{\"@type\":\"EntryPoint\",\"urlTemplate\":\"https:\\\/\\\/si-cannaby.com\\\/?s={search_term_string}\"},\"query-input\":{\"@type\":\"PropertyValueSpecification\",\"valueRequired\":true,\"valueName\":\"search_term_string\"}}],\"inLanguage\":\"hr\"},{\"@type\":\"Organization\",\"@id\":\"https:\\\/\\\/si-cannaby.com\\\/#organization\",\"name\":\"SI CANNABY\",\"alternateName\":\"Spletna prodaja konopljinih CBD izdelkov\",\"url\":\"https:\\\/\\\/si-cannaby.com\\\/\",\"logo\":{\"@type\":\"ImageObject\",\"inLanguage\":\"hr\",\"@id\":\"https:\\\/\\\/si-cannaby.com\\\/#\\\/schema\\\/logo\\\/image\\\/\",\"url\":\"https:\\\/\\\/si-cannaby.com\\\/wp-content\\\/uploads\\\/2022\\\/10\\\/LOGO11-1.webp\",\"contentUrl\":\"https:\\\/\\\/si-cannaby.com\\\/wp-content\\\/uploads\\\/2022\\\/10\\\/LOGO11-1.webp\",\"width\":992,\"height\":198,\"caption\":\"SI CANNABY\"},\"image\":{\"@id\":\"https:\\\/\\\/si-cannaby.com\\\/#\\\/schema\\\/logo\\\/image\\\/\"},\"sameAs\":[\"https:\\\/\\\/www.facebook.com\\\/people\\\/SI-cannaby\\\/100064213053948\\\/\"]}]}<\/script>\n<!-- \/ Yoast SEO plugin. -->","yoast_head_json":{"title":"CBD konopljine kapljice 25% - 10ml","description":"CBD konopljine kapljice 25% za hitro in u\u010dinkoviti podporo. Visoka koncentracija CBD-ja, enostavno doziranje s kapalko za izbolj\u0161anje du\u0161evnega in telesnega ravnovesja.","robots":{"index":"index","follow":"follow","max-snippet":"max-snippet:-1","max-image-preview":"max-image-preview:large","max-video-preview":"max-video-preview:-1"},"canonical":"https:\/\/si-cannaby.com\/hr\/proizvod\/cbd-kapljice-25\/","og_locale":"hr_HR","og_type":"article","og_title":"CBD konopljine kapljice 25% - 10ml","og_description":"CBD konopljine kapljice 25% za hitro in u\u010dinkoviti podporo. Visoka koncentracija CBD-ja, enostavno doziranje s kapalko za izbolj\u0161anje du\u0161evnega in telesnega ravnovesja.","og_url":"https:\/\/si-cannaby.com\/hr\/proizvod\/cbd-kapljice-25\/","og_site_name":"Spletna trgovina s CBD izdelki - SI CANNABY","article_publisher":"https:\/\/www.facebook.com\/people\/SI-cannaby\/100064213053948\/","article_modified_time":"2025-11-25T13:05:50+00:00","og_image":[{"width":524,"height":598,"url":"https:\/\/si-cannaby.com\/wp-content\/uploads\/2021\/06\/CBD-25__1-1.webp","type":"image\/webp"}],"twitter_card":"summary_large_image","twitter_misc":{"Procijenjeno vrijeme \u010ditanja":"2 minute"},"schema":{"@context":"https:\/\/schema.org","@graph":[{"@type":"WebPage","@id":"https:\/\/si-cannaby.com\/hr\/proizvod\/cbd-kapljice-25\/","url":"https:\/\/si-cannaby.com\/hr\/proizvod\/cbd-kapljice-25\/","name":"CBD konopljine kapljice 25% - 10ml","isPartOf":{"@id":"https:\/\/si-cannaby.com\/#website"},"primaryImageOfPage":{"@id":"https:\/\/si-cannaby.com\/hr\/proizvod\/cbd-kapljice-25\/#primaryimage"},"image":{"@id":"https:\/\/si-cannaby.com\/hr\/proizvod\/cbd-kapljice-25\/#primaryimage"},"thumbnailUrl":"https:\/\/si-cannaby.com\/wp-content\/uploads\/2021\/06\/CBD-25__1-1.webp","datePublished":"2021-06-23T12:09:42+00:00","dateModified":"2025-11-25T13:05:50+00:00","description":"CBD konopljine kapljice 25% za hitro in u\u010dinkoviti podporo. Visoka koncentracija CBD-ja, enostavno doziranje s kapalko za izbolj\u0161anje du\u0161evnega in telesnega ravnovesja.","breadcrumb":{"@id":"https:\/\/si-cannaby.com\/hr\/proizvod\/cbd-kapljice-25\/#breadcrumb"},"inLanguage":"hr","potentialAction":[{"@type":"ReadAction","target":["https:\/\/si-cannaby.com\/hr\/proizvod\/cbd-kapljice-25\/"]}]},{"@type":"ImageObject","inLanguage":"hr","@id":"https:\/\/si-cannaby.com\/hr\/proizvod\/cbd-kapljice-25\/#primaryimage","url":"https:\/\/si-cannaby.com\/wp-content\/uploads\/2021\/06\/CBD-25__1-1.webp","contentUrl":"https:\/\/si-cannaby.com\/wp-content\/uploads\/2021\/06\/CBD-25__1-1.webp","width":524,"height":598},{"@type":"BreadcrumbList","@id":"https:\/\/si-cannaby.com\/hr\/proizvod\/cbd-kapljice-25\/#breadcrumb","itemListElement":[{"@type":"ListItem","position":1,"name":"Domov","item":"https:\/\/si-cannaby.com\/"},{"@type":"ListItem","position":2,"name":"Izdelki","item":"https:\/\/si-cannaby.com\/shop\/"},{"@type":"ListItem","position":3,"name":"CBD konopljine kapljice 25% &#8211; 10ml"}]},{"@type":"WebSite","@id":"https:\/\/si-cannaby.com\/#website","url":"https:\/\/si-cannaby.com\/","name":"CBD kapljice in smola - Spletna trgovina","description":"","publisher":{"@id":"https:\/\/si-cannaby.com\/#organization"},"alternateName":"SI CANNABY","potentialAction":[{"@type":"SearchAction","target":{"@type":"EntryPoint","urlTemplate":"https:\/\/si-cannaby.com\/?s={search_term_string}"},"query-input":{"@type":"PropertyValueSpecification","valueRequired":true,"valueName":"search_term_string"}}],"inLanguage":"hr"},{"@type":"Organization","@id":"https:\/\/si-cannaby.com\/#organization","name":"SI CANNABY","alternateName":"Spletna prodaja konopljinih CBD izdelkov","url":"https:\/\/si-cannaby.com\/","logo":{"@type":"ImageObject","inLanguage":"hr","@id":"https:\/\/si-cannaby.com\/#\/schema\/logo\/image\/","url":"https:\/\/si-cannaby.com\/wp-content\/uploads\/2022\/10\/LOGO11-1.webp","contentUrl":"https:\/\/si-cannaby.com\/wp-content\/uploads\/2022\/10\/LOGO11-1.webp","width":992,"height":198,"caption":"SI CANNABY"},"image":{"@id":"https:\/\/si-cannaby.com\/#\/schema\/logo\/image\/"},"sameAs":["https:\/\/www.facebook.com\/people\/SI-cannaby\/100064213053948\/"]}]}},"_links":{"self":[{"href":"https:\/\/si-cannaby.com\/hr\/wp-json\/wp\/v2\/product\/1486","targetHints":{"allow":["GET"]}}],"collection":[{"href":"https:\/\/si-cannaby.com\/hr\/wp-json\/wp\/v2\/product"}],"about":[{"href":"https:\/\/si-cannaby.com\/hr\/wp-json\/wp\/v2\/types\/product"}],"replies":[{"embeddable":true,"href":"https:\/\/si-cannaby.com\/hr\/wp-json\/wp\/v2\/comments?post=1486"}],"wp:featuredmedia":[{"embeddable":true,"href":"https:\/\/si-cannaby.com\/hr\/wp-json\/wp\/v2\/media\/6333"}],"wp:attachment":[{"href":"https:\/\/si-cannaby.com\/hr\/wp-json\/wp\/v2\/media?parent=1486"}],"wp:term":[{"taxonomy":"product_brand","embeddable":true,"href":"https:\/\/si-cannaby.com\/hr\/wp-json\/wp\/v2\/product_brand?post=1486"},{"taxonomy":"product_cat","embeddable":true,"href":"https:\/\/si-cannaby.com\/hr\/wp-json\/wp\/v2\/product_cat?post=1486"},{"taxonomy":"product_tag","embeddable":true,"href":"https:\/\/si-cannaby.com\/hr\/wp-json\/wp\/v2\/product_tag?post=1486"}],"curies":[{"name":"wp","href":"https:\/\/api.w.org\/{rel}","templated":true}]}}