{"id":3777,"date":"2021-08-24T10:29:21","date_gmt":"2021-08-24T08:29:21","guid":{"rendered":"https:\/\/si-cannaby.com\/?post_type=product&#038;p=3777"},"modified":"2026-01-19T19:56:28","modified_gmt":"2026-01-19T17:56:28","slug":"cbd-kapljice-za-zivali-5","status":"publish","type":"product","link":"https:\/\/si-cannaby.com\/hr\/izdelek\/cbd-kapljice-za-zivali-5\/","title":{"rendered":"Konopljino CBD ulje za \u017eivotinje 5%"},"content":{"rendered":"<p><strong>V stekleni\u010dkah s pipeto po 10ml. Izdelek vsebuje 5%(500mg) kanabidiola( CBD) in ostale kanabinoide. Narejeno iz smole industrijske konoplje( Cannabis sativa L.) in nosilnega rastlinskega olja. V postopku ekstrakcije kanabidiola se ohranijo tudi vsi drugi kanabinoidi, terpeni, flavonoidi in hranila.<\/strong><\/p>\n<p><span class=\"HwtZe\" lang=\"sl\"><span class=\"jCAhz ChMk0b\"><span class=\"ryNqvb\">Vitamin E,\u00a0 \u0161\u010diti telesne celice va\u0161ega \u0161tirino\u017eca pred prostimi radikali in krepi njegov imunski sistem.<\/span><\/span> <span class=\"jCAhz ChMk0b\"><span class=\"ryNqvb\">Esencialne nenasi\u010dene ma\u0161\u010dobne kisline (Omega-3) pa koristijo zdravju srca in sr\u010dno-\u017eilnega sistema ter ko\u017ee in pomagajo ohraniti sijo\u010do dlako va\u0161ega ljubljen\u010dka.<\/span><\/span><\/span><\/p>\n<ul>\n<li>\u00a0Koli\u010dina odmerjanja je odvisna od velikosti va\u0161ega ljubljen\u010dka, ampak ne skrbite poleg v embala\u017ei prejmete tudi podrobno in jasno navodilo o odmerjanju glede na te\u017eo.<\/li>\n<li>\u00a0Kapljice se nakaplje na pribolj\u0161ek ali direktno v gob\u010dek.<\/li>\n<\/ul>\n<p><a href=\"https:\/\/si-cannaby.com\/wp-content\/uploads\/2022\/10\/tick-mark-ok-305245.png\"><img decoding=\"async\" class=\"alignright wp-image-6367\" src=\"https:\/\/si-cannaby.com\/wp-content\/uploads\/2022\/10\/tick-mark-ok-305245-300x278.png\" alt=\"tick, mark, ok-305245.jpg\" width=\"16\" height=\"15\" srcset=\"https:\/\/si-cannaby.com\/wp-content\/uploads\/2022\/10\/tick-mark-ok-305245-300x300.png 300w, https:\/\/si-cannaby.com\/wp-content\/uploads\/2022\/10\/tick-mark-ok-305245-1024x949.png 1024w, https:\/\/si-cannaby.com\/wp-content\/uploads\/2022\/10\/tick-mark-ok-305245-150x150.png 150w, https:\/\/si-cannaby.com\/wp-content\/uploads\/2022\/10\/tick-mark-ok-305245-768x712.png 768w, https:\/\/si-cannaby.com\/wp-content\/uploads\/2022\/10\/tick-mark-ok-305245-600x556.png 600w, https:\/\/si-cannaby.com\/wp-content\/uploads\/2022\/10\/tick-mark-ok-305245-100x100.png 100w, https:\/\/si-cannaby.com\/wp-content\/uploads\/2022\/10\/tick-mark-ok-305245.png 1280w\" sizes=\"(max-width: 16px) 100vw, 16px\" \/><\/a><\/p>","protected":false},"excerpt":{"rendered":"<p>CBD: 500mg<\/p>\n<p>Koli\u010dina: 10 ml {250 kapljic}<\/p>\n<p>Laboratorijska analiza<\/p>\n<p>Manje od 0,2% THC-a<\/p>\n<p>1 kap sadr\u017ei 2 mg CBD-a<\/p>\n<p>Cijeli spektar kanabinoida.<\/p>\n<p>Kapljice ne povzro\u010dijo nikakr\u0161ne omamljenosti.<\/p>\n<ul>\n<li>BEZ kemikalija, BEZ pesticida, BEZ te\u0161kih metala, BEZ GMO-a<\/li>\n<li>Brez glutena<\/li>\n<li>Kontrolirani proces proizvodnje<\/li>\n<li>\u010cuvati na tamnom i hladnom mjestu!<\/li>\n<\/ul>","protected":false},"featured_media":6332,"comment_status":"open","ping_status":"closed","template":"","meta":{"site-sidebar-layout":"default","site-content-layout":"default","ast-site-content-layout":"default","site-content-style":"default","site-sidebar-style":"default","ast-global-header-display":"","ast-banner-title-visibility":"","ast-main-header-display":"","ast-hfb-above-header-display":"","ast-hfb-below-header-display":"","ast-hfb-mobile-header-display":"","site-post-title":"","ast-breadcrumbs-content":"","ast-featured-img":"","footer-sml-layout":"","ast-disable-related-posts":"","theme-transparent-header-meta":"default","adv-header-id-meta":"","stick-header-meta":"","header-above-stick-meta":"","header-main-stick-meta":"","header-below-stick-meta":"","astra-migrate-meta-layouts":"set","ast-page-background-enabled":"default","ast-page-background-meta":{"desktop":{"background-color":"","background-image":"","background-repeat":"repeat","background-position":"center center","background-size":"auto","background-attachment":"scroll","background-type":"","background-media":"","overlay-type":"","overlay-color":"","overlay-opacity":"","overlay-gradient":""},"tablet":{"background-color":"","background-image":"","background-repeat":"repeat","background-position":"center center","background-size":"auto","background-attachment":"scroll","background-type":"","background-media":"","overlay-type":"","overlay-color":"","overlay-opacity":"","overlay-gradient":""},"mobile":{"background-color":"","background-image":"","background-repeat":"repeat","background-position":"center center","background-size":"auto","background-attachment":"scroll","background-type":"","background-media":"","overlay-type":"","overlay-color":"","overlay-opacity":"","overlay-gradient":""}},"ast-content-background-meta":{"desktop":{"background-color":"var(--ast-global-color-5)","background-image":"","background-repeat":"repeat","background-position":"center center","background-size":"auto","background-attachment":"scroll","background-type":"","background-media":"","overlay-type":"","overlay-color":"","overlay-opacity":"","overlay-gradient":""},"tablet":{"background-color":"var(--ast-global-color-5)","background-image":"","background-repeat":"repeat","background-position":"center center","background-size":"auto","background-attachment":"scroll","background-type":"","background-media":"","overlay-type":"","overlay-color":"","overlay-opacity":"","overlay-gradient":""},"mobile":{"background-color":"var(--ast-global-color-5)","background-image":"","background-repeat":"repeat","background-position":"center center","background-size":"auto","background-attachment":"scroll","background-type":"","background-media":"","overlay-type":"","overlay-color":"","overlay-opacity":"","overlay-gradient":""}}},"product_brand":[],"product_cat":[15],"product_tag":[],"class_list":{"0":"post-3777","1":"product","2":"type-product","3":"status-publish","4":"has-post-thumbnail","6":"product_cat-izdelki-iz-konoplje","7":"desktop-align-left","8":"tablet-align-left","9":"mobile-align-left","11":"first","12":"instock","13":"taxable","14":"shipping-taxable","15":"purchasable","16":"product-type-simple"},"yoast_head":"<!-- This site is optimized with the Yoast SEO plugin v27.4 - https:\/\/yoast.com\/product\/yoast-seo-wordpress\/ -->\n<title>Konopljine CBD kapljice za \u017eivali 5%<\/title>\n<meta name=\"description\" content=\"V stekleni\u010dkah s pipeto po 10ml. Izdelek vsebuje 5%(500mg) kanabidiola( CBD) in ostale kanabinoide. Narejen je iz smole industrijske konoplje.\" \/>\n<meta name=\"robots\" content=\"index, follow, max-snippet:-1, max-image-preview:large, max-video-preview:-1\" \/>\n<link rel=\"canonical\" href=\"https:\/\/si-cannaby.com\/hr\/proizvod\/cbd-kapljice-za-zivali-5\/\" \/>\n<meta property=\"og:locale\" content=\"hr_HR\" \/>\n<meta property=\"og:type\" content=\"article\" \/>\n<meta property=\"og:title\" content=\"Konopljine CBD kapljice za \u017eivali 5%\" \/>\n<meta property=\"og:description\" content=\"V stekleni\u010dkah s pipeto po 10ml. Izdelek vsebuje 5%(500mg) kanabidiola( CBD) in ostale kanabinoide. Narejen je iz smole industrijske konoplje.\" \/>\n<meta property=\"og:url\" content=\"https:\/\/si-cannaby.com\/hr\/proizvod\/cbd-kapljice-za-zivali-5\/\" \/>\n<meta property=\"og:site_name\" content=\"Spletna trgovina s CBD izdelki - SI CANNABY\" \/>\n<meta property=\"article:publisher\" content=\"https:\/\/www.facebook.com\/people\/SI-cannaby\/100064213053948\/\" \/>\n<meta property=\"article:modified_time\" content=\"2026-01-19T17:56:28+00:00\" \/>\n<meta property=\"og:image\" content=\"https:\/\/si-cannaby.com\/wp-content\/uploads\/2021\/08\/CBD-5_-za-zivali.webp\" \/>\n\t<meta property=\"og:image:width\" content=\"524\" \/>\n\t<meta property=\"og:image:height\" content=\"598\" \/>\n\t<meta property=\"og:image:type\" content=\"image\/webp\" \/>\n<meta name=\"twitter:card\" content=\"summary_large_image\" \/>\n<meta name=\"twitter:label1\" content=\"Procijenjeno vrijeme \u010ditanja\" \/>\n\t<meta name=\"twitter:data1\" content=\"1 minuta\" \/>\n<script type=\"application\/ld+json\" class=\"yoast-schema-graph\">{\"@context\":\"https:\\\/\\\/schema.org\",\"@graph\":[{\"@type\":\"WebPage\",\"@id\":\"https:\\\/\\\/si-cannaby.com\\\/hr\\\/proizvod\\\/cbd-kapljice-za-zivali-5\\\/\",\"url\":\"https:\\\/\\\/si-cannaby.com\\\/hr\\\/proizvod\\\/cbd-kapljice-za-zivali-5\\\/\",\"name\":\"Konopljine CBD kapljice za \u017eivali 5%\",\"isPartOf\":{\"@id\":\"https:\\\/\\\/si-cannaby.com\\\/#website\"},\"primaryImageOfPage\":{\"@id\":\"https:\\\/\\\/si-cannaby.com\\\/hr\\\/proizvod\\\/cbd-kapljice-za-zivali-5\\\/#primaryimage\"},\"image\":{\"@id\":\"https:\\\/\\\/si-cannaby.com\\\/hr\\\/proizvod\\\/cbd-kapljice-za-zivali-5\\\/#primaryimage\"},\"thumbnailUrl\":\"https:\\\/\\\/si-cannaby.com\\\/wp-content\\\/uploads\\\/2021\\\/08\\\/CBD-5_-za-zivali.webp\",\"datePublished\":\"2021-08-24T08:29:21+00:00\",\"dateModified\":\"2026-01-19T17:56:28+00:00\",\"description\":\"V stekleni\u010dkah s pipeto po 10ml. Izdelek vsebuje 5%(500mg) kanabidiola( CBD) in ostale kanabinoide. Narejen je iz smole industrijske konoplje.\",\"breadcrumb\":{\"@id\":\"https:\\\/\\\/si-cannaby.com\\\/hr\\\/proizvod\\\/cbd-kapljice-za-zivali-5\\\/#breadcrumb\"},\"inLanguage\":\"hr\",\"potentialAction\":[{\"@type\":\"ReadAction\",\"target\":[\"https:\\\/\\\/si-cannaby.com\\\/hr\\\/proizvod\\\/cbd-kapljice-za-zivali-5\\\/\"]}]},{\"@type\":\"ImageObject\",\"inLanguage\":\"hr\",\"@id\":\"https:\\\/\\\/si-cannaby.com\\\/hr\\\/proizvod\\\/cbd-kapljice-za-zivali-5\\\/#primaryimage\",\"url\":\"https:\\\/\\\/si-cannaby.com\\\/wp-content\\\/uploads\\\/2021\\\/08\\\/CBD-5_-za-zivali.webp\",\"contentUrl\":\"https:\\\/\\\/si-cannaby.com\\\/wp-content\\\/uploads\\\/2021\\\/08\\\/CBD-5_-za-zivali.webp\",\"width\":524,\"height\":598},{\"@type\":\"BreadcrumbList\",\"@id\":\"https:\\\/\\\/si-cannaby.com\\\/hr\\\/proizvod\\\/cbd-kapljice-za-zivali-5\\\/#breadcrumb\",\"itemListElement\":[{\"@type\":\"ListItem\",\"position\":1,\"name\":\"Domov\",\"item\":\"https:\\\/\\\/si-cannaby.com\\\/\"},{\"@type\":\"ListItem\",\"position\":2,\"name\":\"Izdelki\",\"item\":\"https:\\\/\\\/si-cannaby.com\\\/shop\\\/\"},{\"@type\":\"ListItem\",\"position\":3,\"name\":\"Konopljine CBD kapljice za \u017eivali 5%\"}]},{\"@type\":\"WebSite\",\"@id\":\"https:\\\/\\\/si-cannaby.com\\\/#website\",\"url\":\"https:\\\/\\\/si-cannaby.com\\\/\",\"name\":\"CBD kapljice in smola - Spletna trgovina\",\"description\":\"\",\"publisher\":{\"@id\":\"https:\\\/\\\/si-cannaby.com\\\/#organization\"},\"alternateName\":\"SI CANNABY\",\"potentialAction\":[{\"@type\":\"SearchAction\",\"target\":{\"@type\":\"EntryPoint\",\"urlTemplate\":\"https:\\\/\\\/si-cannaby.com\\\/?s={search_term_string}\"},\"query-input\":{\"@type\":\"PropertyValueSpecification\",\"valueRequired\":true,\"valueName\":\"search_term_string\"}}],\"inLanguage\":\"hr\"},{\"@type\":\"Organization\",\"@id\":\"https:\\\/\\\/si-cannaby.com\\\/#organization\",\"name\":\"SI CANNABY\",\"alternateName\":\"Spletna prodaja konopljinih CBD izdelkov\",\"url\":\"https:\\\/\\\/si-cannaby.com\\\/\",\"logo\":{\"@type\":\"ImageObject\",\"inLanguage\":\"hr\",\"@id\":\"https:\\\/\\\/si-cannaby.com\\\/#\\\/schema\\\/logo\\\/image\\\/\",\"url\":\"https:\\\/\\\/si-cannaby.com\\\/wp-content\\\/uploads\\\/2022\\\/10\\\/LOGO11-1.webp\",\"contentUrl\":\"https:\\\/\\\/si-cannaby.com\\\/wp-content\\\/uploads\\\/2022\\\/10\\\/LOGO11-1.webp\",\"width\":992,\"height\":198,\"caption\":\"SI CANNABY\"},\"image\":{\"@id\":\"https:\\\/\\\/si-cannaby.com\\\/#\\\/schema\\\/logo\\\/image\\\/\"},\"sameAs\":[\"https:\\\/\\\/www.facebook.com\\\/people\\\/SI-cannaby\\\/100064213053948\\\/\"]}]}<\/script>\n<!-- \/ Yoast SEO plugin. -->","yoast_head_json":{"title":"Konopljino CBD ulje za \u017eivotinje 5%","description":"V stekleni\u010dkah s pipeto po 10ml. Izdelek vsebuje 5%(500mg) kanabidiola( CBD) in ostale kanabinoide. Narejen je iz smole industrijske konoplje.","robots":{"index":"index","follow":"follow","max-snippet":"max-snippet:-1","max-image-preview":"max-image-preview:large","max-video-preview":"max-video-preview:-1"},"canonical":"https:\/\/si-cannaby.com\/hr\/proizvod\/cbd-kapljice-za-zivali-5\/","og_locale":"hr_HR","og_type":"article","og_title":"Konopljine CBD kapljice za \u017eivali 5%","og_description":"V stekleni\u010dkah s pipeto po 10ml. Izdelek vsebuje 5%(500mg) kanabidiola( CBD) in ostale kanabinoide. Narejen je iz smole industrijske konoplje.","og_url":"https:\/\/si-cannaby.com\/hr\/proizvod\/cbd-kapljice-za-zivali-5\/","og_site_name":"Spletna trgovina s CBD izdelki - SI CANNABY","article_publisher":"https:\/\/www.facebook.com\/people\/SI-cannaby\/100064213053948\/","article_modified_time":"2026-01-19T17:56:28+00:00","og_image":[{"width":524,"height":598,"url":"https:\/\/si-cannaby.com\/wp-content\/uploads\/2021\/08\/CBD-5_-za-zivali.webp","type":"image\/webp"}],"twitter_card":"summary_large_image","twitter_misc":{"Procijenjeno vrijeme \u010ditanja":"1 minuta"},"schema":{"@context":"https:\/\/schema.org","@graph":[{"@type":"WebPage","@id":"https:\/\/si-cannaby.com\/hr\/proizvod\/cbd-kapljice-za-zivali-5\/","url":"https:\/\/si-cannaby.com\/hr\/proizvod\/cbd-kapljice-za-zivali-5\/","name":"Konopljino CBD ulje za \u017eivotinje 5%","isPartOf":{"@id":"https:\/\/si-cannaby.com\/#website"},"primaryImageOfPage":{"@id":"https:\/\/si-cannaby.com\/hr\/proizvod\/cbd-kapljice-za-zivali-5\/#primaryimage"},"image":{"@id":"https:\/\/si-cannaby.com\/hr\/proizvod\/cbd-kapljice-za-zivali-5\/#primaryimage"},"thumbnailUrl":"https:\/\/si-cannaby.com\/wp-content\/uploads\/2021\/08\/CBD-5_-za-zivali.webp","datePublished":"2021-08-24T08:29:21+00:00","dateModified":"2026-01-19T17:56:28+00:00","description":"V stekleni\u010dkah s pipeto po 10ml. Izdelek vsebuje 5%(500mg) kanabidiola( CBD) in ostale kanabinoide. Narejen je iz smole industrijske konoplje.","breadcrumb":{"@id":"https:\/\/si-cannaby.com\/hr\/proizvod\/cbd-kapljice-za-zivali-5\/#breadcrumb"},"inLanguage":"hr","potentialAction":[{"@type":"ReadAction","target":["https:\/\/si-cannaby.com\/hr\/proizvod\/cbd-kapljice-za-zivali-5\/"]}]},{"@type":"ImageObject","inLanguage":"hr","@id":"https:\/\/si-cannaby.com\/hr\/proizvod\/cbd-kapljice-za-zivali-5\/#primaryimage","url":"https:\/\/si-cannaby.com\/wp-content\/uploads\/2021\/08\/CBD-5_-za-zivali.webp","contentUrl":"https:\/\/si-cannaby.com\/wp-content\/uploads\/2021\/08\/CBD-5_-za-zivali.webp","width":524,"height":598},{"@type":"BreadcrumbList","@id":"https:\/\/si-cannaby.com\/hr\/proizvod\/cbd-kapljice-za-zivali-5\/#breadcrumb","itemListElement":[{"@type":"ListItem","position":1,"name":"Domov","item":"https:\/\/si-cannaby.com\/"},{"@type":"ListItem","position":2,"name":"Izdelki","item":"https:\/\/si-cannaby.com\/shop\/"},{"@type":"ListItem","position":3,"name":"Konopljine CBD kapljice za \u017eivali 5%"}]},{"@type":"WebSite","@id":"https:\/\/si-cannaby.com\/#website","url":"https:\/\/si-cannaby.com\/","name":"CBD kapljice in smola - Spletna trgovina","description":"","publisher":{"@id":"https:\/\/si-cannaby.com\/#organization"},"alternateName":"SI CANNABY","potentialAction":[{"@type":"SearchAction","target":{"@type":"EntryPoint","urlTemplate":"https:\/\/si-cannaby.com\/?s={search_term_string}"},"query-input":{"@type":"PropertyValueSpecification","valueRequired":true,"valueName":"search_term_string"}}],"inLanguage":"hr"},{"@type":"Organization","@id":"https:\/\/si-cannaby.com\/#organization","name":"SI CANNABY","alternateName":"Spletna prodaja konopljinih CBD izdelkov","url":"https:\/\/si-cannaby.com\/","logo":{"@type":"ImageObject","inLanguage":"hr","@id":"https:\/\/si-cannaby.com\/#\/schema\/logo\/image\/","url":"https:\/\/si-cannaby.com\/wp-content\/uploads\/2022\/10\/LOGO11-1.webp","contentUrl":"https:\/\/si-cannaby.com\/wp-content\/uploads\/2022\/10\/LOGO11-1.webp","width":992,"height":198,"caption":"SI CANNABY"},"image":{"@id":"https:\/\/si-cannaby.com\/#\/schema\/logo\/image\/"},"sameAs":["https:\/\/www.facebook.com\/people\/SI-cannaby\/100064213053948\/"]}]}},"_links":{"self":[{"href":"https:\/\/si-cannaby.com\/hr\/wp-json\/wp\/v2\/product\/3777","targetHints":{"allow":["GET"]}}],"collection":[{"href":"https:\/\/si-cannaby.com\/hr\/wp-json\/wp\/v2\/product"}],"about":[{"href":"https:\/\/si-cannaby.com\/hr\/wp-json\/wp\/v2\/types\/product"}],"replies":[{"embeddable":true,"href":"https:\/\/si-cannaby.com\/hr\/wp-json\/wp\/v2\/comments?post=3777"}],"wp:featuredmedia":[{"embeddable":true,"href":"https:\/\/si-cannaby.com\/hr\/wp-json\/wp\/v2\/media\/6332"}],"wp:attachment":[{"href":"https:\/\/si-cannaby.com\/hr\/wp-json\/wp\/v2\/media?parent=3777"}],"wp:term":[{"taxonomy":"product_brand","embeddable":true,"href":"https:\/\/si-cannaby.com\/hr\/wp-json\/wp\/v2\/product_brand?post=3777"},{"taxonomy":"product_cat","embeddable":true,"href":"https:\/\/si-cannaby.com\/hr\/wp-json\/wp\/v2\/product_cat?post=3777"},{"taxonomy":"product_tag","embeddable":true,"href":"https:\/\/si-cannaby.com\/hr\/wp-json\/wp\/v2\/product_tag?post=3777"}],"curies":[{"name":"wp","href":"https:\/\/api.w.org\/{rel}","templated":true}]}}