{"id":5832,"date":"2022-07-21T12:39:50","date_gmt":"2022-07-21T10:39:50","guid":{"rendered":"https:\/\/si-cannaby.com\/?post_type=product&#038;p=5832"},"modified":"2026-04-01T18:37:44","modified_gmt":"2026-04-01T16:37:44","slug":"konopljino-cbd-mazilo-50ml","status":"publish","type":"product","link":"https:\/\/si-cannaby.com\/hr\/izdelek\/konopljino-cbd-mazilo-50ml\/","title":{"rendered":"Naravno CBD mazilo 50ml"},"content":{"rendered":"<p>&nbsp;<\/p>\n<p>Prirodna CBD konopljina mast je proizvod za vanjsku upotrebu, oboga\u0107en ekstraktom konoplje bogatim kanabidiolom (CBD). CBD je poznat po svojim protuupalnim, umiruju\u0107im i ljekovitim svojstvima, \u0161to \u010dini mast od konoplje u\u010dinkovitom kod raznih ko\u017enih problema.<\/p>\n<p><strong>Klju\u010dni sastojci i njihove prednosti:<\/strong><\/p>\n<ul>\n<li><strong>CBD (kanabidiol):<\/strong>\u00a0Ima protuupalna svojstva koja poma\u017eu ubla\u017eiti upalu i crvenilo na ko\u017ei.<\/li>\n<li><strong>Ulje konoplje:<\/strong>\u00a0Bogata omega masnim kiselinama koje obnavljaju, hrane i \u0161tite ko\u017eu.<\/li>\n<li><strong>Biljni maslaci:<\/strong>\u00a0Poma\u017eu pri vla\u017eenju i omek\u0161avanju ko\u017ee, doprinose\u0107i njezinom zdravom izgledu.<\/li>\n<\/ul>\n<p><strong>Upotreba:<\/strong><\/p>\n<ol>\n<li><strong>Priprema ko\u017ee:<\/strong>\u00a0O\u010distite i osu\u0161ite zahva\u0107eno podru\u010dje ko\u017ee prije nano\u0161enja masti.<\/li>\n<li><strong>Nano\u0161enje:<\/strong>\u00a0Nanesite malu koli\u010dinu masti na ko\u017eu i nje\u017eno umasirajte dok se potpuno ne upije.<\/li>\n<li><strong>U\u010destalost upotrebe:<\/strong>\u00a0Mast mo\u017eete koristiti nekoliko puta dnevno, ovisno o potrebama va\u0161e ko\u017ee.<\/li>\n<\/ol>\n<p><strong>Mjere opreza:<\/strong><\/p>\n<ul>\n<li><strong>Izbjegavanje kontakta o\u010dima:<\/strong>\u00a0Ako do\u0111e u kontakt s o\u010dima, temeljito isperite vodom.<\/li>\n<li><strong>Skladi\u0161tenje:<\/strong>\u00a0\u010cuvati na suhom i hladnom mjestu, daleko od direktne svjetlosti.<\/li>\n<li><strong>Preosjetljivost:<\/strong>\u00a0Ako osjetite bilo kakve neugodne reakcije, prekinite kori\u0161tenje i obratite se lije\u010dniku.<\/li>\n<\/ul>\n<p><strong>Prednosti kori\u0161tenja:<\/strong><\/p>\n<ul>\n<li><strong>Ubla\u017eavanje ko\u017enih problema:<\/strong>\u00a0Poma\u017ee kod problema poput ekcema, dermatitisa, akni i psorijaze.<\/li>\n<li><strong>Ubrzanje zacjeljivanja rana:<\/strong>\u00a0Ubrzava regeneraciju ko\u017ee i zacjeljivanje manjih rana ili opeklina.<\/li>\n<li><strong>Vla\u017eenje i za\u0161tita:<\/strong>\u00a0Odr\u017eava ko\u017eu vla\u017enom, mekom i za\u0161ti\u0107enom od \u0161tetnih utjecaja iz okoline.<\/li>\n<\/ul>\n<p><a href=\"https:\/\/si-cannaby.com\/wp-content\/uploads\/2022\/10\/tick-mark-ok-305245.png\"><img decoding=\"async\" class=\"alignright wp-image-6367\" src=\"https:\/\/si-cannaby.com\/wp-content\/uploads\/2022\/10\/tick-mark-ok-305245-300x278.png\" alt=\"tick, mark, ok-305245.jpg\" width=\"16\" height=\"15\" srcset=\"https:\/\/si-cannaby.com\/wp-content\/uploads\/2022\/10\/tick-mark-ok-305245-300x300.png 300w, https:\/\/si-cannaby.com\/wp-content\/uploads\/2022\/10\/tick-mark-ok-305245-1024x949.png 1024w, https:\/\/si-cannaby.com\/wp-content\/uploads\/2022\/10\/tick-mark-ok-305245-150x150.png 150w, https:\/\/si-cannaby.com\/wp-content\/uploads\/2022\/10\/tick-mark-ok-305245-768x712.png 768w, https:\/\/si-cannaby.com\/wp-content\/uploads\/2022\/10\/tick-mark-ok-305245-600x556.png 600w, https:\/\/si-cannaby.com\/wp-content\/uploads\/2022\/10\/tick-mark-ok-305245-100x100.png 100w, https:\/\/si-cannaby.com\/wp-content\/uploads\/2022\/10\/tick-mark-ok-305245.png 1280w\" sizes=\"(max-width: 16px) 100vw, 16px\" \/><\/a><\/p>","protected":false},"excerpt":{"rendered":"<p>Prirodna mast od konoplje za cijelo tijelo.<\/p>\n<p>\u2013 100% prirodni proizvod,<\/p>\n<p>&#8211; 2 % CBD<\/p>\n<p>\u2013 NIJE testirano na \u017eivotinjama,<\/p>\n<p>\u2013 BEZ GMO-a,<\/p>\n<p>Manje od 0,2 THC u proizvodu.<\/p>\n<p>\u010cuvati na tamnom i hladnom mjestu!<\/p>\n<p>Bez umjetnih boja, aroma, konzervansa, mineralnih ulja, silikona, mikroplastike, nano\u010destica i parfema.<\/p>","protected":false},"featured_media":9381,"comment_status":"open","ping_status":"closed","template":"","meta":{"site-sidebar-layout":"default","site-content-layout":"default","ast-site-content-layout":"default","site-content-style":"default","site-sidebar-style":"default","ast-global-header-display":"","ast-banner-title-visibility":"","ast-main-header-display":"","ast-hfb-above-header-display":"","ast-hfb-below-header-display":"","ast-hfb-mobile-header-display":"","site-post-title":"","ast-breadcrumbs-content":"","ast-featured-img":"","footer-sml-layout":"","ast-disable-related-posts":"","theme-transparent-header-meta":"default","adv-header-id-meta":"","stick-header-meta":"","header-above-stick-meta":"","header-main-stick-meta":"","header-below-stick-meta":"","astra-migrate-meta-layouts":"set","ast-page-background-enabled":"default","ast-page-background-meta":{"desktop":{"background-color":"","background-image":"","background-repeat":"repeat","background-position":"center center","background-size":"auto","background-attachment":"scroll","background-type":"","background-media":"","overlay-type":"","overlay-color":"","overlay-opacity":"","overlay-gradient":""},"tablet":{"background-color":"","background-image":"","background-repeat":"repeat","background-position":"center center","background-size":"auto","background-attachment":"scroll","background-type":"","background-media":"","overlay-type":"","overlay-color":"","overlay-opacity":"","overlay-gradient":""},"mobile":{"background-color":"","background-image":"","background-repeat":"repeat","background-position":"center center","background-size":"auto","background-attachment":"scroll","background-type":"","background-media":"","overlay-type":"","overlay-color":"","overlay-opacity":"","overlay-gradient":""}},"ast-content-background-meta":{"desktop":{"background-color":"var(--ast-global-color-5)","background-image":"","background-repeat":"repeat","background-position":"center center","background-size":"auto","background-attachment":"scroll","background-type":"","background-media":"","overlay-type":"","overlay-color":"","overlay-opacity":"","overlay-gradient":""},"tablet":{"background-color":"var(--ast-global-color-5)","background-image":"","background-repeat":"repeat","background-position":"center center","background-size":"auto","background-attachment":"scroll","background-type":"","background-media":"","overlay-type":"","overlay-color":"","overlay-opacity":"","overlay-gradient":""},"mobile":{"background-color":"var(--ast-global-color-5)","background-image":"","background-repeat":"repeat","background-position":"center center","background-size":"auto","background-attachment":"scroll","background-type":"","background-media":"","overlay-type":"","overlay-color":"","overlay-opacity":"","overlay-gradient":""}}},"product_brand":[],"product_cat":[15],"product_tag":[],"class_list":{"0":"post-5832","1":"product","2":"type-product","3":"status-publish","4":"has-post-thumbnail","6":"product_cat-izdelki-iz-konoplje","7":"desktop-align-left","8":"tablet-align-left","9":"mobile-align-left","11":"first","12":"instock","13":"sale","14":"taxable","15":"shipping-taxable","16":"purchasable","17":"product-type-simple"},"yoast_head":"<!-- This site is optimized with the Yoast SEO plugin v27.4 - https:\/\/yoast.com\/product\/yoast-seo-wordpress\/ -->\n<title>Naravno CBD mazilo 50ml - Spletna trgovina s CBD izdelki - SI CANNABY<\/title>\n<meta name=\"description\" content=\"Naravno CBD mazilo 50ml - premium kozmeti\u010dni izdelek z naravnim CBD-jem, brez sinteti\u010dnih dodatkov. Primerno za vse tipe ko\u017ee. Izberite naravno re\u0161itev za hidratacijo in skrb za va\u0161o ko\u017eo. Naravno, u\u010dinkovito, zaupanja vredno!\" \/>\n<meta name=\"robots\" content=\"index, follow, max-snippet:-1, max-image-preview:large, max-video-preview:-1\" \/>\n<link rel=\"canonical\" href=\"https:\/\/si-cannaby.com\/hr\/proizvod\/konopljino-cbd-mazilo-50ml\/\" \/>\n<meta property=\"og:locale\" content=\"hr_HR\" \/>\n<meta property=\"og:type\" content=\"article\" \/>\n<meta property=\"og:title\" content=\"Naravno CBD mazilo 50ml - Spletna trgovina s CBD izdelki - SI CANNABY\" \/>\n<meta property=\"og:description\" content=\"Naravno CBD mazilo 50ml - premium kozmeti\u010dni izdelek z naravnim CBD-jem, brez sinteti\u010dnih dodatkov. Primerno za vse tipe ko\u017ee. Izberite naravno re\u0161itev za hidratacijo in skrb za va\u0161o ko\u017eo. Naravno, u\u010dinkovito, zaupanja vredno!\" \/>\n<meta property=\"og:url\" content=\"https:\/\/si-cannaby.com\/hr\/proizvod\/konopljino-cbd-mazilo-50ml\/\" \/>\n<meta property=\"og:site_name\" content=\"Spletna trgovina s CBD izdelki - SI CANNABY\" \/>\n<meta property=\"article:publisher\" content=\"https:\/\/www.facebook.com\/people\/SI-cannaby\/100064213053948\/\" \/>\n<meta property=\"article:modified_time\" content=\"2026-04-01T16:37:44+00:00\" \/>\n<meta property=\"og:image\" content=\"https:\/\/si-cannaby.com\/wp-content\/uploads\/2022\/07\/CBD-mazilo-50ml-1.webp\" \/>\n\t<meta property=\"og:image:width\" content=\"1155\" \/>\n\t<meta property=\"og:image:height\" content=\"853\" \/>\n\t<meta property=\"og:image:type\" content=\"image\/webp\" \/>\n<meta name=\"twitter:card\" content=\"summary_large_image\" \/>\n<meta name=\"twitter:label1\" content=\"Procijenjeno vrijeme \u010ditanja\" \/>\n\t<meta name=\"twitter:data1\" content=\"1 minuta\" \/>\n<script type=\"application\/ld+json\" class=\"yoast-schema-graph\">{\"@context\":\"https:\\\/\\\/schema.org\",\"@graph\":[{\"@type\":\"WebPage\",\"@id\":\"https:\\\/\\\/si-cannaby.com\\\/izdelek\\\/konopljino-cbd-mazilo-50ml\\\/\",\"url\":\"https:\\\/\\\/si-cannaby.com\\\/izdelek\\\/konopljino-cbd-mazilo-50ml\\\/\",\"name\":\"Naravno CBD mazilo 50ml - Spletna trgovina s CBD izdelki - SI CANNABY\",\"isPartOf\":{\"@id\":\"https:\\\/\\\/si-cannaby.com\\\/#website\"},\"primaryImageOfPage\":{\"@id\":\"https:\\\/\\\/si-cannaby.com\\\/izdelek\\\/konopljino-cbd-mazilo-50ml\\\/#primaryimage\"},\"image\":{\"@id\":\"https:\\\/\\\/si-cannaby.com\\\/izdelek\\\/konopljino-cbd-mazilo-50ml\\\/#primaryimage\"},\"thumbnailUrl\":\"https:\\\/\\\/si-cannaby.com\\\/wp-content\\\/uploads\\\/2022\\\/07\\\/CBD-mazilo-50ml-1.webp\",\"datePublished\":\"2022-07-21T10:39:50+00:00\",\"dateModified\":\"2026-04-01T16:37:44+00:00\",\"description\":\"Naravno CBD mazilo 50ml - premium kozmeti\u010dni izdelek z naravnim CBD-jem, brez sinteti\u010dnih dodatkov. Primerno za vse tipe ko\u017ee. Izberite naravno re\u0161itev za hidratacijo in skrb za va\u0161o ko\u017eo. Naravno, u\u010dinkovito, zaupanja vredno!\",\"breadcrumb\":{\"@id\":\"https:\\\/\\\/si-cannaby.com\\\/izdelek\\\/konopljino-cbd-mazilo-50ml\\\/#breadcrumb\"},\"inLanguage\":\"hr\",\"potentialAction\":[{\"@type\":\"ReadAction\",\"target\":[\"https:\\\/\\\/si-cannaby.com\\\/izdelek\\\/konopljino-cbd-mazilo-50ml\\\/\"]}]},{\"@type\":\"ImageObject\",\"inLanguage\":\"hr\",\"@id\":\"https:\\\/\\\/si-cannaby.com\\\/izdelek\\\/konopljino-cbd-mazilo-50ml\\\/#primaryimage\",\"url\":\"https:\\\/\\\/si-cannaby.com\\\/wp-content\\\/uploads\\\/2022\\\/07\\\/CBD-mazilo-50ml-1.webp\",\"contentUrl\":\"https:\\\/\\\/si-cannaby.com\\\/wp-content\\\/uploads\\\/2022\\\/07\\\/CBD-mazilo-50ml-1.webp\",\"width\":1155,\"height\":853,\"caption\":\"Mazilo\"},{\"@type\":\"BreadcrumbList\",\"@id\":\"https:\\\/\\\/si-cannaby.com\\\/izdelek\\\/konopljino-cbd-mazilo-50ml\\\/#breadcrumb\",\"itemListElement\":[{\"@type\":\"ListItem\",\"position\":1,\"name\":\"Domov\",\"item\":\"https:\\\/\\\/si-cannaby.com\\\/\"},{\"@type\":\"ListItem\",\"position\":2,\"name\":\"Izdelki\",\"item\":\"https:\\\/\\\/si-cannaby.com\\\/shop\\\/\"},{\"@type\":\"ListItem\",\"position\":3,\"name\":\"Naravno CBD mazilo 50ml\"}]},{\"@type\":\"WebSite\",\"@id\":\"https:\\\/\\\/si-cannaby.com\\\/#website\",\"url\":\"https:\\\/\\\/si-cannaby.com\\\/\",\"name\":\"CBD kapljice in smola - Spletna trgovina\",\"description\":\"\",\"publisher\":{\"@id\":\"https:\\\/\\\/si-cannaby.com\\\/#organization\"},\"alternateName\":\"SI CANNABY\",\"potentialAction\":[{\"@type\":\"SearchAction\",\"target\":{\"@type\":\"EntryPoint\",\"urlTemplate\":\"https:\\\/\\\/si-cannaby.com\\\/?s={search_term_string}\"},\"query-input\":{\"@type\":\"PropertyValueSpecification\",\"valueRequired\":true,\"valueName\":\"search_term_string\"}}],\"inLanguage\":\"hr\"},{\"@type\":\"Organization\",\"@id\":\"https:\\\/\\\/si-cannaby.com\\\/#organization\",\"name\":\"SI CANNABY\",\"alternateName\":\"Spletna prodaja konopljinih CBD izdelkov\",\"url\":\"https:\\\/\\\/si-cannaby.com\\\/\",\"logo\":{\"@type\":\"ImageObject\",\"inLanguage\":\"hr\",\"@id\":\"https:\\\/\\\/si-cannaby.com\\\/#\\\/schema\\\/logo\\\/image\\\/\",\"url\":\"https:\\\/\\\/si-cannaby.com\\\/wp-content\\\/uploads\\\/2022\\\/10\\\/LOGO11-1.webp\",\"contentUrl\":\"https:\\\/\\\/si-cannaby.com\\\/wp-content\\\/uploads\\\/2022\\\/10\\\/LOGO11-1.webp\",\"width\":992,\"height\":198,\"caption\":\"SI CANNABY\"},\"image\":{\"@id\":\"https:\\\/\\\/si-cannaby.com\\\/#\\\/schema\\\/logo\\\/image\\\/\"},\"sameAs\":[\"https:\\\/\\\/www.facebook.com\\\/people\\\/SI-cannaby\\\/100064213053948\\\/\"]}]}<\/script>\n<!-- \/ Yoast SEO plugin. -->","yoast_head_json":{"title":"Naravno CBD mazilo 50ml - Spletna trgovina s CBD izdelki - SI CANNABY","description":"Naravno CBD mazilo 50ml - premium kozmeti\u010dni izdelek z naravnim CBD-jem, brez sinteti\u010dnih dodatkov. Primerno za vse tipe ko\u017ee. Izberite naravno re\u0161itev za hidratacijo in skrb za va\u0161o ko\u017eo. Naravno, u\u010dinkovito, zaupanja vredno!","robots":{"index":"index","follow":"follow","max-snippet":"max-snippet:-1","max-image-preview":"max-image-preview:large","max-video-preview":"max-video-preview:-1"},"canonical":"https:\/\/si-cannaby.com\/hr\/proizvod\/konopljino-cbd-mazilo-50ml\/","og_locale":"hr_HR","og_type":"article","og_title":"Naravno CBD mazilo 50ml - Spletna trgovina s CBD izdelki - SI CANNABY","og_description":"Naravno CBD mazilo 50ml - premium kozmeti\u010dni izdelek z naravnim CBD-jem, brez sinteti\u010dnih dodatkov. Primerno za vse tipe ko\u017ee. Izberite naravno re\u0161itev za hidratacijo in skrb za va\u0161o ko\u017eo. Naravno, u\u010dinkovito, zaupanja vredno!","og_url":"https:\/\/si-cannaby.com\/hr\/proizvod\/konopljino-cbd-mazilo-50ml\/","og_site_name":"Spletna trgovina s CBD izdelki - SI CANNABY","article_publisher":"https:\/\/www.facebook.com\/people\/SI-cannaby\/100064213053948\/","article_modified_time":"2026-04-01T16:37:44+00:00","og_image":[{"width":1155,"height":853,"url":"https:\/\/si-cannaby.com\/wp-content\/uploads\/2022\/07\/CBD-mazilo-50ml-1.webp","type":"image\/webp"}],"twitter_card":"summary_large_image","twitter_misc":{"Procijenjeno vrijeme \u010ditanja":"1 minuta"},"schema":{"@context":"https:\/\/schema.org","@graph":[{"@type":"WebPage","@id":"https:\/\/si-cannaby.com\/izdelek\/konopljino-cbd-mazilo-50ml\/","url":"https:\/\/si-cannaby.com\/izdelek\/konopljino-cbd-mazilo-50ml\/","name":"Naravno CBD mazilo 50ml - Spletna trgovina s CBD izdelki - SI CANNABY","isPartOf":{"@id":"https:\/\/si-cannaby.com\/#website"},"primaryImageOfPage":{"@id":"https:\/\/si-cannaby.com\/izdelek\/konopljino-cbd-mazilo-50ml\/#primaryimage"},"image":{"@id":"https:\/\/si-cannaby.com\/izdelek\/konopljino-cbd-mazilo-50ml\/#primaryimage"},"thumbnailUrl":"https:\/\/si-cannaby.com\/wp-content\/uploads\/2022\/07\/CBD-mazilo-50ml-1.webp","datePublished":"2022-07-21T10:39:50+00:00","dateModified":"2026-04-01T16:37:44+00:00","description":"Naravno CBD mazilo 50ml - premium kozmeti\u010dni izdelek z naravnim CBD-jem, brez sinteti\u010dnih dodatkov. Primerno za vse tipe ko\u017ee. Izberite naravno re\u0161itev za hidratacijo in skrb za va\u0161o ko\u017eo. Naravno, u\u010dinkovito, zaupanja vredno!","breadcrumb":{"@id":"https:\/\/si-cannaby.com\/izdelek\/konopljino-cbd-mazilo-50ml\/#breadcrumb"},"inLanguage":"hr","potentialAction":[{"@type":"ReadAction","target":["https:\/\/si-cannaby.com\/izdelek\/konopljino-cbd-mazilo-50ml\/"]}]},{"@type":"ImageObject","inLanguage":"hr","@id":"https:\/\/si-cannaby.com\/izdelek\/konopljino-cbd-mazilo-50ml\/#primaryimage","url":"https:\/\/si-cannaby.com\/wp-content\/uploads\/2022\/07\/CBD-mazilo-50ml-1.webp","contentUrl":"https:\/\/si-cannaby.com\/wp-content\/uploads\/2022\/07\/CBD-mazilo-50ml-1.webp","width":1155,"height":853,"caption":"Mazilo"},{"@type":"BreadcrumbList","@id":"https:\/\/si-cannaby.com\/izdelek\/konopljino-cbd-mazilo-50ml\/#breadcrumb","itemListElement":[{"@type":"ListItem","position":1,"name":"Domov","item":"https:\/\/si-cannaby.com\/"},{"@type":"ListItem","position":2,"name":"Izdelki","item":"https:\/\/si-cannaby.com\/shop\/"},{"@type":"ListItem","position":3,"name":"Naravno CBD mazilo 50ml"}]},{"@type":"WebSite","@id":"https:\/\/si-cannaby.com\/#website","url":"https:\/\/si-cannaby.com\/","name":"CBD kapljice in smola - Spletna trgovina","description":"","publisher":{"@id":"https:\/\/si-cannaby.com\/#organization"},"alternateName":"SI CANNABY","potentialAction":[{"@type":"SearchAction","target":{"@type":"EntryPoint","urlTemplate":"https:\/\/si-cannaby.com\/?s={search_term_string}"},"query-input":{"@type":"PropertyValueSpecification","valueRequired":true,"valueName":"search_term_string"}}],"inLanguage":"hr"},{"@type":"Organization","@id":"https:\/\/si-cannaby.com\/#organization","name":"SI CANNABY","alternateName":"Spletna prodaja konopljinih CBD izdelkov","url":"https:\/\/si-cannaby.com\/","logo":{"@type":"ImageObject","inLanguage":"hr","@id":"https:\/\/si-cannaby.com\/#\/schema\/logo\/image\/","url":"https:\/\/si-cannaby.com\/wp-content\/uploads\/2022\/10\/LOGO11-1.webp","contentUrl":"https:\/\/si-cannaby.com\/wp-content\/uploads\/2022\/10\/LOGO11-1.webp","width":992,"height":198,"caption":"SI CANNABY"},"image":{"@id":"https:\/\/si-cannaby.com\/#\/schema\/logo\/image\/"},"sameAs":["https:\/\/www.facebook.com\/people\/SI-cannaby\/100064213053948\/"]}]}},"_links":{"self":[{"href":"https:\/\/si-cannaby.com\/hr\/wp-json\/wp\/v2\/product\/5832","targetHints":{"allow":["GET"]}}],"collection":[{"href":"https:\/\/si-cannaby.com\/hr\/wp-json\/wp\/v2\/product"}],"about":[{"href":"https:\/\/si-cannaby.com\/hr\/wp-json\/wp\/v2\/types\/product"}],"replies":[{"embeddable":true,"href":"https:\/\/si-cannaby.com\/hr\/wp-json\/wp\/v2\/comments?post=5832"}],"wp:featuredmedia":[{"embeddable":true,"href":"https:\/\/si-cannaby.com\/hr\/wp-json\/wp\/v2\/media\/9381"}],"wp:attachment":[{"href":"https:\/\/si-cannaby.com\/hr\/wp-json\/wp\/v2\/media?parent=5832"}],"wp:term":[{"taxonomy":"product_brand","embeddable":true,"href":"https:\/\/si-cannaby.com\/hr\/wp-json\/wp\/v2\/product_brand?post=5832"},{"taxonomy":"product_cat","embeddable":true,"href":"https:\/\/si-cannaby.com\/hr\/wp-json\/wp\/v2\/product_cat?post=5832"},{"taxonomy":"product_tag","embeddable":true,"href":"https:\/\/si-cannaby.com\/hr\/wp-json\/wp\/v2\/product_tag?post=5832"}],"curies":[{"name":"wp","href":"https:\/\/api.w.org\/{rel}","templated":true}]}}